{"id":160147,"date":"2025-12-19T01:00:58","date_gmt":"2025-12-18T22:00:58","guid":{"rendered":"https:\/\/baldumarket.lt\/product\/szafka-kuchenna-dolna-1d1s-d40s1-p-l-uchwyt-klasyczny-langen-artisan\/"},"modified":"2026-02-18T11:27:19","modified_gmt":"2026-02-18T08:27:19","slug":"szafka-kuchenna-dolna-1d1s-d40s1-p-l-uchwyt-klasyczny-langen-artisan","status":"publish","type":"product","link":"https:\/\/baldumarket.lt\/lt\/product\/szafka-kuchenna-dolna-1d1s-d40s1-p-l-uchwyt-klasyczny-langen-artisan\/","title":{"rendered":"Apatin\u0117 virtuv\u0117s spintel\u0117 1D1S D40S1 P\/L Klasikin\u0117 rankena Langen Artisan"},"content":{"rendered":"<p>Atraskite tobul\u0105 stiliaus ir funkcionalumo harmonij\u0105 su m\u016bs\u0173 \u201eLangen Artisan Base\u201c virtuv\u0117s spintele. Unikalus \u201eArtisan Oak\u201c dizainas puikiai perteikia nat\u016bralios medienos \u0161ilum\u0105 ir elegancij\u0105, sukurdamas jauki\u0105 atmosfer\u0105 bet kurioje virtuv\u0117je. Klasikin\u0117s juodos ranken\u0117l\u0117s suteikia \u0161iam baldui modernumo ir tradicij\u0173 derin\u012f, tod\u0117l jis lengvai \u012fsilieja \u012f \u012fvairius interjero dizainus. Ar vertinate prakti\u0161kum\u0105 kasdieniame naudojime? \u201eLangen Artisan Base\u201c virtuv\u0117s spintel\u0117 \u2013 kruop\u0161\u010diai apgalvotas sprendimas, kuris tiks bet kurioje virtuv\u0117je. Sukurta atsi\u017evelgiant \u012f maksimal\u0173 komfort\u0105, ji pasi\u017eymi ne tik estetiniu patrauklumu, bet ir i\u0161skirtiniu patvarumu. Laminuota plok\u0161t\u0117, i\u0161 kurios ji pagaminta, yra atspari pa\u017eeidimams, garantuojanti ilgalaik\u012f pasitenkinim\u0105. Reguliuojamos kojel\u0117s leid\u017eia reguliuoti auk\u0161t\u012f nuo 10 cm iki 12,5 cm, u\u017etikrinant stabilum\u0105 net ant nelygi\u0173 pavir\u0161i\u0173 ir leid\u017eiant baldui puikiai tilpti \u012f j\u016bs\u0173 virtuv\u0119. Tai u\u017etikrina, kad j\u016bs\u0173 poreikiai bus visi\u0161kai patenkinti, nepriklausomai nuo interjero dizaino.<\/p>","protected":false},"excerpt":{"rendered":"<p>Plotis (cm): 40<br \/>\n\u016agis (cm): 82<br \/>\nGylis (cm): 47<\/p>","protected":false},"featured_media":160148,"comment_status":"open","ping_status":"open","template":"","meta":[],"product_brand":[],"product_cat":[9442,4106],"product_tag":[],"class_list":{"0":"post-160147","1":"product","2":"type-product","3":"status-publish","4":"has-post-thumbnail","6":"product_cat-kitchen-system-langen-dab-artisan","7":"product_cat-gala-meble","9":"first","10":"instock","11":"purchasable","12":"product-type-simple"},"_links":{"self":[{"href":"https:\/\/baldumarket.lt\/lt\/wp-json\/wp\/v2\/product\/160147","targetHints":{"allow":["GET"]}}],"collection":[{"href":"https:\/\/baldumarket.lt\/lt\/wp-json\/wp\/v2\/product"}],"about":[{"href":"https:\/\/baldumarket.lt\/lt\/wp-json\/wp\/v2\/types\/product"}],"replies":[{"embeddable":true,"href":"https:\/\/baldumarket.lt\/lt\/wp-json\/wp\/v2\/comments?post=160147"}],"wp:featuredmedia":[{"embeddable":true,"href":"https:\/\/baldumarket.lt\/lt\/wp-json\/wp\/v2\/media\/160148"}],"wp:attachment":[{"href":"https:\/\/baldumarket.lt\/lt\/wp-json\/wp\/v2\/media?parent=160147"}],"wp:term":[{"taxonomy":"product_brand","embeddable":true,"href":"https:\/\/baldumarket.lt\/lt\/wp-json\/wp\/v2\/product_brand?post=160147"},{"taxonomy":"product_cat","embeddable":true,"href":"https:\/\/baldumarket.lt\/lt\/wp-json\/wp\/v2\/product_cat?post=160147"},{"taxonomy":"product_tag","embeddable":true,"href":"https:\/\/baldumarket.lt\/lt\/wp-json\/wp\/v2\/product_tag?post=160147"}],"curies":[{"name":"wp","href":"https:\/\/api.w.org\/{rel}","templated":true}]}}