{"id":160141,"date":"2025-12-19T01:00:46","date_gmt":"2025-12-18T22:00:46","guid":{"rendered":"https:\/\/baldumarket.lt\/product\/szafka-kuchenna-dolna-1d1s-d40s1-p-l-uchwyt-klasyczny-langen-beige\/"},"modified":"2026-02-18T11:27:19","modified_gmt":"2026-02-18T08:27:19","slug":"szafka-kuchenna-dolna-1d1s-d40s1-p-l-uchwyt-klasyczny-langen-beige","status":"publish","type":"product","link":"https:\/\/baldumarket.lt\/lt\/product\/szafka-kuchenna-dolna-1d1s-d40s1-p-l-uchwyt-klasyczny-langen-beige\/","title":{"rendered":"Apatin\u0117 virtuv\u0117s spintel\u0117 1D1S D40S1 P\/L Klasikin\u0117 rankena Langen sm\u0117lio spalvos"},"content":{"rendered":"<p>\u201eLangen Beige\u201c virtuv\u0117s spintel\u0117 i\u0161 \u201eGa\u0142a Meble\u201c kolekcijos yra nepakei\u010diamas bet kurios modernios virtuv\u0117s elementas. Subtilus, matinis sm\u0117lio spalvos priekis suteikia interjerui elegancijos ir harmonijos, skland\u017eiai dera su \u012fvairiais interjero stiliais. Apdaila yra ne tik estetinis pasirinkimas, bet ir prakti\u0161kas sprendimas, lengvai atlaikantis kasdien\u012f naudojim\u0105. \u201eArtisan Oak\u201c korpuso spalva suteikia kambariui \u0161ilumos ir nat\u016bralaus \u017eavesio, sukurdama jauki\u0105 atmosfer\u0105. Tai puikus mading\u0173 spalv\u0173 derinys, spinduliuojantis nesenstant\u012f stili\u0173. Spintel\u0117 gali b\u016bti virtuv\u0117s dizaino akcentu arba diskreti\u0161kai \u012fsilieti \u012f erdv\u0119, pabr\u0117\u017edama kit\u0173 bald\u0173 stili\u0173. \u0160ios spintel\u0117s funkcionalumas akivaizdus jos i\u0161maniame dizaine, leid\u017eian\u010diame efektyviai laikyti kasdienius reikmenis. Prakti\u0161kos rankenos, pagamintos i\u0161 patvaraus juodo metalo, suteikia modernumo, o reguliuojamos kojel\u0117s (nuo 10 cm iki 12,5 cm) u\u017etikrina stabilum\u0105 ant bet kokio pavir\u0161iaus, kartu palengvindamos valym\u0105 ir higien\u0105 po spintel\u0117mis.<\/p>","protected":false},"excerpt":{"rendered":"<p>Plotis (cm): 40<br \/>\n\u016agis (cm): 82<br \/>\nGylis (cm): 47<\/p>","protected":false},"featured_media":160142,"comment_status":"open","ping_status":"open","template":"","meta":[],"product_brand":[],"product_cat":[9442,4106],"product_tag":[],"class_list":{"0":"post-160141","1":"product","2":"type-product","3":"status-publish","4":"has-post-thumbnail","6":"product_cat-kitchen-system-langen-dab-artisan","7":"product_cat-gala-meble","9":"first","10":"instock","11":"purchasable","12":"product-type-simple"},"_links":{"self":[{"href":"https:\/\/baldumarket.lt\/lt\/wp-json\/wp\/v2\/product\/160141","targetHints":{"allow":["GET"]}}],"collection":[{"href":"https:\/\/baldumarket.lt\/lt\/wp-json\/wp\/v2\/product"}],"about":[{"href":"https:\/\/baldumarket.lt\/lt\/wp-json\/wp\/v2\/types\/product"}],"replies":[{"embeddable":true,"href":"https:\/\/baldumarket.lt\/lt\/wp-json\/wp\/v2\/comments?post=160141"}],"wp:featuredmedia":[{"embeddable":true,"href":"https:\/\/baldumarket.lt\/lt\/wp-json\/wp\/v2\/media\/160142"}],"wp:attachment":[{"href":"https:\/\/baldumarket.lt\/lt\/wp-json\/wp\/v2\/media?parent=160141"}],"wp:term":[{"taxonomy":"product_brand","embeddable":true,"href":"https:\/\/baldumarket.lt\/lt\/wp-json\/wp\/v2\/product_brand?post=160141"},{"taxonomy":"product_cat","embeddable":true,"href":"https:\/\/baldumarket.lt\/lt\/wp-json\/wp\/v2\/product_cat?post=160141"},{"taxonomy":"product_tag","embeddable":true,"href":"https:\/\/baldumarket.lt\/lt\/wp-json\/wp\/v2\/product_tag?post=160141"}],"curies":[{"name":"wp","href":"https:\/\/api.w.org\/{rel}","templated":true}]}}