{"id":160136,"date":"2025-12-19T01:00:35","date_gmt":"2025-12-18T22:00:35","guid":{"rendered":"https:\/\/baldumarket.lt\/product\/szafka-kuchenna-dolna-1d1s-d40s1-p-l-uchwyt-klasyczny-langen-grey\/"},"modified":"2026-02-18T11:27:03","modified_gmt":"2026-02-18T08:27:03","slug":"szafka-kuchenna-dolna-1d1s-d40s1-p-l-uchwyt-klasyczny-langen-grey","status":"publish","type":"product","link":"https:\/\/baldumarket.lt\/lt\/product\/szafka-kuchenna-dolna-1d1s-d40s1-p-l-uchwyt-klasyczny-langen-grey\/","title":{"rendered":"Apatin\u0117 virtuv\u0117s spintel\u0117 1D1S D40S1 P\/L Klasikin\u0117 rankena Langen pilka"},"content":{"rendered":"<p>I\u0161ry\u0161kinkite tobul\u0105 stilingo dizaino ir funkcionalumo pusiausvyr\u0105 savo virtuv\u0117je su \u201eLangen Grey\u201c apatine spintele. Jos rafinuota matin\u0117 pilka spalva harmoningai papildo kaimi\u0161k\u0105 \u201eArtisan Oak\u201c korpuso apdail\u0105, sukurdama unikal\u0173 modernumo ir tradicij\u0173 derin\u012f. Tai puikus pasirinkimas tiems, kurie vertina subtilius, ta\u010diau ry\u0161kius akcentus savo virtuv\u0117s erdv\u0117je. \u201eLangen Grey\u201c spintel\u0117 ne tik traukia d\u0117mes\u012f savo eleganti\u0161ka i\u0161vaizda, bet, svarbiausia, si\u016blo prakti\u0161kum\u0105 kasdieniam naudojimui. Kruop\u0161\u010diai pagaminta i\u0161 atsparaus pa\u017eeidimams MDF ir laminato, ji u\u017etikrina esmin\u012f patvarum\u0105 ir tvirtum\u0105. Reguliuojamos kojel\u0117s leid\u017eia puikiai tikti bet kurioje virtuv\u0117je, garantuojant maksimal\u0173 stabilum\u0105 net ant nelygi\u0173 pavir\u0161i\u0173. Klasikin\u0117 juoda metalin\u0117 rankena suteikia spintelei papildomo \u017eavesio, pabr\u0117\u017eia jos modern\u0173 charakter\u012f ir u\u017etikrina paprast\u0105 naudojim\u0105. Savaime u\u017esidarantys vidiniai b\u0117geliai padidina komfort\u0105, tod\u0117l kiekviena akimirka, praleista virtuv\u0117je, yra grynas malonumas. \u0160is funkcionalumas taupo laik\u0105 ir supaprastina kasdienes u\u017eduotis.<\/p>","protected":false},"excerpt":{"rendered":"<p>Plotis (cm): 40<br \/>\n\u016agis (cm): 82<br \/>\nGylis (cm): 47<\/p>","protected":false},"featured_media":160137,"comment_status":"open","ping_status":"open","template":"","meta":[],"product_brand":[],"product_cat":[9442,4106],"product_tag":[],"class_list":{"0":"post-160136","1":"product","2":"type-product","3":"status-publish","4":"has-post-thumbnail","6":"product_cat-kitchen-system-langen-dab-artisan","7":"product_cat-gala-meble","9":"first","10":"instock","11":"purchasable","12":"product-type-simple"},"_links":{"self":[{"href":"https:\/\/baldumarket.lt\/lt\/wp-json\/wp\/v2\/product\/160136","targetHints":{"allow":["GET"]}}],"collection":[{"href":"https:\/\/baldumarket.lt\/lt\/wp-json\/wp\/v2\/product"}],"about":[{"href":"https:\/\/baldumarket.lt\/lt\/wp-json\/wp\/v2\/types\/product"}],"replies":[{"embeddable":true,"href":"https:\/\/baldumarket.lt\/lt\/wp-json\/wp\/v2\/comments?post=160136"}],"wp:featuredmedia":[{"embeddable":true,"href":"https:\/\/baldumarket.lt\/lt\/wp-json\/wp\/v2\/media\/160137"}],"wp:attachment":[{"href":"https:\/\/baldumarket.lt\/lt\/wp-json\/wp\/v2\/media?parent=160136"}],"wp:term":[{"taxonomy":"product_brand","embeddable":true,"href":"https:\/\/baldumarket.lt\/lt\/wp-json\/wp\/v2\/product_brand?post=160136"},{"taxonomy":"product_cat","embeddable":true,"href":"https:\/\/baldumarket.lt\/lt\/wp-json\/wp\/v2\/product_cat?post=160136"},{"taxonomy":"product_tag","embeddable":true,"href":"https:\/\/baldumarket.lt\/lt\/wp-json\/wp\/v2\/product_tag?post=160136"}],"curies":[{"name":"wp","href":"https:\/\/api.w.org\/{rel}","templated":true}]}}