{"id":160132,"date":"2025-12-19T01:00:28","date_gmt":"2025-12-18T22:00:28","guid":{"rendered":"https:\/\/baldumarket.lt\/product\/szafka-kuchenna-dolna-1d1s-d40s1-p-aspen-white-bialy-polysk\/"},"modified":"2026-02-06T13:20:11","modified_gmt":"2026-02-06T10:20:11","slug":"szafka-kuchenna-dolna-1d1s-d40s1-p-aspen-white-bialy-polysk","status":"publish","type":"product","link":"https:\/\/baldumarket.lt\/lt\/product\/szafka-kuchenna-dolna-1d1s-d40s1-p-aspen-white-bialy-polysk\/","title":{"rendered":"Apatin\u0117 virtuv\u0117s spintel\u0117 1D1S D40S1-P Drebul\u0117s balta blizgi balta"},"content":{"rendered":"<p>Sveiki atvyk\u0119 \u012f elegancijos ir funkcionalumo pasaul\u012f su m\u016bs\u0173 \u201eAspen White\u201c virtuv\u0117s spintele i\u0161 \u201eGa\u0142a Meble\u201c. \u0160is baldas \u2013 tai modernaus dizaino kvintesencija, tikrai patrauksianti kiekvieno, pama\u010diusio j\u016bs\u0173 virtuv\u0119, ak\u012f. Spintel\u0117, padengta nuostabia balta blizgia spalva, bet kuriai erdvei suteikia prabangos ir gaivumo. Subtili, minimalistin\u0117 forma puikiai dera prie dabartini\u0173 interjero dizaino tendencij\u0173 ir tampa svajoni\u0173 elementu bet kurioje modernioje virtuv\u0117je.<\/p>\n<p>Tyrin\u0117dami praktin\u012f jos pritaikym\u0105, pasteb\u0117site, kad \u0161i spintel\u0117 yra ne tik esteti\u0161kai patraukli, bet ir i\u0161skirtinai funkcionali. D\u0117l kompakti\u0161k\u0173 40 cm plo\u010dio, 82 cm auk\u0161\u010dio ir 47 cm gylio matmen\u0173 ji puikiai telpa net ma\u017eesn\u0117se erdv\u0117se. Spintel\u0117 yra puikus daikt\u0173 laikymo sprendimas, leid\u017eiantis sutvarkyti priedus ir virtuv\u0117s nieku\u010dius, tod\u0117l kasdienis maisto gaminimas tampa daug lengvesnis.<\/p>\n<p>Verta pamin\u0117ti, kad \u201eAspen White\u201c spintel\u0117 yra puikus dizaino ir naudojimo paprastumo harmonijos pavyzdys. Patikimi vyriai ir savaime u\u017esidarantys b\u0117geliai bei reguliuojamo auk\u0161\u010dio kojel\u0117s (10 cm\u201312,5 cm) garantuoja skland\u0173 ir lengv\u0105 atidarym\u0105, kartu u\u017etikrindamos visos konstrukcijos stabilum\u0105 ir ilgaam\u017ei\u0161kum\u0105. Tai paver\u010dia kiekvien\u0105 virtuv\u0117s veikl\u0105 malonumu.<\/p>\n<p>Pasirinkdami \u0161i\u0105 spintel\u0119, investuojate \u012f kokyb\u0119, kuri patenkins net ir reikliausius vartotojus. Matin\u0117s baltos spalvos korpusas ir blizgus priekis sukuria darni\u0105 visum\u0105, spinduliuojan\u010di\u0105 grynumu ir harmonija. Jos stilius ne tik pagerina j\u016bs\u0173 virtuv\u0117s estetik\u0105, bet ir suteikia modernumo. Pasirinkite surinkti j\u0105 patys ir m\u0117gaukit\u0117s pasitenkinimu pasiekus tobul\u0105 galutin\u012f rezultat\u0105, be specialist\u0173 pagalbos.<\/p>","protected":false},"excerpt":{"rendered":"<p>Plotis (cm): 40<br \/>\n\u016agis (cm): 82<br \/>\nGylis (cm): 47<\/p>","protected":false},"featured_media":160133,"comment_status":"open","ping_status":"open","template":"","meta":[],"product_brand":[],"product_cat":[9445,4106,9118],"product_tag":[],"class_list":{"0":"post-160132","1":"product","2":"type-product","3":"status-publish","4":"has-post-thumbnail","6":"product_cat-kitchen-system-aspen-white","7":"product_cat-gala-meble","8":"product_cat-kitchen-cabinets","10":"first","11":"instock","12":"purchasable","13":"product-type-simple"},"_links":{"self":[{"href":"https:\/\/baldumarket.lt\/lt\/wp-json\/wp\/v2\/product\/160132","targetHints":{"allow":["GET"]}}],"collection":[{"href":"https:\/\/baldumarket.lt\/lt\/wp-json\/wp\/v2\/product"}],"about":[{"href":"https:\/\/baldumarket.lt\/lt\/wp-json\/wp\/v2\/types\/product"}],"replies":[{"embeddable":true,"href":"https:\/\/baldumarket.lt\/lt\/wp-json\/wp\/v2\/comments?post=160132"}],"wp:featuredmedia":[{"embeddable":true,"href":"https:\/\/baldumarket.lt\/lt\/wp-json\/wp\/v2\/media\/160133"}],"wp:attachment":[{"href":"https:\/\/baldumarket.lt\/lt\/wp-json\/wp\/v2\/media?parent=160132"}],"wp:term":[{"taxonomy":"product_brand","embeddable":true,"href":"https:\/\/baldumarket.lt\/lt\/wp-json\/wp\/v2\/product_brand?post=160132"},{"taxonomy":"product_cat","embeddable":true,"href":"https:\/\/baldumarket.lt\/lt\/wp-json\/wp\/v2\/product_cat?post=160132"},{"taxonomy":"product_tag","embeddable":true,"href":"https:\/\/baldumarket.lt\/lt\/wp-json\/wp\/v2\/product_tag?post=160132"}],"curies":[{"name":"wp","href":"https:\/\/api.w.org\/{rel}","templated":true}]}}