{"id":160127,"date":"2025-12-19T01:00:18","date_gmt":"2025-12-18T22:00:18","guid":{"rendered":"https:\/\/baldumarket.lt\/product\/szafka-kuchenna-dolna-1d1s-d60s1-aspen-grey-szary-polysk\/"},"modified":"2026-02-08T10:19:36","modified_gmt":"2026-02-08T07:19:36","slug":"szafka-kuchenna-dolna-1d1s-d60s1-aspen-grey-szary-polysk","status":"publish","type":"product","link":"https:\/\/baldumarket.lt\/lt\/product\/szafka-kuchenna-dolna-1d1s-d60s1-aspen-grey-szary-polysk\/","title":{"rendered":"Apatin\u0117 virtuv\u0117s spintel\u0117 1D1S D60S1, drebul\u0117s pilkumo blizgesys"},"content":{"rendered":"<p>Eleganti\u0161ka apatin\u0117 virtuv\u0117s spintel\u0117 D60S1 i\u0161 \u201eAspen Grey\u201c kolekcijos, priklausanti garsiam \u201eGa\u0142a Meble\u201c prek\u0117s \u017eenklui, yra tikras \u0161iuolaikinio dizaino perlas, puikiai papildantis bet kuri\u0105 moderni\u0105 virtuv\u0119. Stilingi, blizg\u016bs pilki fasadai harmoningai kontrastuoja su matin\u0117s baltos spalvos korpusu, sukurdami ry\u0161ki\u0105, ta\u010diau subtili\u0105 kompozicij\u0105, kuri d\u017eiugina ak\u012f. Svarbiausias \u0161ios spintel\u0117s privalumas \u2013 funkcionalumas, pritaikytas \u0161iuolaikini\u0173 vartotoj\u0173 poreikiams. \u012erengta prakti\u0161ku stal\u010diumi ir erdvia lentyna, ji suteikia daug vietos \u012fvairiems virtuv\u0117s priedams laikyti. Tai u\u017etikrina, kad kiekvienas daiktas tur\u0117t\u0173 savo viet\u0105, ir padeda palaikyti tvark\u0105 j\u016bs\u0173 virtuv\u0117je. Kasdien naudodami tikrai \u012fvertinsite komfort\u0105 ir patogum\u0105, kur\u012f suteikia modern\u016bs vyriai ir savaime u\u017esidarantys b\u0117geliai, u\u017etikrinantys skland\u0173 ir tyl\u0173 u\u017edarym\u0105. \u0160ios savyb\u0117s padidina ne tik spintel\u0117s prakti\u0161kum\u0105, bet ir naudojimo komfort\u0105, kuris virtuv\u0117je yra labai svarbus.<\/p>","protected":false},"excerpt":{"rendered":"<p>Plotis (cm): 60<br \/>\n\u016agis (cm): 82<br \/>\nGylis (cm): 47<\/p>","protected":false},"featured_media":160128,"comment_status":"open","ping_status":"open","template":"","meta":[],"product_brand":[],"product_cat":[9451,4106,9118],"product_tag":[],"class_list":{"0":"post-160127","1":"product","2":"type-product","3":"status-publish","4":"has-post-thumbnail","6":"product_cat-kitchen-system-aspen-grey","7":"product_cat-gala-meble","8":"product_cat-kitchen-cabinets","10":"first","11":"instock","12":"purchasable","13":"product-type-simple"},"_links":{"self":[{"href":"https:\/\/baldumarket.lt\/lt\/wp-json\/wp\/v2\/product\/160127","targetHints":{"allow":["GET"]}}],"collection":[{"href":"https:\/\/baldumarket.lt\/lt\/wp-json\/wp\/v2\/product"}],"about":[{"href":"https:\/\/baldumarket.lt\/lt\/wp-json\/wp\/v2\/types\/product"}],"replies":[{"embeddable":true,"href":"https:\/\/baldumarket.lt\/lt\/wp-json\/wp\/v2\/comments?post=160127"}],"wp:featuredmedia":[{"embeddable":true,"href":"https:\/\/baldumarket.lt\/lt\/wp-json\/wp\/v2\/media\/160128"}],"wp:attachment":[{"href":"https:\/\/baldumarket.lt\/lt\/wp-json\/wp\/v2\/media?parent=160127"}],"wp:term":[{"taxonomy":"product_brand","embeddable":true,"href":"https:\/\/baldumarket.lt\/lt\/wp-json\/wp\/v2\/product_brand?post=160127"},{"taxonomy":"product_cat","embeddable":true,"href":"https:\/\/baldumarket.lt\/lt\/wp-json\/wp\/v2\/product_cat?post=160127"},{"taxonomy":"product_tag","embeddable":true,"href":"https:\/\/baldumarket.lt\/lt\/wp-json\/wp\/v2\/product_tag?post=160127"}],"curies":[{"name":"wp","href":"https:\/\/api.w.org\/{rel}","templated":true}]}}