{"id":160123,"date":"2025-12-19T01:00:11","date_gmt":"2025-12-18T22:00:11","guid":{"rendered":"https:\/\/baldumarket.lt\/product\/szafka-kuchenna-dolna-1d1s-d60s1-aspen-white-bialy-polysk\/"},"modified":"2026-02-18T11:30:50","modified_gmt":"2026-02-18T08:30:50","slug":"szafka-kuchenna-dolna-1d1s-d60s1-aspen-white-bialy-polysk","status":"publish","type":"product","link":"https:\/\/baldumarket.lt\/lt\/product\/szafka-kuchenna-dolna-1d1s-d60s1-aspen-white-bialy-polysk\/","title":{"rendered":"Apatin\u0117 virtuv\u0117s spintel\u0117 1D1S D60S1 Aspen White blizgi balta"},"content":{"rendered":"<p>Pakelkite savo virtuv\u0119 \u012f auk\u0161tesn\u012f elegancijos lyg\u012f su garsaus \u201eGa\u0142a Meble\u201c prek\u0117s \u017eenklo 1D1S D60S1 Aspen White apatine spintele. Dizaine dominuojanti blizgi balta spalva pabr\u0117\u017eia modern\u0173 stili\u0173 ir suteikia interjerui gaivumo bei lengvumo. Tai puikus sprendimas tiems, kurie vertina minimalizm\u0105 ir nori i\u0161laikyti nuosekli\u0105 spalv\u0173 gam\u0105 savo virtuv\u0117je.<\/p>\n<p>\u0160ios spintel\u0117s funkcionalumas \u2013 tai kasdienio patogumo vartai. D\u0117l apgalvoto dizaino ir kompakti\u0161k\u0173 matmen\u0173 ji puikiai tiks net ir ma\u017eesn\u0117ms erdv\u0117ms. Reguliuojamos kojel\u0117s leid\u017eia pritaikyti spintel\u0117s auk\u0161t\u012f prie individuali\u0173 poreiki\u0173, o tai svarbu maksimaliam komfortui.<\/p>\n<p>Blizgus priekis, pagamintas i\u0161 patvarios MDF plok\u0161t\u0117s, spinduliuoja prabanga ir yra lengvai pri\u017ei\u016brimas. Kartu su matin\u0117s baltos spalvos korpusu jis sukuria harmoning\u0105 visum\u0105, kuri puikiai dera tiek su moderniu dizainu, tiek su tradici\u0161kesniu interjeru. Be to, savaime u\u017esidarantys vyriai ir b\u0117geliai u\u017etikrina skland\u0173 ir tyl\u0173 atidarym\u0105 bei u\u017edarym\u0105, o tai ne\u012fkainojama kasdien naudojant.<\/p>\n<p>\u0160ios spintel\u0117s montavimas yra paprasta ir maloni u\u017eduotis, kuri\u0105 galite lengvai atlikti patys. Tokiu b\u016bdu gal\u0117site m\u0117gautis pasitenkinimu, kad patys suk\u016br\u0117te virtuv\u0117s \u012frang\u0105. \u201eAspen White\u201c virtuv\u0117s spintel\u0117 yra puiki investicija, kuri ne tik pagerins j\u016bs\u0173 virtuv\u0117s charakter\u012f, bet ir suteiks unikalaus stiliaus bei funkcionalumo.<\/p>","protected":false},"excerpt":{"rendered":"<p>Plotis (cm): 60<br \/>\n\u016agis (cm): 82<br \/>\nGylis (cm): 47<\/p>","protected":false},"featured_media":160124,"comment_status":"open","ping_status":"open","template":"","meta":[],"product_brand":[],"product_cat":[9445,4106],"product_tag":[],"class_list":{"0":"post-160123","1":"product","2":"type-product","3":"status-publish","4":"has-post-thumbnail","6":"product_cat-kitchen-system-aspen-white","7":"product_cat-gala-meble","9":"first","10":"instock","11":"purchasable","12":"product-type-simple"},"_links":{"self":[{"href":"https:\/\/baldumarket.lt\/lt\/wp-json\/wp\/v2\/product\/160123","targetHints":{"allow":["GET"]}}],"collection":[{"href":"https:\/\/baldumarket.lt\/lt\/wp-json\/wp\/v2\/product"}],"about":[{"href":"https:\/\/baldumarket.lt\/lt\/wp-json\/wp\/v2\/types\/product"}],"replies":[{"embeddable":true,"href":"https:\/\/baldumarket.lt\/lt\/wp-json\/wp\/v2\/comments?post=160123"}],"wp:featuredmedia":[{"embeddable":true,"href":"https:\/\/baldumarket.lt\/lt\/wp-json\/wp\/v2\/media\/160124"}],"wp:attachment":[{"href":"https:\/\/baldumarket.lt\/lt\/wp-json\/wp\/v2\/media?parent=160123"}],"wp:term":[{"taxonomy":"product_brand","embeddable":true,"href":"https:\/\/baldumarket.lt\/lt\/wp-json\/wp\/v2\/product_brand?post=160123"},{"taxonomy":"product_cat","embeddable":true,"href":"https:\/\/baldumarket.lt\/lt\/wp-json\/wp\/v2\/product_cat?post=160123"},{"taxonomy":"product_tag","embeddable":true,"href":"https:\/\/baldumarket.lt\/lt\/wp-json\/wp\/v2\/product_tag?post=160123"}],"curies":[{"name":"wp","href":"https:\/\/api.w.org\/{rel}","templated":true}]}}