{"id":160119,"date":"2025-12-19T01:00:02","date_gmt":"2025-12-18T22:00:02","guid":{"rendered":"https:\/\/baldumarket.lt\/product\/szafka-kuchenna-dolna-1d1s-d60s1-p-l-push-open-langen-artisan\/"},"modified":"2026-02-18T11:27:03","modified_gmt":"2026-02-18T08:27:03","slug":"szafka-kuchenna-dolna-1d1s-d60s1-p-l-push-open-langen-artisan","status":"publish","type":"product","link":"https:\/\/baldumarket.lt\/lt\/product\/szafka-kuchenna-dolna-1d1s-d60s1-p-l-push-open-langen-artisan\/","title":{"rendered":"Apatin\u0117 virtuv\u0117s spintel\u0117 1D1S D60S1 P\/L STOPP OPERA Langen Artisan"},"content":{"rendered":"<p>Pristatome jums \u201eLangen Artisan Base\u201c virtuv\u0117s spintel\u0119 \u2013 tikr\u0105 modernaus dizaino \u0161edevr\u0105. Eleganti\u0161kas stilius ir \u201eArtisan Oak\u201c spalv\u0173 gama puikiai tiks bet kurioje virtuv\u0117je. Subtilus dizainas suteikia spintelei unikalaus charakterio, traukia ak\u012f ir suteikia interjerui \u0161ilumos bei jaukumo.<\/p>\n<p>\u0160i spintel\u0117 \u2013 tobulas estetikos ir funkcionalumo derinys. D\u0117l \u201ePush-to-Open\u201c sistemos ja naudotis tikras malonumas \u2013 vos lengvas paspaudimas durims atidaryti, ranken\u0173 nebereikia, o interjeras \u012fgauna modernumo. Eleganti\u0161ka i\u0161vaizda slepia prakti\u0161kum\u0105, suteikdama eleganti\u0161k\u0105 ir tvarking\u0105 daikt\u0173 laikymo viet\u0105.<\/p>\n<p>Pagaminta i\u0161 patvarios laminuotos plok\u0161t\u0117s, \u201eLangen Artisan\u201c apatin\u0117 spintel\u0117 ne tik atrodo stilingai, bet ir pasi\u017eymi i\u0161skirtiniu atsparumu pa\u017eeidimams. Tod\u0117l tai idealus sprendimas tiems, kurie vertina patvarum\u0105 ir kokybi\u0161k\u0105 meistri\u0161kum\u0105. Reguliuojamos kojel\u0117s (10 cm\u201312,5 cm) leid\u017eia pritaikyti spintel\u0119 prie j\u016bs\u0173 virtuv\u0117s, o tai ne\u012fkainojama esant nelygioms grindims.<\/p>\n<p>Surinkimas yra intuityvus ir patogus naudoti, tod\u0117l taupote laik\u0105 ir galite dar grei\u010diau m\u0117gautis modernia virtuv\u0117s apdaila. Su\u017einokite, kaip \u201eLangen Artisan Base\u201c virtuv\u0117s spintel\u0117 gali tapti ne tik funkcionaliu j\u016bs\u0173 virtuv\u0117s elementu, bet ir traukos centru, pritraukian\u010diu kiekvieno sve\u010dio d\u0117mes\u012f. Rinkit\u0117s kokyb\u0119 ir dizain\u0105, kurie atlaikys laiko i\u0161bandym\u0105.<\/p>","protected":false},"excerpt":{"rendered":"<p>Plotis (cm): 60<br \/>\n\u016agis (cm): 82<br \/>\nGylis (cm): 47<\/p>","protected":false},"featured_media":160120,"comment_status":"open","ping_status":"open","template":"","meta":[],"product_brand":[],"product_cat":[9442,4106],"product_tag":[],"class_list":{"0":"post-160119","1":"product","2":"type-product","3":"status-publish","4":"has-post-thumbnail","6":"product_cat-kitchen-system-langen-dab-artisan","7":"product_cat-gala-meble","9":"first","10":"instock","11":"purchasable","12":"product-type-simple"},"_links":{"self":[{"href":"https:\/\/baldumarket.lt\/lt\/wp-json\/wp\/v2\/product\/160119","targetHints":{"allow":["GET"]}}],"collection":[{"href":"https:\/\/baldumarket.lt\/lt\/wp-json\/wp\/v2\/product"}],"about":[{"href":"https:\/\/baldumarket.lt\/lt\/wp-json\/wp\/v2\/types\/product"}],"replies":[{"embeddable":true,"href":"https:\/\/baldumarket.lt\/lt\/wp-json\/wp\/v2\/comments?post=160119"}],"wp:featuredmedia":[{"embeddable":true,"href":"https:\/\/baldumarket.lt\/lt\/wp-json\/wp\/v2\/media\/160120"}],"wp:attachment":[{"href":"https:\/\/baldumarket.lt\/lt\/wp-json\/wp\/v2\/media?parent=160119"}],"wp:term":[{"taxonomy":"product_brand","embeddable":true,"href":"https:\/\/baldumarket.lt\/lt\/wp-json\/wp\/v2\/product_brand?post=160119"},{"taxonomy":"product_cat","embeddable":true,"href":"https:\/\/baldumarket.lt\/lt\/wp-json\/wp\/v2\/product_cat?post=160119"},{"taxonomy":"product_tag","embeddable":true,"href":"https:\/\/baldumarket.lt\/lt\/wp-json\/wp\/v2\/product_tag?post=160119"}],"curies":[{"name":"wp","href":"https:\/\/api.w.org\/{rel}","templated":true}]}}