{"id":160114,"date":"2025-12-19T00:59:51","date_gmt":"2025-12-18T21:59:51","guid":{"rendered":"https:\/\/baldumarket.lt\/product\/szafka-kuchenna-dolna-1d1s-d60s1-p-l-push-open-langen-beige\/"},"modified":"2026-02-18T11:27:03","modified_gmt":"2026-02-18T08:27:03","slug":"szafka-kuchenna-dolna-1d1s-d60s1-p-l-push-open-langen-beige","status":"publish","type":"product","link":"https:\/\/baldumarket.lt\/lt\/product\/szafka-kuchenna-dolna-1d1s-d60s1-p-l-push-open-langen-beige\/","title":{"rendered":"Apatin\u0117 virtuv\u0117s spintel\u0117 1D1S D60S1 P\/L PUSH OPEN Langen Beige"},"content":{"rendered":"<p>Pristatome \u201eGa\u0142a Meble\u201c apatin\u0119 virtuv\u0117s spintel\u0119 \u201eLangen Beige\u201c \u2013 elegancijos ir modernaus dizaino \u012fsik\u016bnijim\u0105, kuri suteiks j\u016bs\u0173 virtuvei unikalaus charakterio. Matinis sm\u0117lio spalvos fasadas kartu su \u201eArtisan Oak\u201c korpusu yra puikus derinys tiems, kurie ie\u0161ko \u0161ilt\u0173 ir sant\u016bri\u0173 ton\u0173 savo interjere. Subtilus spalv\u0173 derinys sukuria jauki\u0105 atmosfer\u0105, kuri kiekvien\u0105 virtuv\u0117je praleist\u0105 akimirk\u0105 pavers tikru malonumu. \u201eLangen Beige\u201c spintel\u0117 pasi\u017eymi ne tik estetika, bet ir i\u0161skirtiniu funkcionalumu, puikiai integruotu su moderniu dizainu. \u201ePush to Open\u201c atidarymo sistema garantuoja paprast\u0105 naudojim\u0105, leisdama atidaryti fasad\u0105 ir stal\u010di\u0173 nenaudojant ranken\u0173 \u2013 u\u017etenka tik lengvo paspaudimo. \u0160is sprendimas ne\u012fkainojamas kasdieniame gyvenime, kai u\u017eimtos rankos trukdo tradiciniam atidarymui. D\u0117l tiksliai suprojektuotos konstrukcijos ir auk\u0161\u010diausios kokyb\u0117s med\u017eiag\u0173, toki\u0173 kaip MDF fasadams ir laminuotos plok\u0161t\u0117s korpusas, naudojimo \u0161i spintel\u0117 yra steb\u0117tinai patvari ir tvirta. Be to, reguliuojamo auk\u0161\u010dio spintel\u0117s kojel\u0117s (10\u201312,5 cm diapazone) leid\u017eia pritaikyti auk\u0161t\u012f prie kit\u0173 virtuv\u0117s bald\u0173, u\u017etikrinant optimalias naudojimo s\u0105lygas ir lengv\u0105 surinkim\u0105.<\/p>","protected":false},"excerpt":{"rendered":"<p>Plotis (cm): 60<br \/>\n\u016agis (cm): 82<br \/>\nGylis (cm): 47<\/p>","protected":false},"featured_media":160115,"comment_status":"open","ping_status":"open","template":"","meta":[],"product_brand":[],"product_cat":[9442,4106],"product_tag":[],"class_list":{"0":"post-160114","1":"product","2":"type-product","3":"status-publish","4":"has-post-thumbnail","6":"product_cat-kitchen-system-langen-dab-artisan","7":"product_cat-gala-meble","9":"first","10":"instock","11":"purchasable","12":"product-type-simple"},"_links":{"self":[{"href":"https:\/\/baldumarket.lt\/lt\/wp-json\/wp\/v2\/product\/160114","targetHints":{"allow":["GET"]}}],"collection":[{"href":"https:\/\/baldumarket.lt\/lt\/wp-json\/wp\/v2\/product"}],"about":[{"href":"https:\/\/baldumarket.lt\/lt\/wp-json\/wp\/v2\/types\/product"}],"replies":[{"embeddable":true,"href":"https:\/\/baldumarket.lt\/lt\/wp-json\/wp\/v2\/comments?post=160114"}],"wp:featuredmedia":[{"embeddable":true,"href":"https:\/\/baldumarket.lt\/lt\/wp-json\/wp\/v2\/media\/160115"}],"wp:attachment":[{"href":"https:\/\/baldumarket.lt\/lt\/wp-json\/wp\/v2\/media?parent=160114"}],"wp:term":[{"taxonomy":"product_brand","embeddable":true,"href":"https:\/\/baldumarket.lt\/lt\/wp-json\/wp\/v2\/product_brand?post=160114"},{"taxonomy":"product_cat","embeddable":true,"href":"https:\/\/baldumarket.lt\/lt\/wp-json\/wp\/v2\/product_cat?post=160114"},{"taxonomy":"product_tag","embeddable":true,"href":"https:\/\/baldumarket.lt\/lt\/wp-json\/wp\/v2\/product_tag?post=160114"}],"curies":[{"name":"wp","href":"https:\/\/api.w.org\/{rel}","templated":true}]}}