{"id":160110,"date":"2025-12-19T00:59:44","date_gmt":"2025-12-18T21:59:44","guid":{"rendered":"https:\/\/baldumarket.lt\/product\/szafka-kuchenna-dolna-1d1s-d60s1-p-l-push-open-langen-grey\/"},"modified":"2026-02-18T11:27:03","modified_gmt":"2026-02-18T08:27:03","slug":"szafka-kuchenna-dolna-1d1s-d60s1-p-l-push-open-langen-grey","status":"publish","type":"product","link":"https:\/\/baldumarket.lt\/lt\/product\/szafka-kuchenna-dolna-1d1s-d60s1-p-l-push-open-langen-grey\/","title":{"rendered":"Apatin\u0117 virtuv\u0117s spintel\u0117 1D1S D60S1 P\/L PUSH OPEN Langen pilka"},"content":{"rendered":"<p>Atraskite moderni\u0105 elegancij\u0105 su \u201eGa\u0142a Meble\u201c \u201eLangen Grey\u201c virtuv\u0117s spintele. Stilingas matin\u0117s pilkos spalvos priekin\u0117s dalies ir \u201eArtisan Oak\u201c korpuso derinys j\u016bs\u0173 virtuvei suteikia sant\u016bri\u0105, ta\u010diau rafinuot\u0105 atmosfer\u0105. Tai puikus sprendimas tiems, kurie vertina ir estetik\u0105, ir funkcionalum\u0105, sukurdami darni\u0105 visum\u0105 su kitais baldais.<\/p>\n<p>\u0160ios spintel\u0117s prakti\u0161kumas slypi ne tik vizualiame patrauklume. Atidarymo spustel\u0117jus sistema leid\u017eia greitai atidaryti ir u\u017edaryti spintel\u0119 be ranken\u0117li\u0173, tod\u0117l kasdienis naudojimas yra lengvesnis, ypa\u010d kai rankos u\u017eimtos. Reguliuojamos kojel\u0117s (10 cm\u201312,5 cm) suteikia kiekvienai virtuvei ne tik papildomos erdv\u0117s, bet ir funkcionalumo, puikiai pritaikyto j\u016bs\u0173 poreikiams.<\/p>\n<p>Pagaminta i\u0161 atsparaus pa\u017eeidimams laminato ir MDF, \u201eLangen Grey\u201c spintel\u0117 sujungia patvarum\u0105 ir estetin\u012f patrauklum\u0105. Tvirtos med\u017eiagos garantuoja, kad \u0161is baldas d\u017eiugins savo kokybe ir i\u0161vaizda ilgus metus. Be to, savaranki\u0161ko surinkimo galimyb\u0117 leid\u017eia lengvai ir patogiai pritaikyti spintel\u0119 prie unikalaus virtuv\u0117s stiliaus.<\/p>\n<p>Jei ie\u0161kote baldo, kuris harmoningai der\u0117t\u0173 prie modernaus interjero ir derint\u0173 stili\u0173 su prakti\u0161kumu, \u201eLangen Grey\u201c apatin\u0117 spintel\u0117 yra pasirinkimas, d\u0117l kurio nesigail\u0117site. Suteikite savo virtuvei nauj\u0105 dimensij\u0105, visi\u0161kai pritaikyt\u0105 j\u016bs\u0173 nam\u0173 gyvenimo poreikiams.<\/p>","protected":false},"excerpt":{"rendered":"<p>Plotis (cm): 60<br \/>\n\u016agis (cm): 82<br \/>\nGylis (cm): 47<\/p>","protected":false},"featured_media":160111,"comment_status":"open","ping_status":"open","template":"","meta":[],"product_brand":[],"product_cat":[9442,4106],"product_tag":[],"class_list":{"0":"post-160110","1":"product","2":"type-product","3":"status-publish","4":"has-post-thumbnail","6":"product_cat-kitchen-system-langen-dab-artisan","7":"product_cat-gala-meble","9":"first","10":"instock","11":"purchasable","12":"product-type-simple"},"_links":{"self":[{"href":"https:\/\/baldumarket.lt\/lt\/wp-json\/wp\/v2\/product\/160110","targetHints":{"allow":["GET"]}}],"collection":[{"href":"https:\/\/baldumarket.lt\/lt\/wp-json\/wp\/v2\/product"}],"about":[{"href":"https:\/\/baldumarket.lt\/lt\/wp-json\/wp\/v2\/types\/product"}],"replies":[{"embeddable":true,"href":"https:\/\/baldumarket.lt\/lt\/wp-json\/wp\/v2\/comments?post=160110"}],"wp:featuredmedia":[{"embeddable":true,"href":"https:\/\/baldumarket.lt\/lt\/wp-json\/wp\/v2\/media\/160111"}],"wp:attachment":[{"href":"https:\/\/baldumarket.lt\/lt\/wp-json\/wp\/v2\/media?parent=160110"}],"wp:term":[{"taxonomy":"product_brand","embeddable":true,"href":"https:\/\/baldumarket.lt\/lt\/wp-json\/wp\/v2\/product_brand?post=160110"},{"taxonomy":"product_cat","embeddable":true,"href":"https:\/\/baldumarket.lt\/lt\/wp-json\/wp\/v2\/product_cat?post=160110"},{"taxonomy":"product_tag","embeddable":true,"href":"https:\/\/baldumarket.lt\/lt\/wp-json\/wp\/v2\/product_tag?post=160110"}],"curies":[{"name":"wp","href":"https:\/\/api.w.org\/{rel}","templated":true}]}}