{"id":160104,"date":"2025-12-19T00:59:33","date_gmt":"2025-12-18T21:59:33","guid":{"rendered":"https:\/\/baldumarket.lt\/product\/szafka-kuchenna-dolna-1d1s-d60s1-p-l-uchwyt-klasyczny-langen-beige\/"},"modified":"2026-02-18T11:27:03","modified_gmt":"2026-02-18T08:27:03","slug":"szafka-kuchenna-dolna-1d1s-d60s1-p-l-uchwyt-klasyczny-langen-beige","status":"publish","type":"product","link":"https:\/\/baldumarket.lt\/lt\/product\/szafka-kuchenna-dolna-1d1s-d60s1-p-l-uchwyt-klasyczny-langen-beige\/","title":{"rendered":"Apatin\u0117 virtuv\u0117s spintel\u0117 1D1S D60S1 P\/L Klasikin\u0117 rankena Langen sm\u0117lio spalvos"},"content":{"rendered":"<p>Atgaivinkite savo virtuv\u0119 su unikalia \u201eLangen Beige\u201c spalvos apatine spintele, kurioje harmoningai dera klasikinis dizainas ir moderni apdaila. Matin\u0117 sm\u0117lio spalvos priekin\u0117 dalis sukuria tobul\u0105 fon\u0105 subtiliam stiliui, kuris bet kok\u012f interjer\u0105 papildys \u0161iluma ir elegancija. Rafinuota juodo metalo rankena suteikia charakterio, pabr\u0117\u017eiant virtuv\u0117s dizaino universalum\u0105 ir skon\u012f. \u0160i spintel\u0117 ne tik \u017eavi savo estetika, bet ir si\u016blo prakti\u0161kus sprendimus kasdieniams poreikiams. D\u0117l gerai apgalvoto vidinio i\u0161d\u0117stymo joje lengvai sutalpinsite b\u016btiniausius virtuv\u0117s reikmenis. Integruoti savaime u\u017esidarantys b\u0117geliai u\u017etikrina itin patog\u0173 naudojim\u0105 ir skland\u0173 stal\u010di\u0173 atidarym\u0105. Pagaminta i\u0161 tvirt\u0173 med\u017eiag\u0173, toki\u0173 kaip MDF ir atsparus \u012fbr\u0117\u017eimams laminatas, \u201eLangen Beige\u201c apatin\u0117 spintel\u0117 garantuoja patvarum\u0105 ir atsparum\u0105 kasdieniam naudojimui. Nat\u016bralaus \u0105\u017euolo korpusas suteikia med\u017eio detali\u0173, kurios puikiai papildo sm\u0117lio spalvos priekin\u0119 dal\u012f, sukurdamos harmoning\u0105 visum\u0105, puikiai tinkan\u010di\u0105 bet kuriai virtuvei.<\/p>","protected":false},"excerpt":{"rendered":"<p>Plotis (cm): 60<br \/>\n\u016agis (cm): 82<br \/>\nGylis (cm): 47<\/p>","protected":false},"featured_media":160105,"comment_status":"open","ping_status":"open","template":"","meta":[],"product_brand":[],"product_cat":[9442,4106],"product_tag":[],"class_list":{"0":"post-160104","1":"product","2":"type-product","3":"status-publish","4":"has-post-thumbnail","6":"product_cat-kitchen-system-langen-dab-artisan","7":"product_cat-gala-meble","9":"first","10":"instock","11":"purchasable","12":"product-type-simple"},"_links":{"self":[{"href":"https:\/\/baldumarket.lt\/lt\/wp-json\/wp\/v2\/product\/160104","targetHints":{"allow":["GET"]}}],"collection":[{"href":"https:\/\/baldumarket.lt\/lt\/wp-json\/wp\/v2\/product"}],"about":[{"href":"https:\/\/baldumarket.lt\/lt\/wp-json\/wp\/v2\/types\/product"}],"replies":[{"embeddable":true,"href":"https:\/\/baldumarket.lt\/lt\/wp-json\/wp\/v2\/comments?post=160104"}],"wp:featuredmedia":[{"embeddable":true,"href":"https:\/\/baldumarket.lt\/lt\/wp-json\/wp\/v2\/media\/160105"}],"wp:attachment":[{"href":"https:\/\/baldumarket.lt\/lt\/wp-json\/wp\/v2\/media?parent=160104"}],"wp:term":[{"taxonomy":"product_brand","embeddable":true,"href":"https:\/\/baldumarket.lt\/lt\/wp-json\/wp\/v2\/product_brand?post=160104"},{"taxonomy":"product_cat","embeddable":true,"href":"https:\/\/baldumarket.lt\/lt\/wp-json\/wp\/v2\/product_cat?post=160104"},{"taxonomy":"product_tag","embeddable":true,"href":"https:\/\/baldumarket.lt\/lt\/wp-json\/wp\/v2\/product_tag?post=160104"}],"curies":[{"name":"wp","href":"https:\/\/api.w.org\/{rel}","templated":true}]}}