{"id":160099,"date":"2025-12-19T00:59:23","date_gmt":"2025-12-18T21:59:23","guid":{"rendered":"https:\/\/baldumarket.lt\/product\/szafka-kuchenna-dolna-1d1s-d60s1-p-l-uchwyt-klasyczny-langen-grey\/"},"modified":"2026-02-18T11:27:03","modified_gmt":"2026-02-18T08:27:03","slug":"szafka-kuchenna-dolna-1d1s-d60s1-p-l-uchwyt-klasyczny-langen-grey","status":"publish","type":"product","link":"https:\/\/baldumarket.lt\/lt\/product\/szafka-kuchenna-dolna-1d1s-d60s1-p-l-uchwyt-klasyczny-langen-grey\/","title":{"rendered":"Apatin\u0117 virtuv\u0117s spintel\u0117 1D1S D60S1 P\/L Klasikin\u0117 rankena Langen pilka"},"content":{"rendered":"<p>Elegancija ir funkcionalumas susitinka \u201cLangen Grey\u201d apatin\u0117je virtuv\u0117s spintel\u0117je \u2013 tai puikus sprendimas moderniai virtuvei. Subtilus pilkas matinis priekis puikiai dera prie bet kurios erdv\u0117s, pabr\u0117\u017eiant jos stiling\u0105 charakter\u012f. \u201eArtisan Oak\u201c korpusas suteikia \u0161ilumos ir nat\u016bralumo, sukurdamas harmoning\u0105 visum\u0105. Apgalvotas \u0161ios spintel\u0117s dizainas yra ne tik esteti\u0161kas, bet ir prakti\u0161kas. Reguliuojamos kojel\u0117s leid\u017eia reguliuoti jos auk\u0161t\u012f pagal individualius poreikius. Pasirinkus klasikin\u0119 juodo metalo ranken\u0105, pabr\u0117\u017eiamas elegancija, o alternatyvi \u201espustel\u0117jimo b\u016bdu atidaroma\u201c sistema suteikia modernumo ir minimalizmo. \u201eLangen Grey\u201c virtuv\u0117s spintel\u0117 yra ne tik gra\u017ei, bet ir patvari, nes joje naudojamos auk\u0161tos kokyb\u0117s med\u017eiagos, tokios kaip MDF ir atsparus pa\u017eeidimams laminatas. Pati konstrukcija buvo sukurta taip, kad atitikt\u0173 kasdienius virtuv\u0117s l\u016bkes\u010dius, kur patogumas dera su patvarumu.<\/p>","protected":false},"excerpt":{"rendered":"<p>Plotis (cm): 60<br \/>\n\u016agis (cm): 82<br \/>\nGylis (cm): 47<\/p>","protected":false},"featured_media":160100,"comment_status":"open","ping_status":"open","template":"","meta":[],"product_brand":[],"product_cat":[9442,4106],"product_tag":[],"class_list":{"0":"post-160099","1":"product","2":"type-product","3":"status-publish","4":"has-post-thumbnail","6":"product_cat-kitchen-system-langen-dab-artisan","7":"product_cat-gala-meble","9":"first","10":"instock","11":"purchasable","12":"product-type-simple"},"_links":{"self":[{"href":"https:\/\/baldumarket.lt\/lt\/wp-json\/wp\/v2\/product\/160099","targetHints":{"allow":["GET"]}}],"collection":[{"href":"https:\/\/baldumarket.lt\/lt\/wp-json\/wp\/v2\/product"}],"about":[{"href":"https:\/\/baldumarket.lt\/lt\/wp-json\/wp\/v2\/types\/product"}],"replies":[{"embeddable":true,"href":"https:\/\/baldumarket.lt\/lt\/wp-json\/wp\/v2\/comments?post=160099"}],"wp:featuredmedia":[{"embeddable":true,"href":"https:\/\/baldumarket.lt\/lt\/wp-json\/wp\/v2\/media\/160100"}],"wp:attachment":[{"href":"https:\/\/baldumarket.lt\/lt\/wp-json\/wp\/v2\/media?parent=160099"}],"wp:term":[{"taxonomy":"product_brand","embeddable":true,"href":"https:\/\/baldumarket.lt\/lt\/wp-json\/wp\/v2\/product_brand?post=160099"},{"taxonomy":"product_cat","embeddable":true,"href":"https:\/\/baldumarket.lt\/lt\/wp-json\/wp\/v2\/product_cat?post=160099"},{"taxonomy":"product_tag","embeddable":true,"href":"https:\/\/baldumarket.lt\/lt\/wp-json\/wp\/v2\/product_tag?post=160099"}],"curies":[{"name":"wp","href":"https:\/\/api.w.org\/{rel}","templated":true}]}}