{"id":160094,"date":"2025-12-19T00:59:14","date_gmt":"2025-12-18T21:59:14","guid":{"rendered":"https:\/\/baldumarket.lt\/product\/szafka-kuchenna-dolna-1d1s-d60s1-d2-linea-white-bialy-mat\/"},"modified":"2026-02-18T11:35:21","modified_gmt":"2026-02-18T08:35:21","slug":"szafka-kuchenna-dolna-1d1s-d60s1-d2-linea-white-bialy-mat","status":"publish","type":"product","link":"https:\/\/baldumarket.lt\/lt\/product\/szafka-kuchenna-dolna-1d1s-d60s1-d2-linea-white-bialy-mat\/","title":{"rendered":"Apatin\u0117 virtuv\u0117s spintel\u0117 1D1S D60S1-D2 Linea balta matin\u0117 balta"},"content":{"rendered":"<p>Atgaivinkite savo virtuv\u0119 su garsaus prek\u0117s \u017eenklo \u201eGa\u0142a Meble\u201c sukurta \u201eLinea White\u201c apatine spintele su nuostabia matin\u0117s baltos spalvos apdaila. Jos modernus ir minimalistinis dizainas puikiai dera prie bet kokio interjero, suteikdamas jam elegancijos ir gaivumo. Matin\u0117 balta korpuso ir fasad\u0173 spalva sukuria darni\u0105 ir esteti\u0161kai patraukli\u0105 visum\u0105, kuri ne tik d\u017eiugina ak\u012f, bet ir vizualiai padidina erdv\u0119. \u0160ios virtuv\u0117s spintel\u0117s dizainas derina \u0161iuolaikin\u012f stili\u0173 su auk\u0161\u010diausios kokyb\u0117s med\u017eiagomis. MDF fasadas ir laminuotas korpusas garantuoja patvarum\u0105 ir atsparum\u0105 kasdieniam naudojimui. Auksin\u0117s metalin\u0117s ranken\u0117l\u0117s gra\u017eiai kontrastuoja su baltais fasadais, suteikdamos j\u016bs\u0173 virtuvei subtilios prabangos ir blizgesio. \u201eLinea White\u201c spintel\u0117s funkcionalumas padeda organizuoti kasdien\u012f gyvenim\u0105. Reguliuojamos kojel\u0117s leid\u017eia puikiai reguliuoti auk\u0161t\u012f, u\u017etikrinant stabilum\u0105 ant nelygi\u0173 pavir\u0161i\u0173. \u0160velnaus u\u017edarymo sistema, naudojama tiek vyriuose, tiek b\u0117geliuose, u\u017etikrina, kad durel\u0117s ir stal\u010diai u\u017esidaryt\u0173 \u0161velniai ir tyliai, pa\u0161alindami girg\u017ed\u0117jim\u0105 ir u\u017etikrindami patog\u0173 naudojim\u0105.<\/p>","protected":false},"excerpt":{"rendered":"<p>Plotis (cm): 60<br \/>\n\u016agis (cm): 82<br \/>\nGylis (cm): 47<\/p>","protected":false},"featured_media":160095,"comment_status":"open","ping_status":"open","template":"","meta":[],"product_brand":[],"product_cat":[9446,4106],"product_tag":[],"class_list":{"0":"post-160094","1":"product","2":"type-product","3":"status-publish","4":"has-post-thumbnail","6":"product_cat-kitchen-system-linea-white","7":"product_cat-gala-meble","9":"first","10":"instock","11":"purchasable","12":"product-type-simple"},"_links":{"self":[{"href":"https:\/\/baldumarket.lt\/lt\/wp-json\/wp\/v2\/product\/160094","targetHints":{"allow":["GET"]}}],"collection":[{"href":"https:\/\/baldumarket.lt\/lt\/wp-json\/wp\/v2\/product"}],"about":[{"href":"https:\/\/baldumarket.lt\/lt\/wp-json\/wp\/v2\/types\/product"}],"replies":[{"embeddable":true,"href":"https:\/\/baldumarket.lt\/lt\/wp-json\/wp\/v2\/comments?post=160094"}],"wp:featuredmedia":[{"embeddable":true,"href":"https:\/\/baldumarket.lt\/lt\/wp-json\/wp\/v2\/media\/160095"}],"wp:attachment":[{"href":"https:\/\/baldumarket.lt\/lt\/wp-json\/wp\/v2\/media?parent=160094"}],"wp:term":[{"taxonomy":"product_brand","embeddable":true,"href":"https:\/\/baldumarket.lt\/lt\/wp-json\/wp\/v2\/product_brand?post=160094"},{"taxonomy":"product_cat","embeddable":true,"href":"https:\/\/baldumarket.lt\/lt\/wp-json\/wp\/v2\/product_cat?post=160094"},{"taxonomy":"product_tag","embeddable":true,"href":"https:\/\/baldumarket.lt\/lt\/wp-json\/wp\/v2\/product_tag?post=160094"}],"curies":[{"name":"wp","href":"https:\/\/api.w.org\/{rel}","templated":true}]}}