{"id":160089,"date":"2025-12-19T00:59:05","date_gmt":"2025-12-18T21:59:05","guid":{"rendered":"https:\/\/baldumarket.lt\/product\/szafka-kuchenna-dolna-1d1s-langen-artisan-d60s1-p-l-uchwyt-klasyczny\/"},"modified":"2026-02-18T11:27:03","modified_gmt":"2026-02-18T08:27:03","slug":"szafka-kuchenna-dolna-1d1s-langen-artisan-d60s1-p-l-uchwyt-klasyczny","status":"publish","type":"product","link":"https:\/\/baldumarket.lt\/lt\/product\/szafka-kuchenna-dolna-1d1s-langen-artisan-d60s1-p-l-uchwyt-klasyczny\/","title":{"rendered":"Apatin\u0117 virtuv\u0117s spintel\u0117 1D1S Langen Artisan D60S1 P\/L Classic rankena"},"content":{"rendered":"<p>Pristatome jums eleganti\u0161k\u0105 \u201eLangen Artisan D60S1\u201c virtuv\u0117s spintel\u0119, kurioje dera klasikinis ir modernus stiliai. Subtilus dizainas neabejotinai pritrauks d\u0117mes\u012f ir papuo\u0161 bet kok\u012f virtuv\u0117s interjer\u0105. D\u0117l kruop\u0161\u010diai parinkt\u0173 spalv\u0173 ir rafinuot\u0173 linij\u0173 \u0161is baldas taps traukos centru, suteikdamas charakterio ir stiliaus kasdien\u0117ms erdv\u0117ms. Eleganti\u0161ka klasikin\u0117 rankena suteikia tradicinio \u017eavesio, puikiai dera su \u0161iuolaikin\u0117mis bald\u0173 tendencijomis. Spintel\u0117 buvo sukurta atid\u017eiai apgalvojus kiekvien\u0105 detal\u0119, kad patenkint\u0173 net ir rafinuotiausi\u0105 skon\u012f. \u201eArtisan\u201c spalv\u0173 gama suteikia virtuv\u0117s aplinkai \u0161ilumos ir jaukumo, sukurdama tobul\u0105 fon\u0105 kulinariniams eksperimentams. \u0160ios spintel\u0117s funkcionalumas dera su estetika. Erdvus stal\u010dius ir erdvi erdv\u0117 u\u017e dureli\u0173 suteikia vietos visiems svarbiausiems j\u016bs\u0173 priedams susid\u0117ti. Tai leid\u017eia m\u0117gautis tvarka ir harmonija j\u016bs\u0173 virtuv\u0117je, o tai savo ruo\u017etu padidina j\u016bs\u0173 nam\u0173 komfort\u0105 ir pasitenkinim\u0105.<\/p>","protected":false},"excerpt":{"rendered":"<p>\u016agis (cm): 82<br \/>\nPlotis (cm): 60<br \/>\nGylis (cm): 47<\/p>","protected":false},"featured_media":160090,"comment_status":"open","ping_status":"open","template":"","meta":[],"product_brand":[],"product_cat":[9442,4106],"product_tag":[],"class_list":{"0":"post-160089","1":"product","2":"type-product","3":"status-publish","4":"has-post-thumbnail","6":"product_cat-kitchen-system-langen-dab-artisan","7":"product_cat-gala-meble","9":"first","10":"instock","11":"purchasable","12":"product-type-simple"},"_links":{"self":[{"href":"https:\/\/baldumarket.lt\/lt\/wp-json\/wp\/v2\/product\/160089","targetHints":{"allow":["GET"]}}],"collection":[{"href":"https:\/\/baldumarket.lt\/lt\/wp-json\/wp\/v2\/product"}],"about":[{"href":"https:\/\/baldumarket.lt\/lt\/wp-json\/wp\/v2\/types\/product"}],"replies":[{"embeddable":true,"href":"https:\/\/baldumarket.lt\/lt\/wp-json\/wp\/v2\/comments?post=160089"}],"wp:featuredmedia":[{"embeddable":true,"href":"https:\/\/baldumarket.lt\/lt\/wp-json\/wp\/v2\/media\/160090"}],"wp:attachment":[{"href":"https:\/\/baldumarket.lt\/lt\/wp-json\/wp\/v2\/media?parent=160089"}],"wp:term":[{"taxonomy":"product_brand","embeddable":true,"href":"https:\/\/baldumarket.lt\/lt\/wp-json\/wp\/v2\/product_brand?post=160089"},{"taxonomy":"product_cat","embeddable":true,"href":"https:\/\/baldumarket.lt\/lt\/wp-json\/wp\/v2\/product_cat?post=160089"},{"taxonomy":"product_tag","embeddable":true,"href":"https:\/\/baldumarket.lt\/lt\/wp-json\/wp\/v2\/product_tag?post=160089"}],"curies":[{"name":"wp","href":"https:\/\/api.w.org\/{rel}","templated":true}]}}