{"id":160084,"date":"2025-12-19T00:58:55","date_gmt":"2025-12-18T21:58:55","guid":{"rendered":"https:\/\/baldumarket.lt\/product\/szafka-kuchenna-dolna-1d1s-lewa-d40s1-l-aspen-grey-szary-polysk\/"},"modified":"2026-02-06T19:54:30","modified_gmt":"2026-02-06T16:54:30","slug":"szafka-kuchenna-dolna-1d1s-lewa-d40s1-l-aspen-grey-szary-polysk","status":"publish","type":"product","link":"https:\/\/baldumarket.lt\/lt\/product\/szafka-kuchenna-dolna-1d1s-lewa-d40s1-l-aspen-grey-szary-polysk\/","title":{"rendered":"Apatin\u0117 virtuv\u0117s spintel\u0117 1D1S kair\u0117 D40S1-L drebul\u0117s pilka blizgi"},"content":{"rendered":"<p>Atraskite nepaprast\u0105 elegancij\u0105 su \u201eAspen Grey\u201c virtuv\u0117s spintele. I\u0161skirtinai modernus dizainas papildys bet kuri\u0105 virtuv\u0119, suteikdamas nesenstan\u010dio \u017eavesio. Blizgus pilkas priekis ir matin\u0117s baltos spalvos korpusas sukuria harmoning\u0105 derin\u012f, kuris praskaidrina erdv\u0119 ir traukia ak\u012f subtilumu. Rinkit\u0117s gamin\u012f, kuris puikiai dera tiek su moderniu, tiek su klasikiniu virtuv\u0117s dizainu. Kasdienis funkcionalumas neabejotinai yra \u0161ios spintel\u0117s stipryb\u0117. D\u0117l savo dizaino ji puikiai i\u0161naudoja erdv\u0119, suteikdama vietos b\u016btiniausiems virtuv\u0117s priedams. Patogus pri\u0117jimas prie stal\u010diaus ir erdvios lentynos leid\u017eia palaikyti tvark\u0105, kuri ne\u012fkainojama kasdien naudojant. \u0160is baldas derina prakti\u0161kum\u0105 ir estetik\u0105, sukurdamas maloni\u0105 maisto gaminimo erdv\u0119. Verta pamin\u0117ti reguliuojamo auk\u0161\u010dio kojeles, kurios leid\u017eia reguliuoti spintel\u0117s auk\u0161t\u012f pagal individualius poreikius. Tai i\u0161sprend\u017eia nelygi\u0173 grind\u0173 problem\u0105, u\u017etikrina stabilum\u0105 ir saugum\u0105. Be to, savaime u\u017esidarantys vyriai u\u017etikrina skland\u0173 ir tyl\u0173 dureli\u0173 u\u017edarym\u0105, o tai ne tik prakti\u0161ka, bet ir padidina komfort\u0105.<\/p>","protected":false},"excerpt":{"rendered":"<p>Plotis (cm): 40<br \/>\n\u016agis (cm): 82<br \/>\nGylis (cm): 47<\/p>","protected":false},"featured_media":160085,"comment_status":"open","ping_status":"open","template":"","meta":[],"product_brand":[],"product_cat":[9451,4106,9118],"product_tag":[],"class_list":{"0":"post-160084","1":"product","2":"type-product","3":"status-publish","4":"has-post-thumbnail","6":"product_cat-kitchen-system-aspen-grey","7":"product_cat-gala-meble","8":"product_cat-kitchen-cabinets","10":"first","11":"instock","12":"purchasable","13":"product-type-simple"},"_links":{"self":[{"href":"https:\/\/baldumarket.lt\/lt\/wp-json\/wp\/v2\/product\/160084","targetHints":{"allow":["GET"]}}],"collection":[{"href":"https:\/\/baldumarket.lt\/lt\/wp-json\/wp\/v2\/product"}],"about":[{"href":"https:\/\/baldumarket.lt\/lt\/wp-json\/wp\/v2\/types\/product"}],"replies":[{"embeddable":true,"href":"https:\/\/baldumarket.lt\/lt\/wp-json\/wp\/v2\/comments?post=160084"}],"wp:featuredmedia":[{"embeddable":true,"href":"https:\/\/baldumarket.lt\/lt\/wp-json\/wp\/v2\/media\/160085"}],"wp:attachment":[{"href":"https:\/\/baldumarket.lt\/lt\/wp-json\/wp\/v2\/media?parent=160084"}],"wp:term":[{"taxonomy":"product_brand","embeddable":true,"href":"https:\/\/baldumarket.lt\/lt\/wp-json\/wp\/v2\/product_brand?post=160084"},{"taxonomy":"product_cat","embeddable":true,"href":"https:\/\/baldumarket.lt\/lt\/wp-json\/wp\/v2\/product_cat?post=160084"},{"taxonomy":"product_tag","embeddable":true,"href":"https:\/\/baldumarket.lt\/lt\/wp-json\/wp\/v2\/product_tag?post=160084"}],"curies":[{"name":"wp","href":"https:\/\/api.w.org\/{rel}","templated":true}]}}