{"id":160080,"date":"2025-12-19T00:58:47","date_gmt":"2025-12-18T21:58:47","guid":{"rendered":"https:\/\/baldumarket.lt\/product\/szafka-kuchenna-dolna-1d1s-lewa-d40s1-l-aspen-white-bialy-polysk\/"},"modified":"2026-02-06T13:20:11","modified_gmt":"2026-02-06T10:20:11","slug":"szafka-kuchenna-dolna-1d1s-lewa-d40s1-l-aspen-white-bialy-polysk","status":"publish","type":"product","link":"https:\/\/baldumarket.lt\/lt\/product\/szafka-kuchenna-dolna-1d1s-lewa-d40s1-l-aspen-white-bialy-polysk\/","title":{"rendered":"Apatin\u0117 virtuv\u0117s spintel\u0117 1D1S kair\u0117 D40S1-L Drebul\u0117s balta blizgi balta"},"content":{"rendered":"<p>Atraskite elegancij\u0105 ir modernum\u0105 su \u201eAspen White\u201c apatine spintele, kuri suteiks j\u016bs\u0173 virtuvei unikalaus stiliaus. Baltai blizgi MDF priekin\u0117 dalis traukia d\u0117mes\u012f subtiliu elegancija, sukurdama \u0161viesos ir gaivos kupin\u0105 erdv\u0119. Tai puikus pasirinkimas tiems, kurie vertina minimalistin\u012f dizain\u0105 kartu su funkcionalumu, kuris skland\u017eiai dera prie \u012fvairi\u0173 interjero dizain\u0173.<\/p>\n<p>M\u0117gaukit\u0117s \u0161ios kompakti\u0161kos, 40 cm plo\u010dio spintel\u0117s funkcionalumu kiekvien\u0105 dien\u0105, tvarkingai ir patogiai laikydami b\u016btiniausius virtuv\u0117s reikmenis. D\u0117l prakti\u0161ko stal\u010diaus ir dureli\u0173 galite laikyti m\u0117gstamiausius virtuv\u0117s prietaisus ir \u012frankius, tuo pa\u010diu m\u0117gaudamiesi lengvu pri\u0117jimu prie vis\u0173 b\u016btiniausi\u0173 daikt\u0173. Matin\u0117s baltos spalvos korpusas suteikia papildomo lengvumo ir lengvai integruojasi \u012f bet koki\u0105 virtuv\u0117s spalv\u0173 schem\u0105.<\/p>\n<p>D\u0117l universalumo ir lengvo \u201eAspen White\u201c apatin\u0117s spintel\u0117s surinkimo galite akimirksniu m\u0117gautis savo virtuv\u0117s pertvarkymu. Reguliuojamos kojel\u0117s, kuri\u0173 auk\u0161tis svyruoja nuo 10 iki 12,5 cm, leid\u017eia pritaikyti spintel\u0119 prie \u012fvairi\u0173 grind\u0173 lygi\u0173, u\u017etikrinant visi\u0161k\u0105 stabilum\u0105 ir komfort\u0105. D\u0117l savaime u\u017esidaran\u010di\u0173 vyri\u0173 ir b\u0117geli\u0173 spintele naudotis tylu ir patogu, tod\u0117l kasdien j\u012f naudoti yra dar patogiau.<\/p>\n<p>Modernumas dera su funkcionalumu \u2013 \u201eAspen White\u201c spintel\u0117 pravers bet kurioje virtuv\u0117je. Lengva, vos 18,3 kg sverianti konstrukcija \u2013 tai puikus patvarumo, paprasto surinkimo ir perk\u0117limo derinys. Pasinerkite \u012f kasdienio gyvenimo prabang\u0105, kur kiekviena detal\u0117 yra kokyb\u0117s ir estetikos \u017eenklas.<\/p>","protected":false},"excerpt":{"rendered":"<p>Plotis (cm): 40<br \/>\n\u016agis (cm): 82<br \/>\nGylis (cm): 47<\/p>","protected":false},"featured_media":160081,"comment_status":"open","ping_status":"open","template":"","meta":[],"product_brand":[],"product_cat":[9445,4106,9118],"product_tag":[],"class_list":{"0":"post-160080","1":"product","2":"type-product","3":"status-publish","4":"has-post-thumbnail","6":"product_cat-kitchen-system-aspen-white","7":"product_cat-gala-meble","8":"product_cat-kitchen-cabinets","10":"first","11":"instock","12":"purchasable","13":"product-type-simple"},"_links":{"self":[{"href":"https:\/\/baldumarket.lt\/lt\/wp-json\/wp\/v2\/product\/160080","targetHints":{"allow":["GET"]}}],"collection":[{"href":"https:\/\/baldumarket.lt\/lt\/wp-json\/wp\/v2\/product"}],"about":[{"href":"https:\/\/baldumarket.lt\/lt\/wp-json\/wp\/v2\/types\/product"}],"replies":[{"embeddable":true,"href":"https:\/\/baldumarket.lt\/lt\/wp-json\/wp\/v2\/comments?post=160080"}],"wp:featuredmedia":[{"embeddable":true,"href":"https:\/\/baldumarket.lt\/lt\/wp-json\/wp\/v2\/media\/160081"}],"wp:attachment":[{"href":"https:\/\/baldumarket.lt\/lt\/wp-json\/wp\/v2\/media?parent=160080"}],"wp:term":[{"taxonomy":"product_brand","embeddable":true,"href":"https:\/\/baldumarket.lt\/lt\/wp-json\/wp\/v2\/product_brand?post=160080"},{"taxonomy":"product_cat","embeddable":true,"href":"https:\/\/baldumarket.lt\/lt\/wp-json\/wp\/v2\/product_cat?post=160080"},{"taxonomy":"product_tag","embeddable":true,"href":"https:\/\/baldumarket.lt\/lt\/wp-json\/wp\/v2\/product_tag?post=160080"}],"curies":[{"name":"wp","href":"https:\/\/api.w.org\/{rel}","templated":true}]}}