{"id":160074,"date":"2025-12-19T00:58:36","date_gmt":"2025-12-18T21:58:36","guid":{"rendered":"https:\/\/baldumarket.lt\/product\/szafka-kuchenna-dolna-1d1s-lewa-d40s1-l-prowansja-sosna-andersen-bialy-mat\/"},"modified":"2026-02-06T14:45:48","modified_gmt":"2026-02-06T11:45:48","slug":"szafka-kuchenna-dolna-1d1s-lewa-d40s1-l-prowansja-sosna-andersen-bialy-mat","status":"publish","type":"product","link":"https:\/\/baldumarket.lt\/lt\/product\/szafka-kuchenna-dolna-1d1s-lewa-d40s1-l-prowansja-sosna-andersen-bialy-mat\/","title":{"rendered":"Apatin\u0117 virtuv\u0117s spintel\u0117 1D1S Kair\u0117 D40S1-L Provanso pu\u0161is Andersen balta matin\u0117"},"content":{"rendered":"<p>Atraskite Provanso interjero \u017eaves\u012f su \u201eAndersen Provence\u201c pu\u0161ies pagrindine spintele. \u0160i stilinga spintel\u0117 suteikia j\u016bs\u0173 virtuvei unikal\u0173 kaimi\u0161ko \u0161ilumos prisilietim\u0105, derindama j\u012f su moderniu funkcionalumu. Rafinuota balta spalva su subtiliu pu\u0161ies akcentu ji puikiai dera prie \u012fvairi\u0173 interjero stili\u0173, sukurdama jauki\u0105 ir eleganti\u0161k\u0105 aplink\u0105. Virtuv\u0117 yra nam\u0173 \u0161irdis, o gerai suprojektuota darbo vieta \u2013 jos pagrindinis elementas. \u201eProvence\u201c pagrindin\u0117je spintel\u0117je lengvai tilps visi svarbiausi virtuv\u0117s reikmenys \u2013 nuo puod\u0173 ir keptuvi\u0173 iki stalo \u012franki\u0173, tod\u0117l gal\u0117site patogiai naudoti kasdien. Juodos metalin\u0117s rankenos suteikia eleganti\u0161k\u0105 apdail\u0105, kuri kontrastuoja su \u0161viesia spalva ir suteikia unikalaus charakterio. Jei jums svarbiausia prakti\u0161kumas, \u0161i spintel\u0117 yra puikus pasirinkimas! Reguliuojamos kojel\u0117s leid\u017eia reguliuoti auk\u0161t\u012f pagal individualius poreikius, u\u017etikrinant komfort\u0105 gaminant maist\u0105. Papildomas privalumas \u2013 savaranki\u0161ko surinkimo galimyb\u0117, leid\u017eianti pritaikyti spintel\u0119 pagal savo poreikius ir kiekvien\u0105 akimirk\u0105, praleist\u0105 kuriant virtuv\u0119, paversti malonumu.<\/p>","protected":false},"excerpt":{"rendered":"<p>Plotis (cm): 40<br \/>\n\u016agis (cm): 82<br \/>\nGylis (cm): 47<\/p>","protected":false},"featured_media":160075,"comment_status":"open","ping_status":"open","template":"","meta":[],"product_brand":[],"product_cat":[9444,4106,9118],"product_tag":[],"class_list":{"0":"post-160074","1":"product","2":"type-product","3":"status-publish","4":"has-post-thumbnail","6":"product_cat-kitchen-system-prowansja-sosna-andersen","7":"product_cat-gala-meble","8":"product_cat-kitchen-cabinets","10":"first","11":"instock","12":"purchasable","13":"product-type-simple"},"_links":{"self":[{"href":"https:\/\/baldumarket.lt\/lt\/wp-json\/wp\/v2\/product\/160074","targetHints":{"allow":["GET"]}}],"collection":[{"href":"https:\/\/baldumarket.lt\/lt\/wp-json\/wp\/v2\/product"}],"about":[{"href":"https:\/\/baldumarket.lt\/lt\/wp-json\/wp\/v2\/types\/product"}],"replies":[{"embeddable":true,"href":"https:\/\/baldumarket.lt\/lt\/wp-json\/wp\/v2\/comments?post=160074"}],"wp:featuredmedia":[{"embeddable":true,"href":"https:\/\/baldumarket.lt\/lt\/wp-json\/wp\/v2\/media\/160075"}],"wp:attachment":[{"href":"https:\/\/baldumarket.lt\/lt\/wp-json\/wp\/v2\/media?parent=160074"}],"wp:term":[{"taxonomy":"product_brand","embeddable":true,"href":"https:\/\/baldumarket.lt\/lt\/wp-json\/wp\/v2\/product_brand?post=160074"},{"taxonomy":"product_cat","embeddable":true,"href":"https:\/\/baldumarket.lt\/lt\/wp-json\/wp\/v2\/product_cat?post=160074"},{"taxonomy":"product_tag","embeddable":true,"href":"https:\/\/baldumarket.lt\/lt\/wp-json\/wp\/v2\/product_tag?post=160074"}],"curies":[{"name":"wp","href":"https:\/\/api.w.org\/{rel}","templated":true}]}}