{"id":160070,"date":"2025-12-19T00:58:29","date_gmt":"2025-12-18T21:58:29","guid":{"rendered":"https:\/\/baldumarket.lt\/product\/szafka-kuchenna-dolna-1d1s-lewa-d40s1-l-sycylia-andersen\/"},"modified":"2026-02-06T12:46:45","modified_gmt":"2026-02-06T09:46:45","slug":"szafka-kuchenna-dolna-1d1s-lewa-d40s1-l-sycylia-andersen","status":"publish","type":"product","link":"https:\/\/baldumarket.lt\/lt\/product\/szafka-kuchenna-dolna-1d1s-lewa-d40s1-l-sycylia-andersen\/","title":{"rendered":"Apatin\u0117 virtuv\u0117s spintel\u0117 1D1S Kair\u0117 D40S1-L Sicily Andersen"},"content":{"rendered":"<p>\u201eAndersen Sicily 1D1S\u201c apatin\u0117 kair\u0117 virtuv\u0117s spintel\u0117 D40S1-L \u2013 puikus pasirinkimas tiems, kurie vertina eleganti\u0161k\u0105 modernumo ir klasikos akcent\u0173 derin\u012f. Skandinavi\u0161ko stiliaus dizainas ir subtili spalv\u0173 palet\u0117 puikiai tiks bet kurioje virtuv\u0117je. \u201eAndersen\u201c spalvos pu\u0161ies fasadas traukia d\u0117mes\u012f nat\u016bralia tekst\u016bra ir suteikia \u0161ilumos, sukurdamas jauki\u0105 atmosfer\u0105.<\/p>\n<p>\u0160i spintel\u0117 idealiai tinka lenki\u0161koms virtuv\u0117ms d\u0117l kompakti\u0161k\u0173 matmen\u0173. Ji puikiai tinka ma\u017eoms ir vidutinio dyd\u017eio erdv\u0117ms, u\u017etikrindama maksimal\u0173 funkcionalum\u0105 minimalistiniu stiliumi. \u0160i spintel\u0117 ne tik atrodo gra\u017eiai, bet ir leid\u017eia efektyviai i\u0161naudoti erdv\u0119. Matin\u0117s baltos spalvos ir sidabrini\u0173 ranken\u0117li\u0173 derinys suteikia spintelei modern\u0173, gaiv\u0173 vaizd\u0105, kuris pagyvina kambar\u012f.<\/p>\n<p>Vienas pagrindini\u0173 \u0161ios virtuv\u0117s spintel\u0117s privalum\u0173 yra jos funkcionalumas. Patvari\u0173 med\u017eiag\u0173, toki\u0173 kaip MDF fasadai ir laminuoti karkaso elementai, naudojimas u\u017etikrina ilgalaik\u012f patvarum\u0105. Sukurta patogiam naudojimui, ji turi ir stal\u010di\u0173, ir stiklines duris, leid\u017eian\u010dias lengvai pasiekti laikomus daiktus. Kiekviena virtuv\u0117 nusipelno sprendim\u0173, kurie ne tik \u017eavi savo dizainu, bet ir u\u017etikrina paprast\u0105 naudojim\u0105.<\/p>\n<p>\u201eAndersen Lower Sicily\u201c virtuv\u0117s spintel\u0119 taip pat lengva surinkti, tod\u0117l j\u0105 galima greitai ir lengvai surinkti patiems. Tod\u0117l tai puikus pasirinkimas ie\u0161kantiems ekonomi\u0161k\u0173, bet stiling\u0173 sprendim\u0173 savo namams. \u0160ios spintel\u0117s unikalumas slypi meistri\u0161kame estetikos ir funkcionalumo derinyje, tod\u0117l ji yra ne tik prakti\u0161kas, bet ir gra\u017eus bet kurios virtuv\u0117s papildymas.<\/p>","protected":false},"excerpt":{"rendered":"<p>Plotis (cm): 40<br \/>\n\u016agis (cm): 82<br \/>\nGylis (cm): 47<\/p>","protected":false},"featured_media":160071,"comment_status":"open","ping_status":"open","template":"","meta":[],"product_brand":[],"product_cat":[9440,9441,4106,9118],"product_tag":[],"class_list":{"0":"post-160070","1":"product","2":"type-product","3":"status-publish","4":"has-post-thumbnail","6":"product_cat-kitchen-system-sycylia-sosna-andersen","7":"product_cat-white","8":"product_cat-gala-meble","9":"product_cat-kitchen-cabinets","11":"first","12":"instock","13":"purchasable","14":"product-type-simple"},"_links":{"self":[{"href":"https:\/\/baldumarket.lt\/lt\/wp-json\/wp\/v2\/product\/160070","targetHints":{"allow":["GET"]}}],"collection":[{"href":"https:\/\/baldumarket.lt\/lt\/wp-json\/wp\/v2\/product"}],"about":[{"href":"https:\/\/baldumarket.lt\/lt\/wp-json\/wp\/v2\/types\/product"}],"replies":[{"embeddable":true,"href":"https:\/\/baldumarket.lt\/lt\/wp-json\/wp\/v2\/comments?post=160070"}],"wp:featuredmedia":[{"embeddable":true,"href":"https:\/\/baldumarket.lt\/lt\/wp-json\/wp\/v2\/media\/160071"}],"wp:attachment":[{"href":"https:\/\/baldumarket.lt\/lt\/wp-json\/wp\/v2\/media?parent=160070"}],"wp:term":[{"taxonomy":"product_brand","embeddable":true,"href":"https:\/\/baldumarket.lt\/lt\/wp-json\/wp\/v2\/product_brand?post=160070"},{"taxonomy":"product_cat","embeddable":true,"href":"https:\/\/baldumarket.lt\/lt\/wp-json\/wp\/v2\/product_cat?post=160070"},{"taxonomy":"product_tag","embeddable":true,"href":"https:\/\/baldumarket.lt\/lt\/wp-json\/wp\/v2\/product_tag?post=160070"}],"curies":[{"name":"wp","href":"https:\/\/api.w.org\/{rel}","templated":true}]}}