{"id":160066,"date":"2025-12-19T00:58:22","date_gmt":"2025-12-18T21:58:22","guid":{"rendered":"https:\/\/baldumarket.lt\/product\/szafka-kuchenna-dolna-1d1s-lewa-d40s1-l-sycylia-orzech\/"},"modified":"2026-02-06T14:32:26","modified_gmt":"2026-02-06T11:32:26","slug":"szafka-kuchenna-dolna-1d1s-lewa-d40s1-l-sycylia-orzech","status":"publish","type":"product","link":"https:\/\/baldumarket.lt\/lt\/product\/szafka-kuchenna-dolna-1d1s-lewa-d40s1-l-sycylia-orzech\/","title":{"rendered":"Apatin\u0117 virtuv\u0117s spintel\u0117 1D1S kair\u0117 D40S1-L Sicily Walnut"},"content":{"rendered":"<p>Atraskite elegancij\u0105 ir prakti\u0161kum\u0105 su m\u016bs\u0173 kairi\u0105ja apatine virtuv\u0117s spintele, \u012fkv\u0117pta Vidur\u017eemio j\u016bros regiono stiliaus i\u0161 \u201eSicily\u201c serijos. Pasinerti \u012f \u0161ilt\u0105 ir jauki\u0105 virtuv\u0117s atmosfer\u0105 tampa lengviau d\u0117l unikalaus Milano rie\u0161uto atspalvio, kuris subtiliai pary\u0161kina j\u016bs\u0173 interjero stili\u0173. \u0160is baldas yra ne tik funkcionalus, bet ir dekoratyvus, traukiantis kiekvieno \u012feinan\u010diojo ak\u012f.<\/p>\n<p>Su \u0161ia spintele, sukurta galvojant apie kasdien\u012f naudojim\u0105, j\u016bs\u0173 virtuv\u0117je \u012fgaus \u017eavesio. Tvirtas laminuotas korpusas, pasi\u017eymintis puikia estetika, u\u017etikrina saugum\u0105 ir ilgaam\u017ei\u0161kum\u0105, o subtiliai apdirbta MDF priekin\u0117 dalis \u2013 vizualin\u012f malonum\u0105. Sidabrin\u0117 plastikin\u0117 rankena u\u017ebaigia i\u0161vaizd\u0105, suteikdama modernumo ir patogumo naudojimo metu.<\/p>\n<p>Nesijaudinkite d\u0117l vietos \u2013 m\u016bs\u0173 spintel\u0117 yra prakti\u0161ka ir sukurta galvojant apie daikt\u0173 laikym\u0105. Eleganti\u0161ka, ta\u010diau funkcionali, joje lengvai tilps tiek kulinariniai priedai, tiek b\u016btiniausi stalo \u012frankiai, tod\u0117l virtuv\u0117 taps vieta, kur viskas yra po ranka. Tai puikus pasirinkimas tiems, kurie vertina tvark\u0105 ir harmonij\u0105 savo gyvenamosiose erdv\u0117se.<\/p>\n<p>Pabr\u0117\u017ekite savo interjero unikalum\u0105 ir sukurkite erdv\u0119, kurioje gro\u017eis dera su funkcionalumu, su \u201eGa\u0142a Meble\u201c baldais. Apatin\u0117 virtuv\u0117s spintel\u0117 i\u0161 \u201eSycylia\u201c serijos yra daugiau nei baldas \u2013 tai stiliaus ir klas\u0117s i\u0161rai\u0161ka, kuri traukia d\u0117mes\u012f ir kvie\u010dia kartu gaminti maist\u0105 ar \u0161v\u0119sti vakarienes su \u0161eima. Be to, savaranki\u0161ko surinkimo galimyb\u0117 daro j\u0105 dar patrauklesn\u0119, leisdama jums asmeni\u0161kai prisid\u0117ti prie savo virtuv\u0117s dizaino.<\/p>","protected":false},"excerpt":{"rendered":"<p>Plotis (cm): 40<br \/>\n\u016agis (cm): 82<br \/>\nGylis (cm): 47<\/p>","protected":false},"featured_media":160067,"comment_status":"open","ping_status":"open","template":"","meta":[],"product_brand":[],"product_cat":[9450,4106,9118],"product_tag":[],"class_list":{"0":"post-160066","1":"product","2":"type-product","3":"status-publish","4":"has-post-thumbnail","6":"product_cat-kitchen-system-sycylia-orzech-milano","7":"product_cat-gala-meble","8":"product_cat-kitchen-cabinets","10":"first","11":"instock","12":"purchasable","13":"product-type-simple"},"_links":{"self":[{"href":"https:\/\/baldumarket.lt\/lt\/wp-json\/wp\/v2\/product\/160066","targetHints":{"allow":["GET"]}}],"collection":[{"href":"https:\/\/baldumarket.lt\/lt\/wp-json\/wp\/v2\/product"}],"about":[{"href":"https:\/\/baldumarket.lt\/lt\/wp-json\/wp\/v2\/types\/product"}],"replies":[{"embeddable":true,"href":"https:\/\/baldumarket.lt\/lt\/wp-json\/wp\/v2\/comments?post=160066"}],"wp:featuredmedia":[{"embeddable":true,"href":"https:\/\/baldumarket.lt\/lt\/wp-json\/wp\/v2\/media\/160067"}],"wp:attachment":[{"href":"https:\/\/baldumarket.lt\/lt\/wp-json\/wp\/v2\/media?parent=160066"}],"wp:term":[{"taxonomy":"product_brand","embeddable":true,"href":"https:\/\/baldumarket.lt\/lt\/wp-json\/wp\/v2\/product_brand?post=160066"},{"taxonomy":"product_cat","embeddable":true,"href":"https:\/\/baldumarket.lt\/lt\/wp-json\/wp\/v2\/product_cat?post=160066"},{"taxonomy":"product_tag","embeddable":true,"href":"https:\/\/baldumarket.lt\/lt\/wp-json\/wp\/v2\/product_tag?post=160066"}],"curies":[{"name":"wp","href":"https:\/\/api.w.org\/{rel}","templated":true}]}}