{"id":160061,"date":"2025-12-19T00:58:13","date_gmt":"2025-12-18T21:58:13","guid":{"rendered":"https:\/\/baldumarket.lt\/product\/szafka-kuchenna-dolna-1d1s-prawa-d40s1-p-aspen-grey-szary-polysk\/"},"modified":"2026-02-06T19:54:30","modified_gmt":"2026-02-06T16:54:30","slug":"szafka-kuchenna-dolna-1d1s-prawa-d40s1-p-aspen-grey-szary-polysk","status":"publish","type":"product","link":"https:\/\/baldumarket.lt\/lt\/product\/szafka-kuchenna-dolna-1d1s-prawa-d40s1-p-aspen-grey-szary-polysk\/","title":{"rendered":"Apatin\u0117 virtuv\u0117s spintel\u0117 1D1S de\u0161in\u0117 D40S1-P drebul\u0117s pilka blizgi"},"content":{"rendered":"<p>Atraskite modernaus dizaino \u017eaves\u012f su \u201eAspen Grey\u201c virtuv\u0117s spintele, kurios blizgios pilkos spalvos atspalvis. \u0160is eleganti\u0161kas virtuv\u0117s elementas suteikia j\u016bs\u0173 namams prabangos ir gaivumo. \u0160i spintel\u0117 \u2013 puikus sprendimas minimalistin\u0117s estetikos m\u0117g\u0117jams, norintiems savo virtuvei suteikti nesenstan\u010dio stiliaus. Jos priekin\u0117 dalis, pagaminta i\u0161 auk\u0161tos kokyb\u0117s MDF plok\u0161t\u0117s, atspindi \u0161vies\u0105, suteikdama kambariui gylio ir spindesio. Prakti\u0161kas \u201eAspen Grey\u201c spintel\u0117s funkcionalumas leid\u017eia patogiai laikyti b\u016btiniausius virtuv\u0117s reikmenis. D\u0117l optimali\u0173 matmen\u0173 ji puikiai tinka net ma\u017eesn\u0117se erdv\u0117se ir kartu suteikia daug vietos puodams, keptuv\u0117ms ir kitiems virtuv\u0117s reikmenims. \u0160i spintel\u0117 derina estetik\u0105 ir prakti\u0161kum\u0105, tod\u0117l j\u016bs\u0173 virtuv\u0117 tampa nam\u0173 \u0161irdimi, kur leisti laik\u0105 \u2013 tikras malonumas. \u0160i\u0105 spintel\u0119 i\u0161skiria subtilus blizgi\u0173 pilk\u0173 fasad\u0173 ir matin\u0117s baltos spalvos korpuso derinys. \u0160is kontrastas suteikia \u201eAspen Grey\u201c spintelei unikal\u0173 charakter\u012f, kuris patraukia d\u0117mes\u012f ir suteikia interjerui dinami\u0161kumo. Spintel\u0117 dera tiek su \u0161viesiais, tiek su tamsiais dekoro elementais, tod\u0117l j\u0105 lengva pritaikyti prie esamo interjero dizaino.<\/p>","protected":false},"excerpt":{"rendered":"<p>Plotis (cm): 40<br \/>\n\u016agis (cm): 82<br \/>\nGylis (cm): 47<\/p>","protected":false},"featured_media":160062,"comment_status":"open","ping_status":"open","template":"","meta":[],"product_brand":[],"product_cat":[9451,4106,9118],"product_tag":[],"class_list":{"0":"post-160061","1":"product","2":"type-product","3":"status-publish","4":"has-post-thumbnail","6":"product_cat-kitchen-system-aspen-grey","7":"product_cat-gala-meble","8":"product_cat-kitchen-cabinets","10":"first","11":"instock","12":"purchasable","13":"product-type-simple"},"_links":{"self":[{"href":"https:\/\/baldumarket.lt\/lt\/wp-json\/wp\/v2\/product\/160061","targetHints":{"allow":["GET"]}}],"collection":[{"href":"https:\/\/baldumarket.lt\/lt\/wp-json\/wp\/v2\/product"}],"about":[{"href":"https:\/\/baldumarket.lt\/lt\/wp-json\/wp\/v2\/types\/product"}],"replies":[{"embeddable":true,"href":"https:\/\/baldumarket.lt\/lt\/wp-json\/wp\/v2\/comments?post=160061"}],"wp:featuredmedia":[{"embeddable":true,"href":"https:\/\/baldumarket.lt\/lt\/wp-json\/wp\/v2\/media\/160062"}],"wp:attachment":[{"href":"https:\/\/baldumarket.lt\/lt\/wp-json\/wp\/v2\/media?parent=160061"}],"wp:term":[{"taxonomy":"product_brand","embeddable":true,"href":"https:\/\/baldumarket.lt\/lt\/wp-json\/wp\/v2\/product_brand?post=160061"},{"taxonomy":"product_cat","embeddable":true,"href":"https:\/\/baldumarket.lt\/lt\/wp-json\/wp\/v2\/product_cat?post=160061"},{"taxonomy":"product_tag","embeddable":true,"href":"https:\/\/baldumarket.lt\/lt\/wp-json\/wp\/v2\/product_tag?post=160061"}],"curies":[{"name":"wp","href":"https:\/\/api.w.org\/{rel}","templated":true}]}}