{"id":160054,"date":"2025-12-19T00:57:59","date_gmt":"2025-12-18T21:57:59","guid":{"rendered":"https:\/\/baldumarket.lt\/product\/szafka-kuchenna-dolna-1d1s-prawa-d40s1-p-prowansja-sosna-andersen-bialy-mat\/"},"modified":"2026-02-06T14:45:48","modified_gmt":"2026-02-06T11:45:48","slug":"szafka-kuchenna-dolna-1d1s-prawa-d40s1-p-prowansja-sosna-andersen-bialy-mat","status":"publish","type":"product","link":"https:\/\/baldumarket.lt\/lt\/product\/szafka-kuchenna-dolna-1d1s-prawa-d40s1-p-prowansja-sosna-andersen-bialy-mat\/","title":{"rendered":"Apatin\u0117 virtuv\u0117s spintel\u0117 1D1S de\u0161in\u0117 D40S1-P Provanso pu\u0161is Andersen balta matin\u0117"},"content":{"rendered":"<p>\u012ene\u0161kite piet\u0173 Pranc\u016bzijos dvasi\u0105 \u012f savo virtuv\u0119 su Provanso stiliaus apatine spintele. \u0160is eleganti\u0161kas baldas derina kaimi\u0161k\u0105 \u017eaves\u012f su moderniu dizainu, sukurdamas unikali\u0105 daikt\u0173 laikymo viet\u0105 j\u016bs\u0173 virtuv\u0117je. Anderseno pu\u0161is kartu su matine balta apdaila pabr\u0117\u017eia Provanso stiliaus harmonij\u0105 ir lengvum\u0105, suteikdamas j\u016bs\u0173 interjerui \u0161ilumos ir jaukumo. D\u0117l puikiai suprojektuoto funkcionalumo lengvai atraskite prakti\u0161kumo kasdieniame naudojime. Reguliuojamos kojel\u0117s leid\u017eia pritaikyti spintel\u0119 prie grind\u0173, u\u017etikrinant stabilum\u0105 ant bet kokio pavir\u0161iaus. Visi j\u016bs\u0173 svarbiausi virtuv\u0117s reikmenys ras savo viet\u0105 erdviame stal\u010diuje ir prakti\u0161koje spintel\u0117je. Savaime u\u017esidarantys vyriai ir b\u0117geliai suteikia komforto, pa\u0161alina triuk\u0161m\u0105 ir paver\u010dia spintel\u0117s atidarym\u0105 bei u\u017edarym\u0105 tikru malonumu. Spinduliuojanti rafinuoto \u017eavesio, \u0161i spintel\u0117 ne tik pagerins j\u016bs\u0173 virtuv\u0117s stili\u0173, bet ir suteiks tvarkos bei elegancijos. Juoda metalin\u0117 rankena yra subtili puo\u0161mena, suteikianti charakterio ir puikiai kontrastuoja su \u0161viesiu fasadu. Puikiai tinka modernioms virtuv\u0117ms, bet taip pat tinka ir tradici\u0161kesniam interjerui.<\/p>","protected":false},"excerpt":{"rendered":"<p>Plotis (cm): 40<br \/>\n\u016agis (cm): 82<br \/>\nGylis (cm): 47<\/p>","protected":false},"featured_media":160055,"comment_status":"open","ping_status":"open","template":"","meta":[],"product_brand":[],"product_cat":[9444,4106,9118],"product_tag":[],"class_list":{"0":"post-160054","1":"product","2":"type-product","3":"status-publish","4":"has-post-thumbnail","6":"product_cat-kitchen-system-prowansja-sosna-andersen","7":"product_cat-gala-meble","8":"product_cat-kitchen-cabinets","10":"first","11":"instock","12":"purchasable","13":"product-type-simple"},"_links":{"self":[{"href":"https:\/\/baldumarket.lt\/lt\/wp-json\/wp\/v2\/product\/160054","targetHints":{"allow":["GET"]}}],"collection":[{"href":"https:\/\/baldumarket.lt\/lt\/wp-json\/wp\/v2\/product"}],"about":[{"href":"https:\/\/baldumarket.lt\/lt\/wp-json\/wp\/v2\/types\/product"}],"replies":[{"embeddable":true,"href":"https:\/\/baldumarket.lt\/lt\/wp-json\/wp\/v2\/comments?post=160054"}],"wp:featuredmedia":[{"embeddable":true,"href":"https:\/\/baldumarket.lt\/lt\/wp-json\/wp\/v2\/media\/160055"}],"wp:attachment":[{"href":"https:\/\/baldumarket.lt\/lt\/wp-json\/wp\/v2\/media?parent=160054"}],"wp:term":[{"taxonomy":"product_brand","embeddable":true,"href":"https:\/\/baldumarket.lt\/lt\/wp-json\/wp\/v2\/product_brand?post=160054"},{"taxonomy":"product_cat","embeddable":true,"href":"https:\/\/baldumarket.lt\/lt\/wp-json\/wp\/v2\/product_cat?post=160054"},{"taxonomy":"product_tag","embeddable":true,"href":"https:\/\/baldumarket.lt\/lt\/wp-json\/wp\/v2\/product_tag?post=160054"}],"curies":[{"name":"wp","href":"https:\/\/api.w.org\/{rel}","templated":true}]}}