{"id":160049,"date":"2025-12-19T00:57:50","date_gmt":"2025-12-18T21:57:50","guid":{"rendered":"https:\/\/baldumarket.lt\/product\/szafka-kuchenna-dolna-1d1s-prawa-d40s1-p-sycylia-andersen\/"},"modified":"2026-02-06T12:46:45","modified_gmt":"2026-02-06T09:46:45","slug":"szafka-kuchenna-dolna-1d1s-prawa-d40s1-p-sycylia-andersen","status":"publish","type":"product","link":"https:\/\/baldumarket.lt\/lt\/product\/szafka-kuchenna-dolna-1d1s-prawa-d40s1-p-sycylia-andersen\/","title":{"rendered":"Apatin\u0117 virtuv\u0117s spintel\u0117 1D1S de\u0161in\u0117 D40S1-P Sicily Andersen"},"content":{"rendered":"<p>Atraskite elegancij\u0105 ir funkcionalum\u0105, kur\u012f si\u016blo \u201eGa\u0142a Meble\u201c \u201eAndersen 1D1S\u201c de\u0161inin\u0117 apatin\u0117 virtuv\u0117s spintel\u0117 D40S1-P Sicily. \u0160is harmoningas modernaus stiliaus ir prakti\u0161ko dizaino derinys \u2013 puikus sprendimas bet kuriai virtuvei, nepriklausomai nuo dyd\u017eio. Ji pasi\u017eymi subtiliu \u017eavesiu, kuris sukuria unikali\u0105 atmosfer\u0105 j\u016bs\u0173 interjere. Spintel\u0117 pasi\u017eymi madingu \u201eAndersen\u201c pu\u0161ies fasadu, kuris primena ramyb\u0119 ir nat\u016bral\u0173 gro\u017e\u012f. Kartu su matin\u0117s baltos spalvos korpusu bendras dizainas sukuria subtili\u0105 ir nesenstan\u010di\u0105 elegancij\u0105. Tai pasirinkimas skandinavi\u0161ko stiliaus entuziastams, vertinantiems \u0161vies\u0173, erdv\u0173 i\u0161d\u0117stym\u0105, kuriame svarbi kiekviena detal\u0117. Prakti\u0161ki daikt\u0173 laikymo sprendimai paver\u010dia kasdienius virtuv\u0117s darbus malonumu. Funkcionalus spintel\u0117s interjeras puikiai tinka tiek erdvioms, tiek ma\u017eesn\u0117ms virtuv\u0117ms, padeda organizuoti ir palaikyti tvark\u0105.<\/p>","protected":false},"excerpt":{"rendered":"<p>Plotis (cm): 40<br \/>\n\u016agis (cm): 82<br \/>\nGylis (cm): 47<\/p>","protected":false},"featured_media":160050,"comment_status":"open","ping_status":"open","template":"","meta":[],"product_brand":[],"product_cat":[9440,9441,4106,9118],"product_tag":[],"class_list":{"0":"post-160049","1":"product","2":"type-product","3":"status-publish","4":"has-post-thumbnail","6":"product_cat-kitchen-system-sycylia-sosna-andersen","7":"product_cat-white","8":"product_cat-gala-meble","9":"product_cat-kitchen-cabinets","11":"first","12":"instock","13":"purchasable","14":"product-type-simple"},"_links":{"self":[{"href":"https:\/\/baldumarket.lt\/lt\/wp-json\/wp\/v2\/product\/160049","targetHints":{"allow":["GET"]}}],"collection":[{"href":"https:\/\/baldumarket.lt\/lt\/wp-json\/wp\/v2\/product"}],"about":[{"href":"https:\/\/baldumarket.lt\/lt\/wp-json\/wp\/v2\/types\/product"}],"replies":[{"embeddable":true,"href":"https:\/\/baldumarket.lt\/lt\/wp-json\/wp\/v2\/comments?post=160049"}],"wp:featuredmedia":[{"embeddable":true,"href":"https:\/\/baldumarket.lt\/lt\/wp-json\/wp\/v2\/media\/160050"}],"wp:attachment":[{"href":"https:\/\/baldumarket.lt\/lt\/wp-json\/wp\/v2\/media?parent=160049"}],"wp:term":[{"taxonomy":"product_brand","embeddable":true,"href":"https:\/\/baldumarket.lt\/lt\/wp-json\/wp\/v2\/product_brand?post=160049"},{"taxonomy":"product_cat","embeddable":true,"href":"https:\/\/baldumarket.lt\/lt\/wp-json\/wp\/v2\/product_cat?post=160049"},{"taxonomy":"product_tag","embeddable":true,"href":"https:\/\/baldumarket.lt\/lt\/wp-json\/wp\/v2\/product_tag?post=160049"}],"curies":[{"name":"wp","href":"https:\/\/api.w.org\/{rel}","templated":true}]}}