{"id":160044,"date":"2025-12-19T00:57:41","date_gmt":"2025-12-18T21:57:41","guid":{"rendered":"https:\/\/baldumarket.lt\/product\/szafka-kuchenna-dolna-1d1s-prawa-d40s1-p-sycylia-orzech\/"},"modified":"2026-02-06T14:32:26","modified_gmt":"2026-02-06T11:32:26","slug":"szafka-kuchenna-dolna-1d1s-prawa-d40s1-p-sycylia-orzech","status":"publish","type":"product","link":"https:\/\/baldumarket.lt\/lt\/product\/szafka-kuchenna-dolna-1d1s-prawa-d40s1-p-sycylia-orzech\/","title":{"rendered":"Apatin\u0117 virtuv\u0117s spintel\u0117 1D1S de\u0161in\u0117 D40S1-P Sicily Walnut"},"content":{"rendered":"<p>Virtuv\u0117s patirtis tampa dar stilingesn\u0117 ir funkcionalesn\u0117 su m\u016bs\u0173 1D1S de\u0161in\u0117s pus\u0117s apatine virtuv\u0117s spintele D40S1-P i\u0161 \u201eSicily\u201c serijos. \u201eGa\u0142a Meble\u201c derina elegancij\u0105 ir prakti\u0161kum\u0105, sukurdama bald\u0105, kuris am\u017eiams pakeis j\u016bs\u0173 kulinarin\u012f interjer\u0105. Puikiai tinka tiek moderniam, tiek klasikiniam virtuv\u0117s stiliui, m\u016bs\u0173 k\u016brinys yra nuostabios Milano rie\u0161uto spalvos, kuri suteikia \u0161ilumos ir klas\u0117s bet kuriam kambariui. Pasteb\u0117site skirtum\u0105 kasdien naudojant d\u0117l gerai apgalvoto dizaino ir ergonomikos, kuri skatina komfort\u0105 ir supaprastina erdv\u0117s organizavim\u0105. Jums nebereik\u0117s r\u016bpintis virtuv\u0117s pried\u0173 i\u0161d\u0117stymu \u2013 prakti\u0161kas stal\u010dius ir spintel\u0117s skyrius suteikia jiems puiki\u0105 viet\u0105, visada pasiekiam\u0105. \u0160i spintel\u0117, gausiai paremta geriausiomis dizaino tendencijomis, suteiks j\u016bs\u0173 virtuvei subtil\u0173 rafinuotumo akcent\u0105. Sukurti harmoning\u0105 virtuv\u0119, kurioje maisto gaminimas tapt\u0173 malonumu, dar niekada nebuvo taip paprasta. Spintel\u0117 pagaminta i\u0161 auk\u0161tos kokyb\u0117s med\u017eiag\u0173 \u2013 MDF priekin\u0117 dalis ir laminuotos plok\u0161t\u0117s korpusas \u2013 u\u017etikrinan\u010di\u0173 patvarum\u0105 ir lengv\u0105 valym\u0105. J\u016bs tikrai \u012fvertinsite \u0161varias linijas ir klasikin\u0119 apdail\u0105, kurios papildo bet kurios virtuv\u0117s estetik\u0105 ir daro j\u0105 dar jaukesn\u0119.<\/p>","protected":false},"excerpt":{"rendered":"<p>Plotis (cm): 40<br \/>\n\u016agis (cm): 82<br \/>\nGylis (cm): 47<\/p>","protected":false},"featured_media":160045,"comment_status":"open","ping_status":"open","template":"","meta":[],"product_brand":[],"product_cat":[9450,4106,9118],"product_tag":[],"class_list":{"0":"post-160044","1":"product","2":"type-product","3":"status-publish","4":"has-post-thumbnail","6":"product_cat-kitchen-system-sycylia-orzech-milano","7":"product_cat-gala-meble","8":"product_cat-kitchen-cabinets","10":"first","11":"instock","12":"purchasable","13":"product-type-simple"},"_links":{"self":[{"href":"https:\/\/baldumarket.lt\/lt\/wp-json\/wp\/v2\/product\/160044","targetHints":{"allow":["GET"]}}],"collection":[{"href":"https:\/\/baldumarket.lt\/lt\/wp-json\/wp\/v2\/product"}],"about":[{"href":"https:\/\/baldumarket.lt\/lt\/wp-json\/wp\/v2\/types\/product"}],"replies":[{"embeddable":true,"href":"https:\/\/baldumarket.lt\/lt\/wp-json\/wp\/v2\/comments?post=160044"}],"wp:featuredmedia":[{"embeddable":true,"href":"https:\/\/baldumarket.lt\/lt\/wp-json\/wp\/v2\/media\/160045"}],"wp:attachment":[{"href":"https:\/\/baldumarket.lt\/lt\/wp-json\/wp\/v2\/media?parent=160044"}],"wp:term":[{"taxonomy":"product_brand","embeddable":true,"href":"https:\/\/baldumarket.lt\/lt\/wp-json\/wp\/v2\/product_brand?post=160044"},{"taxonomy":"product_cat","embeddable":true,"href":"https:\/\/baldumarket.lt\/lt\/wp-json\/wp\/v2\/product_cat?post=160044"},{"taxonomy":"product_tag","embeddable":true,"href":"https:\/\/baldumarket.lt\/lt\/wp-json\/wp\/v2\/product_tag?post=160044"}],"curies":[{"name":"wp","href":"https:\/\/api.w.org\/{rel}","templated":true}]}}