{"id":160039,"date":"2025-12-19T00:57:30","date_gmt":"2025-12-18T21:57:30","guid":{"rendered":"https:\/\/baldumarket.lt\/product\/szafka-kuchenna-dolna-1d1s-sorento-d40s1-p-l-baltic-storm\/"},"modified":"2026-02-18T11:17:35","modified_gmt":"2026-02-18T08:17:35","slug":"szafka-kuchenna-dolna-1d1s-sorento-d40s1-p-l-baltic-storm","status":"publish","type":"product","link":"https:\/\/baldumarket.lt\/lt\/product\/szafka-kuchenna-dolna-1d1s-sorento-d40s1-p-l-baltic-storm\/","title":{"rendered":"Apatin\u0117 virtuv\u0117s spintel\u0117 1D1S Sorento D40S1 P\/L Baltic Storm"},"content":{"rendered":"<p>Atraskite unikali\u0105 \u201eGa\u0142a Meble\u201c 1D1S \u201eSorento\u201c virtuv\u0117s spintel\u0119, kuri papildys j\u016bs\u0173 interjer\u0105 moderniu stiliumi ir funkcionalumu. \u0160i eleganti\u0161ka spintel\u0117, padengta \u201eBaltic Storm\u201c spalva, traukia d\u0117mes\u012f minimalistin\u0117mis linijomis ir subtiliu atspalviu, puikiai papildydama \u012fvairius virtuv\u0117s dizainus. Funkcionalumas dera su estetika, tod\u0117l tai puikus pasirinkimas visiems, kurie vertina prakti\u0161kum\u0105. \u0160i spintel\u0117, u\u017etikrindama patogi\u0105 prieig\u0105 prie b\u016btiniausi\u0173 virtuv\u0117s pried\u0173, suderina erdvum\u0105 su moderniomis funkcijomis, tokiomis kaip pilno i\u0161traukimo b\u0117geliai ir u\u017esegami vyriai, u\u017etikrinantys tyl\u0173 u\u017edarym\u0105. D\u0117l \u0161i\u0173 savybi\u0173 galite m\u0117gautis ne tik stilinga i\u0161vaizda, bet ir patogiu naudojimu kiekvien\u0105 dien\u0105. Kitas negin\u010dijamas privalumas \u2013 reguliuojamas kojeli\u0173 auk\u0161tis, leid\u017eiantis pritaikyti spintel\u0119 prie konkre\u010dios j\u016bs\u0173 virtuv\u0117s erdv\u0117s. Jau nekalbant apie med\u017eiagas, i\u0161 kuri\u0173 pagaminta \u201eSorento\u201c virtuv\u0117s spintel\u0117. 18 mm storio laminuota plok\u0161t\u0117 garantuoja didel\u012f patvarum\u0105 ir atsparum\u0105 kasdieniams pa\u017eeidimams. Juodos plastikin\u0117s kojel\u0117s suteikia visam baldui modernumo ir stabilumo, tod\u0117l \u0161is baldas yra ne tik gra\u017eus, bet ir prakti\u0161kas pasirinkimas j\u016bs\u0173 namams.<\/p>","protected":false},"excerpt":{"rendered":"<p>Plotis (cm): 40<br \/>\n\u016agis (cm): 87<br \/>\nGylis (cm): 52<\/p>","protected":false},"featured_media":160040,"comment_status":"open","ping_status":"open","template":"","meta":[],"product_brand":[],"product_cat":[9436,4106],"product_tag":[],"class_list":{"0":"post-160039","1":"product","2":"type-product","3":"status-publish","4":"has-post-thumbnail","6":"product_cat-kitchen-system-sorento","7":"product_cat-gala-meble","9":"first","10":"instock","11":"purchasable","12":"product-type-simple"},"_links":{"self":[{"href":"https:\/\/baldumarket.lt\/lt\/wp-json\/wp\/v2\/product\/160039","targetHints":{"allow":["GET"]}}],"collection":[{"href":"https:\/\/baldumarket.lt\/lt\/wp-json\/wp\/v2\/product"}],"about":[{"href":"https:\/\/baldumarket.lt\/lt\/wp-json\/wp\/v2\/types\/product"}],"replies":[{"embeddable":true,"href":"https:\/\/baldumarket.lt\/lt\/wp-json\/wp\/v2\/comments?post=160039"}],"wp:featuredmedia":[{"embeddable":true,"href":"https:\/\/baldumarket.lt\/lt\/wp-json\/wp\/v2\/media\/160040"}],"wp:attachment":[{"href":"https:\/\/baldumarket.lt\/lt\/wp-json\/wp\/v2\/media?parent=160039"}],"wp:term":[{"taxonomy":"product_brand","embeddable":true,"href":"https:\/\/baldumarket.lt\/lt\/wp-json\/wp\/v2\/product_brand?post=160039"},{"taxonomy":"product_cat","embeddable":true,"href":"https:\/\/baldumarket.lt\/lt\/wp-json\/wp\/v2\/product_cat?post=160039"},{"taxonomy":"product_tag","embeddable":true,"href":"https:\/\/baldumarket.lt\/lt\/wp-json\/wp\/v2\/product_tag?post=160039"}],"curies":[{"name":"wp","href":"https:\/\/api.w.org\/{rel}","templated":true}]}}