{"id":160034,"date":"2025-12-19T00:57:21","date_gmt":"2025-12-18T21:57:21","guid":{"rendered":"https:\/\/baldumarket.lt\/product\/szafka-kuchenna-dolna-1d1s-sorento-d40s1-p-l-baltic-storm-bezowy-mat\/"},"modified":"2026-02-18T11:17:35","modified_gmt":"2026-02-18T08:17:35","slug":"szafka-kuchenna-dolna-1d1s-sorento-d40s1-p-l-baltic-storm-bezowy-mat","status":"publish","type":"product","link":"https:\/\/baldumarket.lt\/lt\/product\/szafka-kuchenna-dolna-1d1s-sorento-d40s1-p-l-baltic-storm-bezowy-mat\/","title":{"rendered":"Apatin\u0117 virtuv\u0117s spintel\u0117 1D1S Sorento D40S1 P\/L Baltic Storm Beige Matte"},"content":{"rendered":"<p>Ie\u0161kote baldo, kuris derint\u0173 estetik\u0105 ir funkcionalum\u0105, tuo pa\u010diu puikiai papildyt\u0173 j\u016bs\u0173 virtuv\u0117s interjer\u0105? Matin\u0117s sm\u0117lio spalvos apatin\u0117 virtuv\u0117s spintel\u0117 \u201eSorento D40S1 1D1S\u201c \u2013 tai sprendimas, kuris patenkins net ir i\u0161rankiausius interjero dizaino \u017einovus. Minimalistinis dizainas puikiai dera su \u0161iuolaikin\u0117mis tendencijomis, o tvirta konstrukcija u\u017etikrina ilgalaik\u012f naudojim\u0105. Spinteli\u0173 fasadai, pagaminti i\u0161 atsparios pa\u017eeidimams 18 mm laminuotos plok\u0161t\u0117s ir apdailinti subtilia matine sm\u0117lio spalva, suteikia elegancijos, kuri su\u0161ildo bet kok\u012f interjer\u0105. Tai kontrastuoja su \u201eBaltic Storm\u201c korpusu, sukurdami unikal\u0173 vizualin\u012f efekt\u0105, pritraukdami d\u0117mes\u012f ir suteikdami j\u016bs\u0173 virtuvei charakterio. Esminis viso dizaino elementas yra juoda metalin\u0117 rankena, suteikianti moderni\u0105 apdail\u0105. \u201eSorento\u201c spintel\u0117 si\u016blo ne tik gra\u017ei\u0105 i\u0161vaizd\u0105, bet, svarbiausia, individualiai pritaikyt\u0105 funkcionalum\u0105. Reguliuojamos 15 cm auk\u0161\u010dio kojel\u0117s leid\u017eia pritaikyti spintel\u0119 prie grind\u0173 lygio, u\u017etikrinant stabilum\u0105 ir komfort\u0105 naudojimo metu. Be to, \u201eClip-On\u201c vyriai su \u0161velnaus u\u017edarymo funkcija ir pilno i\u0161traukimo b\u0117geliais kasdien\u012f virtuv\u0117s naudojim\u0105 daro malonesn\u012f ir efektyvesn\u012f.<\/p>","protected":false},"excerpt":{"rendered":"<p>Plotis (cm): 40<br \/>\n\u016agis (cm): 87<br \/>\nGylis (cm): 52<\/p>","protected":false},"featured_media":160035,"comment_status":"open","ping_status":"open","template":"","meta":[],"product_brand":[],"product_cat":[9436,4106],"product_tag":[],"class_list":{"0":"post-160034","1":"product","2":"type-product","3":"status-publish","4":"has-post-thumbnail","6":"product_cat-kitchen-system-sorento","7":"product_cat-gala-meble","9":"first","10":"instock","11":"purchasable","12":"product-type-simple"},"_links":{"self":[{"href":"https:\/\/baldumarket.lt\/lt\/wp-json\/wp\/v2\/product\/160034","targetHints":{"allow":["GET"]}}],"collection":[{"href":"https:\/\/baldumarket.lt\/lt\/wp-json\/wp\/v2\/product"}],"about":[{"href":"https:\/\/baldumarket.lt\/lt\/wp-json\/wp\/v2\/types\/product"}],"replies":[{"embeddable":true,"href":"https:\/\/baldumarket.lt\/lt\/wp-json\/wp\/v2\/comments?post=160034"}],"wp:featuredmedia":[{"embeddable":true,"href":"https:\/\/baldumarket.lt\/lt\/wp-json\/wp\/v2\/media\/160035"}],"wp:attachment":[{"href":"https:\/\/baldumarket.lt\/lt\/wp-json\/wp\/v2\/media?parent=160034"}],"wp:term":[{"taxonomy":"product_brand","embeddable":true,"href":"https:\/\/baldumarket.lt\/lt\/wp-json\/wp\/v2\/product_brand?post=160034"},{"taxonomy":"product_cat","embeddable":true,"href":"https:\/\/baldumarket.lt\/lt\/wp-json\/wp\/v2\/product_cat?post=160034"},{"taxonomy":"product_tag","embeddable":true,"href":"https:\/\/baldumarket.lt\/lt\/wp-json\/wp\/v2\/product_tag?post=160034"}],"curies":[{"name":"wp","href":"https:\/\/api.w.org\/{rel}","templated":true}]}}