{"id":160029,"date":"2025-12-19T00:57:12","date_gmt":"2025-12-18T21:57:12","guid":{"rendered":"https:\/\/baldumarket.lt\/product\/szafka-kuchenna-dolna-1d1s-sorento-d40s1-p-l-baltic-storm-green\/"},"modified":"2026-02-18T11:17:35","modified_gmt":"2026-02-18T08:17:35","slug":"szafka-kuchenna-dolna-1d1s-sorento-d40s1-p-l-baltic-storm-green","status":"publish","type":"product","link":"https:\/\/baldumarket.lt\/lt\/product\/szafka-kuchenna-dolna-1d1s-sorento-d40s1-p-l-baltic-storm-green\/","title":{"rendered":"Apatin\u0117 virtuv\u0117s spintel\u0117 1D1S Sorento D40S1 P\/L Baltic Storm Green"},"content":{"rendered":"<p>Atraskite modern\u0173 dizain\u0105, kuris neabejotinai papuo\u0161 j\u016bs\u0173 virtuv\u0119, su \u201eGa\u0142a Meble\u201c \u201eSorento\u201c apatine spintele \u201eBaltic Storm Green\u201c spalvos. Matin\u0117 \u017ealia priekin\u0117 dalis kartu su \u201eBaltic Storm\u201c korpusu suteikia interjerui gaivumo ir stiliaus, kartu sukurdama eleganti\u0161k\u0105 atmosfer\u0105. Tai puikus pasirinkimas tiems, kurie vertina harmoningai suprojektuot\u0105 virtuv\u0117s erdv\u0119. \u201eSorento\u201c apatin\u0117 spintel\u0117 yra ne tik dekoratyvus, bet ir prakti\u0161kas sprendimas bet kuriai virtuvei. Patogus dizainas idealiai tinka laikyti visus b\u016btiniausius virtuv\u0117s priedus. D\u0117l pilno i\u0161traukimo b\u0117geli\u0173 stal\u010diai tampa nepaprastai patog\u016bs ir suteikia lengv\u0105 prieig\u0105 prie j\u0173 turinio. Tai rei\u0161kia, kad galite greitai rasti visk\u0105, ko jums reikia \u2013 nuo prieskoni\u0173 iki puod\u0173 ir keptuvi\u0173. Funkcionalumas yra pagrindinis \u0161ios spintel\u0117s bruo\u017eas. \u0160velniai u\u017esidarantys \u201eClip-On\u201c vyriai u\u017etikrina tyl\u0173 ir skland\u0173 veikim\u0105, be trinktel\u0117jimo. Tai u\u017etikrina, kad j\u016bs\u0173 virtuv\u0117 visada bus rami vieta, net ir intensyvaus maisto gaminimo metu. Reguliuojamos 15 cm kojel\u0117s leid\u017eia pritaikyti spintel\u0119 prie individuali\u0173 poreiki\u0173, u\u017etikrinant stabilum\u0105 ir pusiausvyr\u0105 ant \u012fvairi\u0173 pavir\u0161i\u0173.<\/p>","protected":false},"excerpt":{"rendered":"<p>Plotis (cm): 40<br \/>\n\u016agis (cm): 87<br \/>\nGylis (cm): 52<\/p>","protected":false},"featured_media":160030,"comment_status":"open","ping_status":"open","template":"","meta":[],"product_brand":[],"product_cat":[9436,4106],"product_tag":[],"class_list":{"0":"post-160029","1":"product","2":"type-product","3":"status-publish","4":"has-post-thumbnail","6":"product_cat-kitchen-system-sorento","7":"product_cat-gala-meble","9":"first","10":"instock","11":"purchasable","12":"product-type-simple"},"_links":{"self":[{"href":"https:\/\/baldumarket.lt\/lt\/wp-json\/wp\/v2\/product\/160029","targetHints":{"allow":["GET"]}}],"collection":[{"href":"https:\/\/baldumarket.lt\/lt\/wp-json\/wp\/v2\/product"}],"about":[{"href":"https:\/\/baldumarket.lt\/lt\/wp-json\/wp\/v2\/types\/product"}],"replies":[{"embeddable":true,"href":"https:\/\/baldumarket.lt\/lt\/wp-json\/wp\/v2\/comments?post=160029"}],"wp:featuredmedia":[{"embeddable":true,"href":"https:\/\/baldumarket.lt\/lt\/wp-json\/wp\/v2\/media\/160030"}],"wp:attachment":[{"href":"https:\/\/baldumarket.lt\/lt\/wp-json\/wp\/v2\/media?parent=160029"}],"wp:term":[{"taxonomy":"product_brand","embeddable":true,"href":"https:\/\/baldumarket.lt\/lt\/wp-json\/wp\/v2\/product_brand?post=160029"},{"taxonomy":"product_cat","embeddable":true,"href":"https:\/\/baldumarket.lt\/lt\/wp-json\/wp\/v2\/product_cat?post=160029"},{"taxonomy":"product_tag","embeddable":true,"href":"https:\/\/baldumarket.lt\/lt\/wp-json\/wp\/v2\/product_tag?post=160029"}],"curies":[{"name":"wp","href":"https:\/\/api.w.org\/{rel}","templated":true}]}}