{"id":160024,"date":"2025-12-19T00:57:02","date_gmt":"2025-12-18T21:57:02","guid":{"rendered":"https:\/\/baldumarket.lt\/product\/szafka-kuchenna-dolna-1d1s-sorento-d40s1-p-l-bialy-green\/"},"modified":"2026-02-18T11:17:35","modified_gmt":"2026-02-18T08:17:35","slug":"szafka-kuchenna-dolna-1d1s-sorento-d40s1-p-l-bialy-green","status":"publish","type":"product","link":"https:\/\/baldumarket.lt\/lt\/product\/szafka-kuchenna-dolna-1d1s-sorento-d40s1-p-l-bialy-green\/","title":{"rendered":"Apatin\u0117 virtuv\u0117s spintel\u0117 1D1S Sorento D40S1 P\/L Balta \u017dalia"},"content":{"rendered":"<p>Atraskite nauj\u0105 kokyb\u0117s lyg\u012f savo virtuv\u0117je su 1D1S \u201eSorento Base\u201c virtuv\u0117s spintele. Minimalistinis dizainas, eleganti\u0161kos \u017ealios ir baltos spalvos, puikiai dera su naujausiomis interjero dizaino tendencijomis. Ak\u012f traukiantis, matin\u0117s \u017ealios spalvos fasadas kartu su baltu korpusu sukuria harmoning\u0105 visum\u0105, kuri pagyvins bet kuri\u0105 virtuv\u0117s erdv\u0119. Patrauklus spalv\u0173 derinys ne tik suteikia charakterio, bet ir padeda sukurti jauki\u0105 atmosfer\u0105 nam\u0173 \u0161irdyje. I\u0161vaizda \u010dia n\u0117ra vienintelis svarbus veiksnys \u2013 \u201eSorento Base\u201c virtuv\u0117s spintel\u0117 taip pat yra funkcionalumo ir prakti\u0161kumo sinonimas. 87 cm auk\u0161\u010dio, 40 cm plo\u010dio ir 52 cm gylio, ji puikiai tinka ma\u017eesn\u0117ms virtuv\u0117ms, kur svarbus kiekvienas centimetras. Reguliuojamos kojel\u0117s, kuri\u0173 ilgis gali b\u016bti nuo 150 iki 170 mm, leid\u017eia lengvai pritaikyti j\u0105 prie individuali\u0173 poreiki\u0173. Tai puikus sprendimas visiems, kurie vertina ir estetik\u0105, ir kasdien\u012f patogum\u0105. \u0160i spintel\u0117 su pilno i\u0161traukimo b\u0117geliais ir u\u017esegamais vyriais u\u017etikrina patog\u0173 naudojim\u0105 ir tyl\u0173 dureli\u0173 u\u017edarym\u0105. Galite lengvai \u012fd\u0117ti ir i\u0161imti visus svarbiausius virtuv\u0117s priedus, tod\u0117l juos pasiekti bus lengviau nei bet kada anks\u010diau. Be to, juoda metalin\u0117 rankena puikiai papildo bendr\u0105 dizain\u0105, u\u017etikrindama ir patvarum\u0105, ir estetin\u012f patrauklum\u0105. \u0160i spintel\u0117 ne tik traukia ak\u012f, bet ir paver\u010dia kiekvien\u0105 dien\u0105 virtuv\u0117je malonesne.<\/p>","protected":false},"excerpt":{"rendered":"<p>Plotis (cm): 40<br \/>\n\u016agis (cm): 87<br \/>\nGylis (cm): 52<\/p>","protected":false},"featured_media":160025,"comment_status":"open","ping_status":"open","template":"","meta":[],"product_brand":[],"product_cat":[9436,4106],"product_tag":[],"class_list":{"0":"post-160024","1":"product","2":"type-product","3":"status-publish","4":"has-post-thumbnail","6":"product_cat-kitchen-system-sorento","7":"product_cat-gala-meble","9":"first","10":"instock","11":"purchasable","12":"product-type-simple"},"_links":{"self":[{"href":"https:\/\/baldumarket.lt\/lt\/wp-json\/wp\/v2\/product\/160024","targetHints":{"allow":["GET"]}}],"collection":[{"href":"https:\/\/baldumarket.lt\/lt\/wp-json\/wp\/v2\/product"}],"about":[{"href":"https:\/\/baldumarket.lt\/lt\/wp-json\/wp\/v2\/types\/product"}],"replies":[{"embeddable":true,"href":"https:\/\/baldumarket.lt\/lt\/wp-json\/wp\/v2\/comments?post=160024"}],"wp:featuredmedia":[{"embeddable":true,"href":"https:\/\/baldumarket.lt\/lt\/wp-json\/wp\/v2\/media\/160025"}],"wp:attachment":[{"href":"https:\/\/baldumarket.lt\/lt\/wp-json\/wp\/v2\/media?parent=160024"}],"wp:term":[{"taxonomy":"product_brand","embeddable":true,"href":"https:\/\/baldumarket.lt\/lt\/wp-json\/wp\/v2\/product_brand?post=160024"},{"taxonomy":"product_cat","embeddable":true,"href":"https:\/\/baldumarket.lt\/lt\/wp-json\/wp\/v2\/product_cat?post=160024"},{"taxonomy":"product_tag","embeddable":true,"href":"https:\/\/baldumarket.lt\/lt\/wp-json\/wp\/v2\/product_tag?post=160024"}],"curies":[{"name":"wp","href":"https:\/\/api.w.org\/{rel}","templated":true}]}}