{"id":160018,"date":"2025-12-19T00:56:49","date_gmt":"2025-12-18T21:56:49","guid":{"rendered":"https:\/\/baldumarket.lt\/product\/szafka-kuchenna-dolna-1d1s-sorento-d40s1-p-l-bialy-mat\/"},"modified":"2026-02-18T11:17:35","modified_gmt":"2026-02-18T08:17:35","slug":"szafka-kuchenna-dolna-1d1s-sorento-d40s1-p-l-bialy-mat","status":"publish","type":"product","link":"https:\/\/baldumarket.lt\/lt\/product\/szafka-kuchenna-dolna-1d1s-sorento-d40s1-p-l-bialy-mat\/","title":{"rendered":"Apatin\u0117 virtuv\u0117s spintel\u0117 1D1S Sorento D40S1 P\/L matin\u0117s baltos spalvos"},"content":{"rendered":"<p>\u201eSorento 1D1S\u201c apatin\u0117 spintel\u0117 \u2013 unikalus bet kurios virtuv\u0117s papildymas, puikiai tinkantis modernaus stiliaus ir funkcionalumo m\u0117g\u0117jams. Matin\u0117s baltos spalvos priekin\u0117 dalis puikiai dera su laminuota plok\u0161te, sukurdama harmoning\u0105 ir eleganti\u0161k\u0105 kompozicij\u0105. D\u0117l to ji puikiai dera prie bet kokio virtuv\u0117s dizaino, suteikdama lengvumo ir \u0161varos. \u0160is variantas patenkins tuos, kurie vertina minimalizm\u0105 ir paprastum\u0105. Be estetinio patrauklumo, \u201eSorento\u201c apatin\u0117 spintel\u0117 i\u0161siskiria ir funkcionalumu. Kompakti\u0161ki matmenys: 40 cm plo\u010dio, 52 cm gylio ir 87 cm auk\u0161\u010dio, leid\u017eia lengvai rasti viet\u0105 net ir ma\u017eoje virtuv\u0117je. Be to, pilno i\u0161traukimo technologijos ir tyli\u0173 \u201eClip-On\u201c vyri\u0173 naudojimas garantuoja skland\u0173 ir tyl\u0173 stal\u010di\u0173 bei dureli\u0173 atidarym\u0105. D\u0117l reguliuojam\u0173 kojeli\u0173 spintel\u0119 galima pritaikyti pagal individualius naudotojo poreikius, taip padidinant kasdien\u012f komfort\u0105. Eleganti\u0161ka aukso spalvos metalin\u0117 rankena ypa\u010d traukia ak\u012f, suteikianti i\u0161skirtinumo ir subtilaus blizgesio. \u0160is elementas ne tik pagerina spintel\u0117s estetin\u012f patrauklum\u0105, bet ir u\u017etikrina paprast\u0105 naudojim\u0105. Tvirtos med\u017eiagos, tokios kaip MDF priekin\u0117 dalis ir laminuotas korpusas, u\u017etikrina patvarum\u0105 ir atsparum\u0105 kasdieniam naudojimui, tod\u0117l \u201eSorento\u201c spintel\u0117 yra ilgalaik\u0117 investicija.<\/p>","protected":false},"excerpt":{"rendered":"<p>Plotis (cm): 40<br \/>\n\u016agis (cm): 87<br \/>\nGylis (cm): 52<\/p>","protected":false},"featured_media":160019,"comment_status":"open","ping_status":"open","template":"","meta":[],"product_brand":[],"product_cat":[9436,4106],"product_tag":[],"class_list":{"0":"post-160018","1":"product","2":"type-product","3":"status-publish","4":"has-post-thumbnail","6":"product_cat-kitchen-system-sorento","7":"product_cat-gala-meble","9":"first","10":"instock","11":"purchasable","12":"product-type-simple"},"_links":{"self":[{"href":"https:\/\/baldumarket.lt\/lt\/wp-json\/wp\/v2\/product\/160018","targetHints":{"allow":["GET"]}}],"collection":[{"href":"https:\/\/baldumarket.lt\/lt\/wp-json\/wp\/v2\/product"}],"about":[{"href":"https:\/\/baldumarket.lt\/lt\/wp-json\/wp\/v2\/types\/product"}],"replies":[{"embeddable":true,"href":"https:\/\/baldumarket.lt\/lt\/wp-json\/wp\/v2\/comments?post=160018"}],"wp:featuredmedia":[{"embeddable":true,"href":"https:\/\/baldumarket.lt\/lt\/wp-json\/wp\/v2\/media\/160019"}],"wp:attachment":[{"href":"https:\/\/baldumarket.lt\/lt\/wp-json\/wp\/v2\/media?parent=160018"}],"wp:term":[{"taxonomy":"product_brand","embeddable":true,"href":"https:\/\/baldumarket.lt\/lt\/wp-json\/wp\/v2\/product_brand?post=160018"},{"taxonomy":"product_cat","embeddable":true,"href":"https:\/\/baldumarket.lt\/lt\/wp-json\/wp\/v2\/product_cat?post=160018"},{"taxonomy":"product_tag","embeddable":true,"href":"https:\/\/baldumarket.lt\/lt\/wp-json\/wp\/v2\/product_tag?post=160018"}],"curies":[{"name":"wp","href":"https:\/\/api.w.org\/{rel}","templated":true}]}}