{"id":160013,"date":"2025-12-19T00:56:39","date_gmt":"2025-12-18T21:56:39","guid":{"rendered":"https:\/\/baldumarket.lt\/product\/szafka-kuchenna-dolna-1d1s-sorento-d40s1-p-l-puccini\/"},"modified":"2026-02-18T11:17:35","modified_gmt":"2026-02-18T08:17:35","slug":"szafka-kuchenna-dolna-1d1s-sorento-d40s1-p-l-puccini","status":"publish","type":"product","link":"https:\/\/baldumarket.lt\/lt\/product\/szafka-kuchenna-dolna-1d1s-sorento-d40s1-p-l-puccini\/","title":{"rendered":"Apatin\u0117 virtuv\u0117s spintel\u0117 1D1S Sorento D40S1 P\/L Puccini"},"content":{"rendered":"<p>Sveiki atvyk\u0119 \u012f elegancijos ir funkcionalumo pasaul\u012f su apatine virtuv\u0117s spintele \u201eSorento D40S1\u201c i\u0161 nepaprastos \u201eGa\u0142a Meble\u201c \u201ePuccini\u201c kolekcijos. \u0160i spintel\u0117 yra tikras meno k\u016brinys, \u017eavintis savo nesenstan\u010diu dizainu ir suteikiantis subtilios elegancijos bet kokiam virtuv\u0117s interjerui. D\u0117l prislopint\u0173 \u201ePuccini\u201c priekin\u0117s dalies ir korpuso atspalvi\u0173 spintel\u0117 puikiai der\u0117s prie bet kokios erdv\u0117s, sukurdama harmonij\u0105 ir modern\u0173 stili\u0173. \u0160i virtuv\u0117s spintel\u0117 pasi\u017eymi ne tik gro\u017eiu, bet ir funkcionalumu. Ji buvo sukurta atsi\u017evelgiant \u012f kasdienius poreikius, si\u016blant erdv\u0119 daiktams susid\u0117ti, kuri supaprastins virtuv\u0117s organizavim\u0105. Pilno i\u0161traukimo b\u0117geliai suteikia itin patogi\u0105 prieig\u0105 prie spintel\u0117s turinio, u\u017etikrindami patogum\u0105 gaminant maist\u0105 ir valant. Ypa\u010d verta d\u0117mesio \u0161ios spintel\u0117s konstrukcijoje naudot\u0173 med\u017eiag\u0173 kokyb\u0117. Juoda metalin\u0117 rankena ne tik suteikia estetinio patrauklumo, bet ir yra patvari bei lengvai valoma. Priekinei daliai ir korpusui naudojama laminuota plok\u0161t\u0117 yra atspari pa\u017eeidimams, tod\u0117l tai idealus pasirinkimas intensyviai naudojamoms virtuv\u0117ms.<\/p>","protected":false},"excerpt":{"rendered":"<p>Plotis (cm): 40<br \/>\n\u016agis (cm): 87<br \/>\nGylis (cm): 52<\/p>","protected":false},"featured_media":160014,"comment_status":"open","ping_status":"open","template":"","meta":[],"product_brand":[],"product_cat":[9436,4106],"product_tag":[],"class_list":{"0":"post-160013","1":"product","2":"type-product","3":"status-publish","4":"has-post-thumbnail","6":"product_cat-kitchen-system-sorento","7":"product_cat-gala-meble","9":"first","10":"instock","11":"purchasable","12":"product-type-simple"},"_links":{"self":[{"href":"https:\/\/baldumarket.lt\/lt\/wp-json\/wp\/v2\/product\/160013","targetHints":{"allow":["GET"]}}],"collection":[{"href":"https:\/\/baldumarket.lt\/lt\/wp-json\/wp\/v2\/product"}],"about":[{"href":"https:\/\/baldumarket.lt\/lt\/wp-json\/wp\/v2\/types\/product"}],"replies":[{"embeddable":true,"href":"https:\/\/baldumarket.lt\/lt\/wp-json\/wp\/v2\/comments?post=160013"}],"wp:featuredmedia":[{"embeddable":true,"href":"https:\/\/baldumarket.lt\/lt\/wp-json\/wp\/v2\/media\/160014"}],"wp:attachment":[{"href":"https:\/\/baldumarket.lt\/lt\/wp-json\/wp\/v2\/media?parent=160013"}],"wp:term":[{"taxonomy":"product_brand","embeddable":true,"href":"https:\/\/baldumarket.lt\/lt\/wp-json\/wp\/v2\/product_brand?post=160013"},{"taxonomy":"product_cat","embeddable":true,"href":"https:\/\/baldumarket.lt\/lt\/wp-json\/wp\/v2\/product_cat?post=160013"},{"taxonomy":"product_tag","embeddable":true,"href":"https:\/\/baldumarket.lt\/lt\/wp-json\/wp\/v2\/product_tag?post=160013"}],"curies":[{"name":"wp","href":"https:\/\/api.w.org\/{rel}","templated":true}]}}