{"id":160008,"date":"2025-12-19T00:56:28","date_gmt":"2025-12-18T21:56:28","guid":{"rendered":"https:\/\/baldumarket.lt\/product\/szafka-kuchenna-dolna-1d1s-sorento-d40s1-p-l-puccini-bezowy-mat\/"},"modified":"2026-02-18T11:17:35","modified_gmt":"2026-02-18T08:17:35","slug":"szafka-kuchenna-dolna-1d1s-sorento-d40s1-p-l-puccini-bezowy-mat","status":"publish","type":"product","link":"https:\/\/baldumarket.lt\/lt\/product\/szafka-kuchenna-dolna-1d1s-sorento-d40s1-p-l-puccini-bezowy-mat\/","title":{"rendered":"Apatin\u0117 virtuv\u0117s spintel\u0117 1D1S Sorento D40S1 P\/L Puccini matin\u0117s sm\u0117lio spalvos"},"content":{"rendered":"<p>Atraskite elegancij\u0105 ir prakti\u0161kum\u0105 su \u201eSorento D40S1\u201c apatine virtuv\u0117s spintele. Matin\u0117s sm\u0117lio spalvos priekis kartu su Puccini spalvos korpusu sukuria harmoning\u0105 ir stiling\u0105 visum\u0105, kuri skland\u017eiai dera prie bet kokio interjero. \u0160i spintel\u0117 yra ne tik funkcionalus virtuv\u0117s dizaino elementas, bet ir estetinis akcentas, kuris suteiks j\u016bs\u0173 erdvei klas\u0117s ir modernumo. Minimalistinis \u201eSorento D40S1\u201c spintel\u0117s stilius suteikia j\u016bs\u0173 virtuvei raminant\u012f ir tvarking\u0105 poj\u016bt\u012f. Juodos metalin\u0117s rankenos suteikia subtil\u0173 kontrast\u0105 su ry\u0161kiais fasadais, pabr\u0117\u017edamos modern\u0173 dizain\u0105. \u0160i spintel\u0117 efektyviai derina estetik\u0105 ir funkcionalum\u0105, suteikdama daug vietos virtuv\u0117s reikmenims ir maistui laikyti. D\u0117l 15 cm reguliuojam\u0173 kojeli\u0173 galite lengvai pritaikyti spintel\u0119 pagal savo poreikius, u\u017etikrindami stabilum\u0105 ant nelygi\u0173 pavir\u0161i\u0173. Paprastas savaranki\u0161kas surinkimas leid\u017eia greitai ir be vargo integruoti \u012f j\u016bs\u0173 virtuv\u0119, o \u0161velnaus u\u017edarymo ir pilno i\u0161traukimo sistemos u\u017etikrina patog\u0173 ir tyl\u0173 naudojim\u0105 kiekvien\u0105 dien\u0105.<\/p>","protected":false},"excerpt":{"rendered":"<p>Plotis (cm): 40<br \/>\n\u016agis (cm): 87<br \/>\nGylis (cm): 52<\/p>","protected":false},"featured_media":160009,"comment_status":"open","ping_status":"open","template":"","meta":[],"product_brand":[],"product_cat":[9436,4106],"product_tag":[],"class_list":{"0":"post-160008","1":"product","2":"type-product","3":"status-publish","4":"has-post-thumbnail","6":"product_cat-kitchen-system-sorento","7":"product_cat-gala-meble","9":"first","10":"instock","11":"purchasable","12":"product-type-simple"},"_links":{"self":[{"href":"https:\/\/baldumarket.lt\/lt\/wp-json\/wp\/v2\/product\/160008","targetHints":{"allow":["GET"]}}],"collection":[{"href":"https:\/\/baldumarket.lt\/lt\/wp-json\/wp\/v2\/product"}],"about":[{"href":"https:\/\/baldumarket.lt\/lt\/wp-json\/wp\/v2\/types\/product"}],"replies":[{"embeddable":true,"href":"https:\/\/baldumarket.lt\/lt\/wp-json\/wp\/v2\/comments?post=160008"}],"wp:featuredmedia":[{"embeddable":true,"href":"https:\/\/baldumarket.lt\/lt\/wp-json\/wp\/v2\/media\/160009"}],"wp:attachment":[{"href":"https:\/\/baldumarket.lt\/lt\/wp-json\/wp\/v2\/media?parent=160008"}],"wp:term":[{"taxonomy":"product_brand","embeddable":true,"href":"https:\/\/baldumarket.lt\/lt\/wp-json\/wp\/v2\/product_brand?post=160008"},{"taxonomy":"product_cat","embeddable":true,"href":"https:\/\/baldumarket.lt\/lt\/wp-json\/wp\/v2\/product_cat?post=160008"},{"taxonomy":"product_tag","embeddable":true,"href":"https:\/\/baldumarket.lt\/lt\/wp-json\/wp\/v2\/product_tag?post=160008"}],"curies":[{"name":"wp","href":"https:\/\/api.w.org\/{rel}","templated":true}]}}