{"id":160003,"date":"2025-12-19T00:56:15","date_gmt":"2025-12-18T21:56:15","guid":{"rendered":"https:\/\/baldumarket.lt\/product\/szafka-kuchenna-dolna-1d1s-sorento-d40s1-p-l-puccini-bialy-mat-ramka\/"},"modified":"2026-02-18T11:17:35","modified_gmt":"2026-02-18T08:17:35","slug":"szafka-kuchenna-dolna-1d1s-sorento-d40s1-p-l-puccini-bialy-mat-ramka","status":"publish","type":"product","link":"https:\/\/baldumarket.lt\/lt\/product\/szafka-kuchenna-dolna-1d1s-sorento-d40s1-p-l-puccini-bialy-mat-ramka\/","title":{"rendered":"Apatin\u0117 virtuv\u0117s spintel\u0117 1D1S Sorento D40S1 P\/L Puccini matin\u0117s baltos spalvos r\u0117meliu"},"content":{"rendered":"<p>Pristatome \u201eSorento D40S1\u201c virtuv\u0117s spintel\u0119, kurioje dera modernus dizainas ir funkcionalumas, patenkinant net ir i\u0161rankiausi\u0173 virtuv\u0117s vartotoj\u0173 l\u016bkes\u010dius. Matin\u0117s baltos spalvos MDF fasadas sukuria eleganti\u0161k\u0105 ir minimalistin\u0119 i\u0161vaizd\u0105, puikiai papildan\u010di\u0105 \u012fvairius interjero dizainus. Puccini spalvos elementai suteikia rafinuoto stiliaus, tod\u0117l ji yra unikalus bet kurios virtuv\u0117s akcentas. J\u016bs\u0173 ak\u012f patrauks ne tik \u0161ios spintel\u0117s estetika. D\u0117l gerai apgalvoto dizaino ir intuityvaus organizavimo j\u016bs\u0173 virtuv\u0117 bus tvarkinga. Erdvi erdv\u0117 suteikia vietos aksesuarams laikyti, o prakti\u0161kas stal\u010dius suteikia papildomo funkcionalumo. \u201eSorento\u201c virtuv\u0117s spintel\u0117 yra ne tik baldas, bet ir sprendimas, padedantis palaikyti harmonij\u0105 j\u016bs\u0173 virtuv\u0117je. Kai funkcionalumas dera su patogumu, rezultatas \u2013 tobulas produktas. Aukso spalvos metalin\u0117 rankena ne tik suteikia elegancijos, bet ir yra maloni liesti, tod\u0117l idealiai tinka kasdieniam naudojimui. Reguliuojamos kojel\u0117s leid\u017eia reguliuoti auk\u0161t\u012f, tod\u0117l \u0161is spintel\u0117 yra itin lanksti ir pritaikoma \u012fvairiems virtuv\u0117s pavir\u0161iams bei i\u0161planavimams.<\/p>","protected":false},"excerpt":{"rendered":"<p>Plotis (cm): 40<br \/>\n\u016agis (cm): 87<br \/>\nGylis (cm): 52<\/p>","protected":false},"featured_media":160004,"comment_status":"open","ping_status":"open","template":"","meta":[],"product_brand":[],"product_cat":[9436,4106],"product_tag":[],"class_list":{"0":"post-160003","1":"product","2":"type-product","3":"status-publish","4":"has-post-thumbnail","6":"product_cat-kitchen-system-sorento","7":"product_cat-gala-meble","9":"first","10":"instock","11":"purchasable","12":"product-type-simple"},"_links":{"self":[{"href":"https:\/\/baldumarket.lt\/lt\/wp-json\/wp\/v2\/product\/160003","targetHints":{"allow":["GET"]}}],"collection":[{"href":"https:\/\/baldumarket.lt\/lt\/wp-json\/wp\/v2\/product"}],"about":[{"href":"https:\/\/baldumarket.lt\/lt\/wp-json\/wp\/v2\/types\/product"}],"replies":[{"embeddable":true,"href":"https:\/\/baldumarket.lt\/lt\/wp-json\/wp\/v2\/comments?post=160003"}],"wp:featuredmedia":[{"embeddable":true,"href":"https:\/\/baldumarket.lt\/lt\/wp-json\/wp\/v2\/media\/160004"}],"wp:attachment":[{"href":"https:\/\/baldumarket.lt\/lt\/wp-json\/wp\/v2\/media?parent=160003"}],"wp:term":[{"taxonomy":"product_brand","embeddable":true,"href":"https:\/\/baldumarket.lt\/lt\/wp-json\/wp\/v2\/product_brand?post=160003"},{"taxonomy":"product_cat","embeddable":true,"href":"https:\/\/baldumarket.lt\/lt\/wp-json\/wp\/v2\/product_cat?post=160003"},{"taxonomy":"product_tag","embeddable":true,"href":"https:\/\/baldumarket.lt\/lt\/wp-json\/wp\/v2\/product_tag?post=160003"}],"curies":[{"name":"wp","href":"https:\/\/api.w.org\/{rel}","templated":true}]}}