{"id":159998,"date":"2025-12-19T00:56:05","date_gmt":"2025-12-18T21:56:05","guid":{"rendered":"https:\/\/baldumarket.lt\/product\/szafka-kuchenna-dolna-1d1s-sorento-d40s1-p-l-puccini-green\/"},"modified":"2026-02-18T11:17:19","modified_gmt":"2026-02-18T08:17:19","slug":"szafka-kuchenna-dolna-1d1s-sorento-d40s1-p-l-puccini-green","status":"publish","type":"product","link":"https:\/\/baldumarket.lt\/lt\/product\/szafka-kuchenna-dolna-1d1s-sorento-d40s1-p-l-puccini-green\/","title":{"rendered":"Apatin\u0117 virtuv\u0117s spintel\u0117 1D1S Sorento D40S1 P\/L Puccini \u017ealia"},"content":{"rendered":"<p>Atraskite \u017ealiojo modernumo \u017eaves\u012f su \u201eSorento D40S1\u201c pagrindine virtuv\u0117s spintele. \u0160i eleganti\u0161ka \u201ePuccini\u201c \u017ealios spalvos spintel\u0117 puikiai tinka visiems, norintiems suteikti savo virtuvei spalv\u0173 ir stiliaus. Derinant modern\u0173 dizain\u0105 su funkcionalumu, ji tampa ne tik prakti\u0161ku baldu, bet ir dekoratyviniu elementu bet kuriame interjere. \u017dali fasadai kartu su juoda metaline rankena suteikia modernumo, sukuria malon\u0173 prabangos poj\u016bt\u012f. Tai puikus pasirinkimas tiems, kurie nori atnaujinti savo virtuv\u0119 ir suteikti jai menin\u0117s i\u0161rai\u0161kos prisilietim\u0105. Laminuotas fasadas padaro spintel\u0119 atspari\u0105 kasdieniam d\u0117v\u0117jimuisi ir u\u017etikrina ilgaam\u017ei\u0161kum\u0105. \u0160ios spintel\u0117s prakti\u0161kumas akivaizdus kiekvien\u0105 naudojimo akimirk\u0105. Reguliuojamos kojel\u0117s leid\u017eia lengvai pritaikyti jos auk\u0161t\u012f prie virtuv\u0117s lygio, o tai \u017eymiai supaprastina surinkim\u0105 ir naudojim\u0105. Spintel\u0117s vidus sukurtas atsi\u017evelgiant \u012f kasdien\u012f komfort\u0105 \u2013 pilno i\u0161traukimo b\u0117geliai ir \u0161velniai u\u017esidarantys \u201eClip-On\u201c vyriai u\u017etikrina skland\u0173 ir tyl\u0173 veikim\u0105.<\/p>","protected":false},"excerpt":{"rendered":"<p>Plotis (cm): 40<br \/>\n\u016agis (cm): 87<br \/>\nGylis (cm): 52<\/p>","protected":false},"featured_media":159999,"comment_status":"open","ping_status":"open","template":"","meta":[],"product_brand":[],"product_cat":[9436,4106],"product_tag":[],"class_list":{"0":"post-159998","1":"product","2":"type-product","3":"status-publish","4":"has-post-thumbnail","6":"product_cat-kitchen-system-sorento","7":"product_cat-gala-meble","9":"first","10":"instock","11":"purchasable","12":"product-type-simple"},"_links":{"self":[{"href":"https:\/\/baldumarket.lt\/lt\/wp-json\/wp\/v2\/product\/159998","targetHints":{"allow":["GET"]}}],"collection":[{"href":"https:\/\/baldumarket.lt\/lt\/wp-json\/wp\/v2\/product"}],"about":[{"href":"https:\/\/baldumarket.lt\/lt\/wp-json\/wp\/v2\/types\/product"}],"replies":[{"embeddable":true,"href":"https:\/\/baldumarket.lt\/lt\/wp-json\/wp\/v2\/comments?post=159998"}],"wp:featuredmedia":[{"embeddable":true,"href":"https:\/\/baldumarket.lt\/lt\/wp-json\/wp\/v2\/media\/159999"}],"wp:attachment":[{"href":"https:\/\/baldumarket.lt\/lt\/wp-json\/wp\/v2\/media?parent=159998"}],"wp:term":[{"taxonomy":"product_brand","embeddable":true,"href":"https:\/\/baldumarket.lt\/lt\/wp-json\/wp\/v2\/product_brand?post=159998"},{"taxonomy":"product_cat","embeddable":true,"href":"https:\/\/baldumarket.lt\/lt\/wp-json\/wp\/v2\/product_cat?post=159998"},{"taxonomy":"product_tag","embeddable":true,"href":"https:\/\/baldumarket.lt\/lt\/wp-json\/wp\/v2\/product_tag?post=159998"}],"curies":[{"name":"wp","href":"https:\/\/api.w.org\/{rel}","templated":true}]}}