{"id":159993,"date":"2025-12-19T00:55:56","date_gmt":"2025-12-18T21:55:56","guid":{"rendered":"https:\/\/baldumarket.lt\/product\/szafka-kuchenna-dolna-1d1s-sorento-d60s1-p-l-ax-baltic-storm\/"},"modified":"2026-02-18T11:17:19","modified_gmt":"2026-02-18T08:17:19","slug":"szafka-kuchenna-dolna-1d1s-sorento-d60s1-p-l-ax-baltic-storm","status":"publish","type":"product","link":"https:\/\/baldumarket.lt\/lt\/product\/szafka-kuchenna-dolna-1d1s-sorento-d60s1-p-l-ax-baltic-storm\/","title":{"rendered":"Apatin\u0117 virtuv\u0117s spintel\u0117 1D1S Sorento D60S1 P\/L AX Baltic Storm"},"content":{"rendered":"<p>Eleganti\u0161ko \u201eBaltic Storm\u201c atspalvio apatin\u0117 virtuv\u0117s spintel\u0117 \u201e1D1S Sorento D60S1 P\/L\u201c \u2013 puikus pasirinkimas visiems, norintiems derinti modern\u0173 stili\u0173 su funkcionalumu. Minimalistinis dizainas ir subtili apdaila paver\u010dia j\u0105 j\u016bs\u0173 virtuv\u0117s \u0161irdimi, puikiai deran\u010dia su kitais dekoro elementais. D\u0117l auk\u0161tos kokyb\u0117s laminuotos plok\u0161t\u0117s naudojimo spintel\u0117 ne tik puikiai atrodo, bet ir yra atspari pa\u017eeidimams, u\u017etikrinant jos patvarum\u0105 ir estetin\u012f patrauklum\u0105 ilgus metus. Svarbiausias \u0161ios spintel\u0117s bruo\u017eas \u2013 auk\u0161tos, reguliuojamo auk\u0161\u010dio kojel\u0117s. \u0160ios kojel\u0117s ne tik palengvina \u201eSorento\u201c spintel\u0119, bet ir palengvina valym\u0105, o tai ne\u012ftik\u0117tinai prakti\u0161ka bet kuriuose namuose. Juodos kojel\u0117s suteikia visam baldui charakterio, sukurdamos gra\u017e\u0173 kontrast\u0105 su \u201eBaltic Storm\u201c fasadais, kurie tikrai patrauks kiekvieno sve\u010dio ak\u012f. Unikali ne tik spintel\u0117s i\u0161vaizda, bet ir funkcionalumas. Su prakti\u0161ku stal\u010diumi ir lentyna galite lengvai sutvarkyti savo virtuv\u0117s erdv\u0119. Stal\u010dius, galintis i\u0161laikyti iki 40 kg svor\u012f, suteikia pakankamai vietos visiems j\u016bs\u0173 virtuv\u0117s reikmenims, o pilno i\u0161traukimo sistema leid\u017eia patogiai ir be vargo pasiekti turin\u012f. Tylus veikimas d\u0117l u\u017espaud\u017eiam\u0173 vyri\u0173 yra papildomas privalumas, didinantis kasdien\u012f komfort\u0105.<\/p>","protected":false},"excerpt":{"rendered":"<p>Plotis (cm): 60<br \/>\n\u016agis (cm): 87<br \/>\nGylis (cm): 52<\/p>","protected":false},"featured_media":159994,"comment_status":"open","ping_status":"open","template":"","meta":[],"product_brand":[],"product_cat":[9436,4106],"product_tag":[],"class_list":{"0":"post-159993","1":"product","2":"type-product","3":"status-publish","4":"has-post-thumbnail","6":"product_cat-kitchen-system-sorento","7":"product_cat-gala-meble","9":"first","10":"instock","11":"purchasable","12":"product-type-simple"},"_links":{"self":[{"href":"https:\/\/baldumarket.lt\/lt\/wp-json\/wp\/v2\/product\/159993","targetHints":{"allow":["GET"]}}],"collection":[{"href":"https:\/\/baldumarket.lt\/lt\/wp-json\/wp\/v2\/product"}],"about":[{"href":"https:\/\/baldumarket.lt\/lt\/wp-json\/wp\/v2\/types\/product"}],"replies":[{"embeddable":true,"href":"https:\/\/baldumarket.lt\/lt\/wp-json\/wp\/v2\/comments?post=159993"}],"wp:featuredmedia":[{"embeddable":true,"href":"https:\/\/baldumarket.lt\/lt\/wp-json\/wp\/v2\/media\/159994"}],"wp:attachment":[{"href":"https:\/\/baldumarket.lt\/lt\/wp-json\/wp\/v2\/media?parent=159993"}],"wp:term":[{"taxonomy":"product_brand","embeddable":true,"href":"https:\/\/baldumarket.lt\/lt\/wp-json\/wp\/v2\/product_brand?post=159993"},{"taxonomy":"product_cat","embeddable":true,"href":"https:\/\/baldumarket.lt\/lt\/wp-json\/wp\/v2\/product_cat?post=159993"},{"taxonomy":"product_tag","embeddable":true,"href":"https:\/\/baldumarket.lt\/lt\/wp-json\/wp\/v2\/product_tag?post=159993"}],"curies":[{"name":"wp","href":"https:\/\/api.w.org\/{rel}","templated":true}]}}