{"id":159988,"date":"2025-12-19T00:55:46","date_gmt":"2025-12-18T21:55:46","guid":{"rendered":"https:\/\/baldumarket.lt\/product\/szafka-kuchenna-dolna-1d1s-sorento-d60s1-p-l-ax-puccini\/"},"modified":"2026-02-18T11:17:19","modified_gmt":"2026-02-18T08:17:19","slug":"szafka-kuchenna-dolna-1d1s-sorento-d60s1-p-l-ax-puccini","status":"publish","type":"product","link":"https:\/\/baldumarket.lt\/lt\/product\/szafka-kuchenna-dolna-1d1s-sorento-d60s1-p-l-ax-puccini\/","title":{"rendered":"Apatin\u0117 virtuv\u0117s spintel\u0117 1D1S Sorento D60S1 P\/L AX Puccini"},"content":{"rendered":"<p>Atraskite modern\u0173 \u017eaves\u012f ir funkcionalum\u0105 \u2013 apatin\u0119 \u201eGa\u0142a Meble\u201c virtuv\u0117s spintel\u0119 \u201eSorento D60S1\u201c, kuri nustebins jus unikaliu stiliumi. \u201ePuccini\u201c spalva suteikia jai elegancijos ir leid\u017eia puikiai der\u0117ti prie bet kokio virtuv\u0117s i\u0161d\u0117stymo, sukurdama harmoning\u0105 erdv\u0119. Minimalistinis dizainas kartu su juoda metaline rankena \u2013 tai tobulas estetikos ir prakti\u0161kumo derinys, pritraukiantis kiekvieno, vertinan\u010dio \u0161iuolaiki\u0161k\u0105 apdail\u0105, d\u0117mes\u012f. Jei ie\u0161kote bald\u0173, kurie b\u016bt\u0173 ne tik gra\u017e\u016bs, bet ir prakti\u0161ki kasdieniam naudojimui, \u0161i spintel\u0117 yra puikus pasirinkimas. Erdvus stal\u010dius ir lentyna u\u017etikrina efektyv\u0173 daikt\u0173 saugojim\u0105, padeda palaikyti tvark\u0105 virtuv\u0117je. \u0160velnaus u\u017edarymo ir u\u017espaud\u017eiami vyriai yra novatori\u0161ki sprendimai, kurie padidina naudojimo patogum\u0105, pa\u0161alina nemalonius garsus ir u\u017etikrina malon\u0173 naudojim\u0105 kiekvien\u0105 dien\u0105. Gerai apgalvota laminuotos plok\u0161t\u0117s konstrukcija daro \u0161i\u0105 spintel\u0119 atspari\u0105 pa\u017eeidimams ir garantuoja jos ilgaam\u017ei\u0161kum\u0105. \u201ePuccini\u201c spalvos laminato pavir\u0161iai yra \u017einomi d\u0117l savo atsparumo \u012fbr\u0117\u017eimams ir lengvo valymo, tod\u0117l j\u016bs\u0173 virtuv\u0117 visada atrodys kaip nauja. Auk\u0161tos, reguliuojamos kojel\u0117s leid\u017eia puikiai reguliuoti auk\u0161t\u012f, o tai padidina \u0161ios spintel\u0117s funkcionalum\u0105.<\/p>","protected":false},"excerpt":{"rendered":"<p>Plotis (cm): 60<br \/>\n\u016agis (cm): 87<br \/>\nGylis (cm): 52<\/p>","protected":false},"featured_media":159989,"comment_status":"open","ping_status":"open","template":"","meta":[],"product_brand":[],"product_cat":[9436,4106],"product_tag":[],"class_list":{"0":"post-159988","1":"product","2":"type-product","3":"status-publish","4":"has-post-thumbnail","6":"product_cat-kitchen-system-sorento","7":"product_cat-gala-meble","9":"first","10":"instock","11":"purchasable","12":"product-type-simple"},"_links":{"self":[{"href":"https:\/\/baldumarket.lt\/lt\/wp-json\/wp\/v2\/product\/159988","targetHints":{"allow":["GET"]}}],"collection":[{"href":"https:\/\/baldumarket.lt\/lt\/wp-json\/wp\/v2\/product"}],"about":[{"href":"https:\/\/baldumarket.lt\/lt\/wp-json\/wp\/v2\/types\/product"}],"replies":[{"embeddable":true,"href":"https:\/\/baldumarket.lt\/lt\/wp-json\/wp\/v2\/comments?post=159988"}],"wp:featuredmedia":[{"embeddable":true,"href":"https:\/\/baldumarket.lt\/lt\/wp-json\/wp\/v2\/media\/159989"}],"wp:attachment":[{"href":"https:\/\/baldumarket.lt\/lt\/wp-json\/wp\/v2\/media?parent=159988"}],"wp:term":[{"taxonomy":"product_brand","embeddable":true,"href":"https:\/\/baldumarket.lt\/lt\/wp-json\/wp\/v2\/product_brand?post=159988"},{"taxonomy":"product_cat","embeddable":true,"href":"https:\/\/baldumarket.lt\/lt\/wp-json\/wp\/v2\/product_cat?post=159988"},{"taxonomy":"product_tag","embeddable":true,"href":"https:\/\/baldumarket.lt\/lt\/wp-json\/wp\/v2\/product_tag?post=159988"}],"curies":[{"name":"wp","href":"https:\/\/api.w.org\/{rel}","templated":true}]}}