{"id":159983,"date":"2025-12-19T00:55:37","date_gmt":"2025-12-18T21:55:37","guid":{"rendered":"https:\/\/baldumarket.lt\/product\/szafka-kuchenna-dolna-1d1s-sorento-d60s1-p-l-ax-puccini-bezowy-mat\/"},"modified":"2026-02-18T11:17:19","modified_gmt":"2026-02-18T08:17:19","slug":"szafka-kuchenna-dolna-1d1s-sorento-d60s1-p-l-ax-puccini-bezowy-mat","status":"publish","type":"product","link":"https:\/\/baldumarket.lt\/lt\/product\/szafka-kuchenna-dolna-1d1s-sorento-d60s1-p-l-ax-puccini-bezowy-mat\/","title":{"rendered":"Apatin\u0117 virtuv\u0117s spintel\u0117 1D1S Sorento D60S1 P\/L AX Puccini matin\u0117s sm\u0117lio spalvos"},"content":{"rendered":"<p>Pasinerkite \u012f funkcionalaus elegancijos pasaul\u012f su matin\u0117s sm\u0117lio spalvos \u201eSorento Base\u201c virtuv\u0117s spintele. \u0160i stilinga spintel\u0117, priklausanti garsiajai \u201eGa\u0142a Meble\u201c kolekcijai, d\u017eiugins jus minimalistiniu dizainu, puikiai der\u0117sian\u010diu prie modernaus virtuv\u0117s interjero. Klasikinis sm\u0117lio spalvos atspalvis suteiks erdvei jaukumo ir harmonijos, kartu i\u0161ry\u0161kindamas kitus dekoratyvinius j\u016bs\u0173 nam\u0173 elementus. Sukurta galvojant apie komfort\u0105, \u201eSorento\u201c spintel\u0117 pasi\u017eymi ne tik estetika, bet ir prakti\u0161kumu. D\u0117l \u0161velniai u\u017esidaran\u010di\u0173 \u201eClip-On\u201c vyri\u0173 kiekvienos durel\u0117s u\u017esidaro skland\u017eiai ir beveik tyliai, u\u017etikrindamos kasdien\u012f patogum\u0105. Prakti\u0161kas pilno i\u0161traukimo stal\u010dius palengvina prieig\u0105 prie laikom\u0173 daikt\u0173, maksimaliai i\u0161naudoja naudojam\u0105 erdv\u0119 ir palengvina virtuv\u0117s chaos\u0105. Eleganti\u0161kos juodos metalin\u0117s rankenos suteikia modernumo ir yra malonios naudoti. Auk\u0161tos, reguliuojamo auk\u0161\u010dio kojel\u0117s (nuo 15 iki 17 cm) leid\u017eia pritaikyti spintel\u0119 prie savo poreiki\u0173 ir palengvina \u0161var\u0105 po spintel\u0117mis. \u0160is novatori\u0161kas dizainas u\u017etikrina, kad spintel\u0117 lengvai susilies su likusia j\u016bs\u0173 virtuv\u0117s erdve, sukurdama darni\u0105 ir stiling\u0105 erdv\u0119.<\/p>","protected":false},"excerpt":{"rendered":"<p>Plotis (cm): 60<br \/>\n\u016agis (cm): 87<br \/>\nGylis (cm): 52<\/p>","protected":false},"featured_media":159984,"comment_status":"open","ping_status":"open","template":"","meta":[],"product_brand":[],"product_cat":[9436,4106],"product_tag":[],"class_list":{"0":"post-159983","1":"product","2":"type-product","3":"status-publish","4":"has-post-thumbnail","6":"product_cat-kitchen-system-sorento","7":"product_cat-gala-meble","9":"first","10":"instock","11":"purchasable","12":"product-type-simple"},"_links":{"self":[{"href":"https:\/\/baldumarket.lt\/lt\/wp-json\/wp\/v2\/product\/159983","targetHints":{"allow":["GET"]}}],"collection":[{"href":"https:\/\/baldumarket.lt\/lt\/wp-json\/wp\/v2\/product"}],"about":[{"href":"https:\/\/baldumarket.lt\/lt\/wp-json\/wp\/v2\/types\/product"}],"replies":[{"embeddable":true,"href":"https:\/\/baldumarket.lt\/lt\/wp-json\/wp\/v2\/comments?post=159983"}],"wp:featuredmedia":[{"embeddable":true,"href":"https:\/\/baldumarket.lt\/lt\/wp-json\/wp\/v2\/media\/159984"}],"wp:attachment":[{"href":"https:\/\/baldumarket.lt\/lt\/wp-json\/wp\/v2\/media?parent=159983"}],"wp:term":[{"taxonomy":"product_brand","embeddable":true,"href":"https:\/\/baldumarket.lt\/lt\/wp-json\/wp\/v2\/product_brand?post=159983"},{"taxonomy":"product_cat","embeddable":true,"href":"https:\/\/baldumarket.lt\/lt\/wp-json\/wp\/v2\/product_cat?post=159983"},{"taxonomy":"product_tag","embeddable":true,"href":"https:\/\/baldumarket.lt\/lt\/wp-json\/wp\/v2\/product_tag?post=159983"}],"curies":[{"name":"wp","href":"https:\/\/api.w.org\/{rel}","templated":true}]}}