{"id":159978,"date":"2025-12-19T00:55:26","date_gmt":"2025-12-18T21:55:26","guid":{"rendered":"https:\/\/baldumarket.lt\/product\/szafka-kuchenna-dolna-1d1s-z-wkladem-na-sztucce-sorento-d60s1-p-l-ax-baltic-storm-bezowy-mat\/"},"modified":"2026-02-18T11:17:19","modified_gmt":"2026-02-18T08:17:19","slug":"szafka-kuchenna-dolna-1d1s-z-wkladem-na-sztucce-sorento-d60s1-p-l-ax-baltic-storm-bezowy-mat","status":"publish","type":"product","link":"https:\/\/baldumarket.lt\/lt\/product\/szafka-kuchenna-dolna-1d1s-z-wkladem-na-sztucce-sorento-d60s1-p-l-ax-baltic-storm-bezowy-mat\/","title":{"rendered":"Apatin\u0117 virtuv\u0117s spintel\u0117 1D1S su stalo \u012franki\u0173 \u012fd\u0117klu Sorento D60S1 P\/L AX Baltic Storm matin\u0117s sm\u0117lio spalvos"},"content":{"rendered":"<p>Eleganti\u0161ka \u201eSorento\u201c serijos apatin\u0117 virtuv\u0117s spintel\u0117 \u2013 puikus sprendimas tiems, kurie vertina modern\u0173 dizain\u0105 ir funkcionalum\u0105. Matin\u0117s sm\u0117lio spalvos priekis papildo \u201eBaltic Storm\u201c apdail\u0105, suteikdamas interjerui subtilios elegancijos. \u0160is spalv\u0173 derinys lengvai \u012fsilies \u012f bet kuri\u0105 virtuv\u0119 ir taps dekoratyviniu elementu. D\u0117l \u012fd\u0117klo \u012f stalo \u012frankius \u0161i spintel\u0117 padeda palaikyti tvark\u0105 ir organizuotum\u0105 j\u016bs\u0173 virtuv\u0117s erdv\u0117je. Prakti\u0161kas stal\u010dius, judantis pilno i\u0161traukimo b\u0117geliais, suteikia lengv\u0105 prieig\u0105 prie jo turinio. \u0160velnaus u\u017edarymo funkcija leid\u017eia naudotis spintele malonumu, nesvarbu, kaip da\u017enai ji atidaroma ir u\u017edaroma kiekvien\u0105 dien\u0105. \u0160i spintel\u0117 su lentyna sukurta maksimaliam erdv\u0117s i\u0161naudojimui. D\u0117l reguliuojam\u0173 kojeli\u0173 galite j\u0105 puikiai priderinti prie savo virtuv\u0117s auk\u0161\u010dio. Visas spintel\u0117 papuo\u0161ta juoda metaline rankena, suteikian\u010dia charakterio ir modernaus stiliaus.<\/p>","protected":false},"excerpt":{"rendered":"<p>Plotis (cm): 60<br \/>\n\u016agis (cm): 87<br \/>\nGylis (cm): 52<\/p>","protected":false},"featured_media":159979,"comment_status":"open","ping_status":"open","template":"","meta":[],"product_brand":[],"product_cat":[9436,4106],"product_tag":[],"class_list":{"0":"post-159978","1":"product","2":"type-product","3":"status-publish","4":"has-post-thumbnail","6":"product_cat-kitchen-system-sorento","7":"product_cat-gala-meble","9":"first","10":"instock","11":"purchasable","12":"product-type-simple"},"_links":{"self":[{"href":"https:\/\/baldumarket.lt\/lt\/wp-json\/wp\/v2\/product\/159978","targetHints":{"allow":["GET"]}}],"collection":[{"href":"https:\/\/baldumarket.lt\/lt\/wp-json\/wp\/v2\/product"}],"about":[{"href":"https:\/\/baldumarket.lt\/lt\/wp-json\/wp\/v2\/types\/product"}],"replies":[{"embeddable":true,"href":"https:\/\/baldumarket.lt\/lt\/wp-json\/wp\/v2\/comments?post=159978"}],"wp:featuredmedia":[{"embeddable":true,"href":"https:\/\/baldumarket.lt\/lt\/wp-json\/wp\/v2\/media\/159979"}],"wp:attachment":[{"href":"https:\/\/baldumarket.lt\/lt\/wp-json\/wp\/v2\/media?parent=159978"}],"wp:term":[{"taxonomy":"product_brand","embeddable":true,"href":"https:\/\/baldumarket.lt\/lt\/wp-json\/wp\/v2\/product_brand?post=159978"},{"taxonomy":"product_cat","embeddable":true,"href":"https:\/\/baldumarket.lt\/lt\/wp-json\/wp\/v2\/product_cat?post=159978"},{"taxonomy":"product_tag","embeddable":true,"href":"https:\/\/baldumarket.lt\/lt\/wp-json\/wp\/v2\/product_tag?post=159978"}],"curies":[{"name":"wp","href":"https:\/\/api.w.org\/{rel}","templated":true}]}}