{"id":159973,"date":"2025-12-19T00:55:16","date_gmt":"2025-12-18T21:55:16","guid":{"rendered":"https:\/\/baldumarket.lt\/product\/szafka-kuchenna-dolna-1d1s-z-wkladem-na-sztucce-sorento-d60s1-p-l-ax-baltic-storm-green\/"},"modified":"2026-02-18T11:17:19","modified_gmt":"2026-02-18T08:17:19","slug":"szafka-kuchenna-dolna-1d1s-z-wkladem-na-sztucce-sorento-d60s1-p-l-ax-baltic-storm-green","status":"publish","type":"product","link":"https:\/\/baldumarket.lt\/lt\/product\/szafka-kuchenna-dolna-1d1s-z-wkladem-na-sztucce-sorento-d60s1-p-l-ax-baltic-storm-green\/","title":{"rendered":"Apatin\u0117 virtuv\u0117s spintel\u0117 1D1S su stalo \u012franki\u0173 \u012fd\u0117klu Sorento D60S1 P\/L AX Baltic Storm Green"},"content":{"rendered":"<p>Pristatome Jums \u201eSorento\u201c virtuv\u0117s spintel\u0119 \u2013 tobul\u0105 stiliaus ir funkcionalumo derin\u012f, kuris puikiai papuo\u0161 J\u016bs\u0173 virtuv\u0117s interjer\u0105. Eleganti\u0161kas matin\u0117s \u017ealios spalvos priekis, pagamintas i\u0161 patvarios laminuotos plok\u0161t\u0117s, spinduliuoja modernia estetika, kuri tikrai patrauks kiekvieno sve\u010dio ak\u012f. Tai ne tik baldas, bet ir elementas, kuris suteiks J\u016bs\u0173 virtuvei rafinuotumo. Patraukli \u201eBaltic Storm\u201c korpuso spalva subtiliai i\u0161ry\u0161kina visos konstrukcijos gro\u017e\u012f. Ta\u010diau \u201eSorento\u201c spintel\u0117s gro\u017eis \u2013 ne vienintelis jos privalumas. D\u0117l apgalvoto dizaino kiekviena dalis atlieka svarbi\u0105 funkcij\u0105, tod\u0117l tai itin prakti\u0161kas pasirinkimas bet kuriai virtuvei. Pilnai i\u0161traukiamas stal\u010dius suteikia lengv\u0105 prieig\u0105 prie laikom\u0173 daikt\u0173, o pridedamas stalo \u012franki\u0173 d\u0117klas leid\u017eia puikiai juos sutvarkyti. Visa tai kasdienius virtuv\u0117s darbus padaro efektyvesnius ir malonesnius. Taip pat nepamir\u0161kime i\u0161skirtinio naudojimo patogumo, kur\u012f suteikia \u201eClip-On\u201c vyriai su \u0161velnaus u\u017edarymo funkcija. \u0160velnus dureli\u0173 ir stal\u010di\u0173 u\u017edarymas yra ne tik patogumo klausimas, bet ir u\u017etikrina bald\u0173 ilgaam\u017ei\u0161kum\u0105. Juodos metalin\u0117s rankenos ne tik gra\u017eiai kontrastuoja su spintel\u0117s spalv\u0173 gama, bet ir yra patvarios bei lengvai valomos, o tai labai svarbu virtuv\u0117s erdv\u0117je.<\/p>","protected":false},"excerpt":{"rendered":"<p>Plotis (cm): 60<br \/>\n\u016agis (cm): 87<br \/>\nGylis (cm): 52<\/p>","protected":false},"featured_media":159974,"comment_status":"open","ping_status":"open","template":"","meta":[],"product_brand":[],"product_cat":[9436,4106],"product_tag":[],"class_list":{"0":"post-159973","1":"product","2":"type-product","3":"status-publish","4":"has-post-thumbnail","6":"product_cat-kitchen-system-sorento","7":"product_cat-gala-meble","9":"first","10":"instock","11":"purchasable","12":"product-type-simple"},"_links":{"self":[{"href":"https:\/\/baldumarket.lt\/lt\/wp-json\/wp\/v2\/product\/159973","targetHints":{"allow":["GET"]}}],"collection":[{"href":"https:\/\/baldumarket.lt\/lt\/wp-json\/wp\/v2\/product"}],"about":[{"href":"https:\/\/baldumarket.lt\/lt\/wp-json\/wp\/v2\/types\/product"}],"replies":[{"embeddable":true,"href":"https:\/\/baldumarket.lt\/lt\/wp-json\/wp\/v2\/comments?post=159973"}],"wp:featuredmedia":[{"embeddable":true,"href":"https:\/\/baldumarket.lt\/lt\/wp-json\/wp\/v2\/media\/159974"}],"wp:attachment":[{"href":"https:\/\/baldumarket.lt\/lt\/wp-json\/wp\/v2\/media?parent=159973"}],"wp:term":[{"taxonomy":"product_brand","embeddable":true,"href":"https:\/\/baldumarket.lt\/lt\/wp-json\/wp\/v2\/product_brand?post=159973"},{"taxonomy":"product_cat","embeddable":true,"href":"https:\/\/baldumarket.lt\/lt\/wp-json\/wp\/v2\/product_cat?post=159973"},{"taxonomy":"product_tag","embeddable":true,"href":"https:\/\/baldumarket.lt\/lt\/wp-json\/wp\/v2\/product_tag?post=159973"}],"curies":[{"name":"wp","href":"https:\/\/api.w.org\/{rel}","templated":true}]}}