{"id":159968,"date":"2025-12-19T00:55:06","date_gmt":"2025-12-18T21:55:06","guid":{"rendered":"https:\/\/baldumarket.lt\/product\/szafka-kuchenna-dolna-1d1s-z-wkladem-na-sztucce-sorento-d60s1-p-l-ax-bialy-green\/"},"modified":"2026-02-18T11:17:19","modified_gmt":"2026-02-18T08:17:19","slug":"szafka-kuchenna-dolna-1d1s-z-wkladem-na-sztucce-sorento-d60s1-p-l-ax-bialy-green","status":"publish","type":"product","link":"https:\/\/baldumarket.lt\/lt\/product\/szafka-kuchenna-dolna-1d1s-z-wkladem-na-sztucce-sorento-d60s1-p-l-ax-bialy-green\/","title":{"rendered":"Apatin\u0117 virtuv\u0117s spintel\u0117 1D1S su stalo \u012franki\u0173 \u012fd\u0117klu Sorento D60S1 P\/L AX balta \u017ealia"},"content":{"rendered":"<p>Atraskite elegancij\u0105 ir funkcionalum\u0105 savo virtuv\u0117je su baltos spalvos apatine virtuv\u0117s spintele \u201eSorento D60S1 P\/L AX 1D1S\u201c su stalo \u012franki\u0173 \u012fd\u0117klu. Stilingas, strukt\u016bri\u0161kas dizainas neabejotinai papuo\u0161 j\u016bs\u0173 virtuv\u0117s interjer\u0105, derindamas modernum\u0105 su klasika. Matin\u0117 \u017ealia priekin\u0117 dalis tikrai patrauks ak\u012f, suteikdama j\u016bs\u0173 virtuv\u0117s erdvei gaivumo ir gyvumo. Prakti\u0161kumas dera su estetika. Spintel\u0117 sukurta atsi\u017evelgiant \u012f kasdien\u012f naudojim\u0105, joje yra vienas erdvus stal\u010dius ir papildoma lentyna. D\u0117l novatori\u0161kos viso i\u0161traukimo technologijos galite lengvai pasiekti visus viduje esan\u010dius daiktus. \u0160velniai u\u017esidaranti \u201eClip-on\u201c vyri\u0173 sistema leid\u017eia naudotis spintele ne tik patogiai, bet ir tyliai, galb\u016bt nustebindama kitus nam\u0173 \u016bkio narius savo diskreti\u0161kumu. Paprastas naudojimas dera su tvirta konstrukcija. Laminuota plok\u0161t\u0117, i\u0161 kurios pagaminta spintel\u0117, yra labai atspari pa\u017eeidimams, u\u017etikrinanti ilg\u0105 tarnavimo laik\u0105. Be to, auk\u0161tos kojel\u0117s (reguliuojamos nuo 15 iki 17 cm) ne tik suteikia elegancijos, bet ir palengvina grind\u0173 valym\u0105, o tai yra svarbus aspektas kiekvienoje virtuv\u0117je.<\/p>","protected":false},"excerpt":{"rendered":"<p>Plotis (cm): 60<br \/>\n\u016agis (cm): 87<br \/>\nGylis (cm): 52<\/p>","protected":false},"featured_media":159969,"comment_status":"open","ping_status":"open","template":"","meta":[],"product_brand":[],"product_cat":[9436,4106],"product_tag":[],"class_list":{"0":"post-159968","1":"product","2":"type-product","3":"status-publish","4":"has-post-thumbnail","6":"product_cat-kitchen-system-sorento","7":"product_cat-gala-meble","9":"first","10":"instock","11":"purchasable","12":"product-type-simple"},"_links":{"self":[{"href":"https:\/\/baldumarket.lt\/lt\/wp-json\/wp\/v2\/product\/159968","targetHints":{"allow":["GET"]}}],"collection":[{"href":"https:\/\/baldumarket.lt\/lt\/wp-json\/wp\/v2\/product"}],"about":[{"href":"https:\/\/baldumarket.lt\/lt\/wp-json\/wp\/v2\/types\/product"}],"replies":[{"embeddable":true,"href":"https:\/\/baldumarket.lt\/lt\/wp-json\/wp\/v2\/comments?post=159968"}],"wp:featuredmedia":[{"embeddable":true,"href":"https:\/\/baldumarket.lt\/lt\/wp-json\/wp\/v2\/media\/159969"}],"wp:attachment":[{"href":"https:\/\/baldumarket.lt\/lt\/wp-json\/wp\/v2\/media?parent=159968"}],"wp:term":[{"taxonomy":"product_brand","embeddable":true,"href":"https:\/\/baldumarket.lt\/lt\/wp-json\/wp\/v2\/product_brand?post=159968"},{"taxonomy":"product_cat","embeddable":true,"href":"https:\/\/baldumarket.lt\/lt\/wp-json\/wp\/v2\/product_cat?post=159968"},{"taxonomy":"product_tag","embeddable":true,"href":"https:\/\/baldumarket.lt\/lt\/wp-json\/wp\/v2\/product_tag?post=159968"}],"curies":[{"name":"wp","href":"https:\/\/api.w.org\/{rel}","templated":true}]}}