{"id":159962,"date":"2025-12-19T00:54:54","date_gmt":"2025-12-18T21:54:54","guid":{"rendered":"https:\/\/baldumarket.lt\/product\/szafka-kuchenna-dolna-1d1s-z-wkladem-na-sztucce-sorento-d60s1-p-l-ax-bialy-mat\/"},"modified":"2026-02-18T11:17:19","modified_gmt":"2026-02-18T08:17:19","slug":"szafka-kuchenna-dolna-1d1s-z-wkladem-na-sztucce-sorento-d60s1-p-l-ax-bialy-mat","status":"publish","type":"product","link":"https:\/\/baldumarket.lt\/lt\/product\/szafka-kuchenna-dolna-1d1s-z-wkladem-na-sztucce-sorento-d60s1-p-l-ax-bialy-mat\/","title":{"rendered":"Apatin\u0117 virtuv\u0117s spintel\u0117 1D1S su stalo \u012franki\u0173 \u012fd\u0117klu Sorento D60S1 P\/L AX matin\u0117s baltos spalvos"},"content":{"rendered":"<p>Atraskite gro\u017e\u012f ir funkcionalum\u0105 viename su \u201eSorento\u201c apatine virtuv\u0117s spintele, kurioje dera modernus dizainas ir prakti\u0161kumas. Eleganti\u0161ka matin\u0117 balta spalva suteiks elegancijos bet kuriai virtuvei, nepriklausomai nuo jos stiliaus. Auksin\u0117s metalin\u0117s ranken\u0117l\u0117s subtiliai kontrastuoja su balta spalva, suteikdamos visam interjerui prabangos. Tai puikus pasirinkimas tiems, kurie vertina ir estetik\u0105, ir kasdien\u012f funkcionalum\u0105. Kasdienis organizavimas ir daikt\u0173 laikymas tampa lengvesnis d\u0117l erdvaus stal\u010diaus ir stalo \u012franki\u0173 d\u0117klo, kurie padidina komfort\u0105. \u201eClip-On\u201c vyriai ir \u0161velnaus u\u017edarymo sistema u\u017etikrina skland\u0173 ir \u0161veln\u0173 u\u017edarym\u0105, o tai ypa\u010d svarbu erdv\u0117se, kur svarbiausia tyla. Reguliuojamos kojel\u0117s garantuoja stabilum\u0105 ant bet kokio pavir\u0161iaus, o j\u0173 reguliavimas leid\u017eia lengvai pritaikyti spintel\u0119 prie nelygi\u0173 grind\u0173. Spintel\u0117 pagaminta i\u0161 auk\u0161tos kokyb\u0117s MDF ir laminuotos plok\u0161t\u0117s, tod\u0117l ji yra ne tik atspari pa\u017eeidimams, bet ir stilinga ilgus metus. Tai investicija \u012f kokyb\u0119, kuri tarnaus ilgai, u\u017etikrindama, kad b\u016bsite patenkinti pirkiniu. D\u0117l visi\u0161kai i\u0161traukiam\u0173 b\u0117geli\u0173 kiekviena virtuv\u0117je praleista akimirka yra grynas komfortas ir malonumas.<\/p>","protected":false},"excerpt":{"rendered":"<p>Plotis (cm): 60<br \/>\n\u016agis (cm): 87<br \/>\nGylis (cm): 52<\/p>","protected":false},"featured_media":159963,"comment_status":"open","ping_status":"open","template":"","meta":[],"product_brand":[],"product_cat":[9436,4106],"product_tag":[],"class_list":{"0":"post-159962","1":"product","2":"type-product","3":"status-publish","4":"has-post-thumbnail","6":"product_cat-kitchen-system-sorento","7":"product_cat-gala-meble","9":"first","10":"instock","11":"purchasable","12":"product-type-simple"},"_links":{"self":[{"href":"https:\/\/baldumarket.lt\/lt\/wp-json\/wp\/v2\/product\/159962","targetHints":{"allow":["GET"]}}],"collection":[{"href":"https:\/\/baldumarket.lt\/lt\/wp-json\/wp\/v2\/product"}],"about":[{"href":"https:\/\/baldumarket.lt\/lt\/wp-json\/wp\/v2\/types\/product"}],"replies":[{"embeddable":true,"href":"https:\/\/baldumarket.lt\/lt\/wp-json\/wp\/v2\/comments?post=159962"}],"wp:featuredmedia":[{"embeddable":true,"href":"https:\/\/baldumarket.lt\/lt\/wp-json\/wp\/v2\/media\/159963"}],"wp:attachment":[{"href":"https:\/\/baldumarket.lt\/lt\/wp-json\/wp\/v2\/media?parent=159962"}],"wp:term":[{"taxonomy":"product_brand","embeddable":true,"href":"https:\/\/baldumarket.lt\/lt\/wp-json\/wp\/v2\/product_brand?post=159962"},{"taxonomy":"product_cat","embeddable":true,"href":"https:\/\/baldumarket.lt\/lt\/wp-json\/wp\/v2\/product_cat?post=159962"},{"taxonomy":"product_tag","embeddable":true,"href":"https:\/\/baldumarket.lt\/lt\/wp-json\/wp\/v2\/product_tag?post=159962"}],"curies":[{"name":"wp","href":"https:\/\/api.w.org\/{rel}","templated":true}]}}