{"id":159957,"date":"2025-12-19T00:54:44","date_gmt":"2025-12-18T21:54:44","guid":{"rendered":"https:\/\/baldumarket.lt\/product\/szafka-kuchenna-dolna-1d1s-z-wkladem-na-sztucce-sorento-d60s1-p-l-ax-bialy-mat-bezowy-mat\/"},"modified":"2026-02-18T11:17:03","modified_gmt":"2026-02-18T08:17:03","slug":"szafka-kuchenna-dolna-1d1s-z-wkladem-na-sztucce-sorento-d60s1-p-l-ax-bialy-mat-bezowy-mat","status":"publish","type":"product","link":"https:\/\/baldumarket.lt\/lt\/product\/szafka-kuchenna-dolna-1d1s-z-wkladem-na-sztucce-sorento-d60s1-p-l-ax-bialy-mat-bezowy-mat\/","title":{"rendered":"Apatin\u0117 virtuv\u0117s spintel\u0117 1D1S su stalo \u012franki\u0173 \u012fd\u0117klu Sorento D60S1 P\/L AX matin\u0117 balta matin\u0117 sm\u0117lio spalvos"},"content":{"rendered":"<p>Atraskite nepaprast\u0105 elegancij\u0105 ir funkcionalum\u0105, kur\u012f si\u016blo \u201eSorento D60S1\u201c apatin\u0117 virtuv\u0117s spintel\u0117. Jos prislopintos spalvos \u2013 matin\u0117 sm\u0117lio spalva priekyje ir matin\u0117 balta korpuse \u2013 puikiai dera, sukurdamos minimalistin\u012f, modern\u0173 \u012fvaizd\u012f. \u0160ios spalvos suteikia interjerui lengvumo ir erdvumo, puikiai derindamos skandinavi\u0161ko stiliaus tendencijas. \u0160i apatin\u0117 spintel\u0117 ne tik atrodo gra\u017eiai, bet ir si\u016blo prakti\u0161kus sprendimus bet kuriai virtuvei. Joje yra stal\u010dius su stalo \u012franki\u0173 \u012fd\u0117klu, kuris padeda palaikyti tvark\u0105 ir yra patogus naudoti. Atidaryti j\u0105 \u2013 tikras malonumas d\u0117l \u0161velnaus u\u017edarymo mechanizmo, u\u017etikrinan\u010dio tyl\u0173 u\u017edarym\u0105. Tvirta auk\u0161tos kokyb\u0117s laminuotos plok\u0161t\u0117s konstrukcija garantuoja patvarum\u0105 ir atsparum\u0105 kasdieniam d\u0117v\u0117jimuisi. Juodos metalin\u0117s ranken\u0117l\u0117s dar labiau sustiprina modern\u0173 charakter\u012f ir suteikia elegancijos. 15 cm auk\u0161\u010dio reguliuojamos kojel\u0117s leid\u017eia lengvai reguliuoti spintel\u0117s auk\u0161t\u012f pagal savo poreikius.<\/p>","protected":false},"excerpt":{"rendered":"<p>Plotis (cm): 60<br \/>\n\u016agis (cm): 87<br \/>\nGylis (cm): 52<\/p>","protected":false},"featured_media":159958,"comment_status":"open","ping_status":"open","template":"","meta":[],"product_brand":[],"product_cat":[9436,4106],"product_tag":[],"class_list":{"0":"post-159957","1":"product","2":"type-product","3":"status-publish","4":"has-post-thumbnail","6":"product_cat-kitchen-system-sorento","7":"product_cat-gala-meble","9":"first","10":"instock","11":"purchasable","12":"product-type-simple"},"_links":{"self":[{"href":"https:\/\/baldumarket.lt\/lt\/wp-json\/wp\/v2\/product\/159957","targetHints":{"allow":["GET"]}}],"collection":[{"href":"https:\/\/baldumarket.lt\/lt\/wp-json\/wp\/v2\/product"}],"about":[{"href":"https:\/\/baldumarket.lt\/lt\/wp-json\/wp\/v2\/types\/product"}],"replies":[{"embeddable":true,"href":"https:\/\/baldumarket.lt\/lt\/wp-json\/wp\/v2\/comments?post=159957"}],"wp:featuredmedia":[{"embeddable":true,"href":"https:\/\/baldumarket.lt\/lt\/wp-json\/wp\/v2\/media\/159958"}],"wp:attachment":[{"href":"https:\/\/baldumarket.lt\/lt\/wp-json\/wp\/v2\/media?parent=159957"}],"wp:term":[{"taxonomy":"product_brand","embeddable":true,"href":"https:\/\/baldumarket.lt\/lt\/wp-json\/wp\/v2\/product_brand?post=159957"},{"taxonomy":"product_cat","embeddable":true,"href":"https:\/\/baldumarket.lt\/lt\/wp-json\/wp\/v2\/product_cat?post=159957"},{"taxonomy":"product_tag","embeddable":true,"href":"https:\/\/baldumarket.lt\/lt\/wp-json\/wp\/v2\/product_tag?post=159957"}],"curies":[{"name":"wp","href":"https:\/\/api.w.org\/{rel}","templated":true}]}}