{"id":159952,"date":"2025-12-19T00:54:34","date_gmt":"2025-12-18T21:54:34","guid":{"rendered":"https:\/\/baldumarket.lt\/product\/szafka-kuchenna-dolna-1d1s-z-wkladem-na-sztucce-sorento-d60s1-p-l-ax-bialy-mat-puccini\/"},"modified":"2026-02-18T11:17:03","modified_gmt":"2026-02-18T08:17:03","slug":"szafka-kuchenna-dolna-1d1s-z-wkladem-na-sztucce-sorento-d60s1-p-l-ax-bialy-mat-puccini","status":"publish","type":"product","link":"https:\/\/baldumarket.lt\/lt\/product\/szafka-kuchenna-dolna-1d1s-z-wkladem-na-sztucce-sorento-d60s1-p-l-ax-bialy-mat-puccini\/","title":{"rendered":"Apatin\u0117 virtuv\u0117s spintel\u0117 1D1S su stalo \u012franki\u0173 \u012fd\u0117klu Sorento D60S1 P\/L AX matin\u0117s baltos spalvos Puccini"},"content":{"rendered":"<p>Pakelkite savo virtuv\u0119 \u012f kit\u0105 elegancijos lyg\u012f su 1D1S \u201eSorento\u201c apatine spintele su matin\u0117s baltos spalvos \u201ePuccini\u201c apdaila. \u0160i unikali spintel\u0117, pasi\u017eyminti paprastomis, bet stilingomis linijomis, puikiai der\u0117s prie modernaus interjero, suteikdama funkcionalumo ir estetinio patrauklumo. Matin\u0117s apdailos gro\u017eis harmoningai papildo neapdorotas, juodas metalines rankenas, sukurdamas ry\u0161k\u0173 kontrast\u0105. D\u0117l tvirtos laminuotos plok\u0161t\u0117s konstrukcijos \u201eSorento\u201c apatin\u0117 spintel\u0117 derina patvarum\u0105 ir nesenstant\u012f stili\u0173. Patikimumas yra jos antrasis pavadinimas, tod\u0117l tai puikus pasirinkimas tiems, kurie ie\u0161ko bald\u0173, kurie tarnaus ilgus metus. Subtili balta korpuso spalva su eleganti\u0161ka \u201ePuccini\u201c priekine dalimi pagyvins bet koki\u0105 erdv\u0119 ir tuo pa\u010diu taps prakti\u0161ku bet kokio interjero akcentu. Naudokite j\u0105 kaip pagrindin\u012f virtuv\u0117s element\u0105, kur ji harmoningai derina vizualin\u012f gro\u017e\u012f ir funkcionalum\u0105. \u201eSorento\u201c apatin\u0117s spintel\u0117s funkcionalumas buvo sukurtas atsi\u017evelgiant \u012f paprast\u0105 naudojim\u0105. \u012eranki\u0173 skyrius ir prakti\u0161kas stal\u010dius leid\u017eia efektyviai organizuoti erdv\u0119, supaprastinant kasdienius darbus. \u0160velnaus u\u017edarymo ir pilno i\u0161traukimo mechanizmai u\u017etikrina paprast\u0105 naudojim\u0105, pa\u0161alina nereikaling\u0105 triuk\u0161m\u0105 ir padidina laikom\u0173 daikt\u0173 prieinamum\u0105. Tai puikus sprendimas tiems, kurie kasdieniame gyvenime vertina modernias technologijas.<\/p>","protected":false},"excerpt":{"rendered":"<p>Plotis (cm): 60<br \/>\n\u016agis (cm): 87<br \/>\nGylis (cm): 52<\/p>","protected":false},"featured_media":159953,"comment_status":"open","ping_status":"open","template":"","meta":[],"product_brand":[],"product_cat":[9436,4106],"product_tag":[],"class_list":{"0":"post-159952","1":"product","2":"type-product","3":"status-publish","4":"has-post-thumbnail","6":"product_cat-kitchen-system-sorento","7":"product_cat-gala-meble","9":"first","10":"instock","11":"purchasable","12":"product-type-simple"},"_links":{"self":[{"href":"https:\/\/baldumarket.lt\/lt\/wp-json\/wp\/v2\/product\/159952","targetHints":{"allow":["GET"]}}],"collection":[{"href":"https:\/\/baldumarket.lt\/lt\/wp-json\/wp\/v2\/product"}],"about":[{"href":"https:\/\/baldumarket.lt\/lt\/wp-json\/wp\/v2\/types\/product"}],"replies":[{"embeddable":true,"href":"https:\/\/baldumarket.lt\/lt\/wp-json\/wp\/v2\/comments?post=159952"}],"wp:featuredmedia":[{"embeddable":true,"href":"https:\/\/baldumarket.lt\/lt\/wp-json\/wp\/v2\/media\/159953"}],"wp:attachment":[{"href":"https:\/\/baldumarket.lt\/lt\/wp-json\/wp\/v2\/media?parent=159952"}],"wp:term":[{"taxonomy":"product_brand","embeddable":true,"href":"https:\/\/baldumarket.lt\/lt\/wp-json\/wp\/v2\/product_brand?post=159952"},{"taxonomy":"product_cat","embeddable":true,"href":"https:\/\/baldumarket.lt\/lt\/wp-json\/wp\/v2\/product_cat?post=159952"},{"taxonomy":"product_tag","embeddable":true,"href":"https:\/\/baldumarket.lt\/lt\/wp-json\/wp\/v2\/product_tag?post=159952"}],"curies":[{"name":"wp","href":"https:\/\/api.w.org\/{rel}","templated":true}]}}