{"id":159945,"date":"2025-12-19T00:54:18","date_gmt":"2025-12-18T21:54:18","guid":{"rendered":"https:\/\/baldumarket.lt\/product\/szafka-kuchenna-dolna-1d1s-z-wkladem-na-sztucce-sorento-d60s1-p-l-ax-puccini-bialy-mat-ramka\/"},"modified":"2026-02-18T11:17:03","modified_gmt":"2026-02-18T08:17:03","slug":"szafka-kuchenna-dolna-1d1s-z-wkladem-na-sztucce-sorento-d60s1-p-l-ax-puccini-bialy-mat-ramka","status":"publish","type":"product","link":"https:\/\/baldumarket.lt\/lt\/product\/szafka-kuchenna-dolna-1d1s-z-wkladem-na-sztucce-sorento-d60s1-p-l-ax-puccini-bialy-mat-ramka\/","title":{"rendered":"Apatin\u0117 virtuv\u0117s spintel\u0117 1D1S su stalo \u012franki\u0173 \u012fd\u0117klu Sorento D60S1 P\/L AX Puccini matin\u0117s baltos spalvos r\u0117meliu"},"content":{"rendered":"<p>Atraskite elegancij\u0105, kuri u\u017eburia kiekvienos virtuv\u0117s \u0161ird\u012f, su m\u016bs\u0173 \u201eSorento D60S1\u201c virtuv\u0117s spintele. Sukurta tiems, kurie vertina ne tik funkcionalum\u0105, bet ir, svarbiausia, estetik\u0105, \u0161i spintel\u0117 derina modern\u0173 dizain\u0105 su klasikiniu \u017eavesiu. Matin\u0117 balta priekin\u0117 dalis gra\u017eiai kontrastuoja su Puccini spalva, suteikdama interjerui unikalaus lengvumo ir erdvumo. Pasinerkite \u012f kiekvieno atviro stal\u010diaus prabang\u0105 d\u0117l aukso atspalvio metalini\u0173 ranken\u0117li\u0173, kurios ne tik suteikia elegancijos, bet ir pabr\u0117\u017eia unikal\u0173 bald\u0173 stili\u0173. Reguliuojamos 15 cm kojel\u0117s leid\u017eia pritaikyti spintel\u0119 pagal individualius poreikius, tod\u0117l ji idealiai tinka tiek ma\u017eoms, tiek didel\u0117ms erdv\u0117ms. \u0160i spintel\u0117 yra ne tik esteti\u0161kai patraukli, bet ir prakti\u0161ka, tod\u0117l tai puikus pasirinkimas \u0161iuolaikiniams nam\u0173 \u0161eimininkams. Palepinkite save komfortu d\u0117l tyli\u0173 \u201eClip-On\u201c vyri\u0173 ir pilno i\u0161traukimo b\u0117geli\u0173, kurie u\u017etikrina tyl\u0173 ir skland\u0173 veikim\u0105. \u0160ios detal\u0117s kiekvien\u0105 spintel\u0117s naudojim\u0105 paver\u010dia tikru malonumu, o dureli\u0173 u\u017edarymas taps eleganti\u0161ku j\u016bs\u0173 dienos akcentu. Surinkimas paprastas ir patenkins bet kur\u012f \u201epasidaryk pats\u201c entuziast\u0105.<\/p>","protected":false},"excerpt":{"rendered":"<p>Plotis (cm): 60<br \/>\n\u016agis (cm): 87<br \/>\nGylis (cm): 52<\/p>","protected":false},"featured_media":159946,"comment_status":"open","ping_status":"open","template":"","meta":[],"product_brand":[],"product_cat":[9436,4106],"product_tag":[],"class_list":{"0":"post-159945","1":"product","2":"type-product","3":"status-publish","4":"has-post-thumbnail","6":"product_cat-kitchen-system-sorento","7":"product_cat-gala-meble","9":"first","10":"instock","11":"purchasable","12":"product-type-simple"},"_links":{"self":[{"href":"https:\/\/baldumarket.lt\/lt\/wp-json\/wp\/v2\/product\/159945","targetHints":{"allow":["GET"]}}],"collection":[{"href":"https:\/\/baldumarket.lt\/lt\/wp-json\/wp\/v2\/product"}],"about":[{"href":"https:\/\/baldumarket.lt\/lt\/wp-json\/wp\/v2\/types\/product"}],"replies":[{"embeddable":true,"href":"https:\/\/baldumarket.lt\/lt\/wp-json\/wp\/v2\/comments?post=159945"}],"wp:featuredmedia":[{"embeddable":true,"href":"https:\/\/baldumarket.lt\/lt\/wp-json\/wp\/v2\/media\/159946"}],"wp:attachment":[{"href":"https:\/\/baldumarket.lt\/lt\/wp-json\/wp\/v2\/media?parent=159945"}],"wp:term":[{"taxonomy":"product_brand","embeddable":true,"href":"https:\/\/baldumarket.lt\/lt\/wp-json\/wp\/v2\/product_brand?post=159945"},{"taxonomy":"product_cat","embeddable":true,"href":"https:\/\/baldumarket.lt\/lt\/wp-json\/wp\/v2\/product_cat?post=159945"},{"taxonomy":"product_tag","embeddable":true,"href":"https:\/\/baldumarket.lt\/lt\/wp-json\/wp\/v2\/product_tag?post=159945"}],"curies":[{"name":"wp","href":"https:\/\/api.w.org\/{rel}","templated":true}]}}