{"id":159938,"date":"2025-12-19T00:54:03","date_gmt":"2025-12-18T21:54:03","guid":{"rendered":"https:\/\/baldumarket.lt\/product\/szafka-kuchenna-dolna-1d1s-z-wkladem-na-sztucce-sorento-d60s1-p-l-ax-puccini-green\/"},"modified":"2026-02-18T11:17:03","modified_gmt":"2026-02-18T08:17:03","slug":"szafka-kuchenna-dolna-1d1s-z-wkladem-na-sztucce-sorento-d60s1-p-l-ax-puccini-green","status":"publish","type":"product","link":"https:\/\/baldumarket.lt\/lt\/product\/szafka-kuchenna-dolna-1d1s-z-wkladem-na-sztucce-sorento-d60s1-p-l-ax-puccini-green\/","title":{"rendered":"Apatin\u0117 virtuv\u0117s spintel\u0117 1D1S su stalo \u012franki\u0173 \u012fd\u0117klu Sorento D60S1 P\/L AX Puccini \u017ealia"},"content":{"rendered":"<p>\u201eGa\u0142a Meble\u201c \u201eSorento D60S1 P\/L AX\u201c apatin\u0117 virtuv\u0117s spintel\u0117 \u201ePuccini Green\u201c spalvos \u2013 puikus pasirinkimas tiems, kurie nori suteikti savo virtuvei unikalumo. \u0160iltas \u017ealias priekin\u0117s dalies atspalvis kartu su eleganti\u0161ku \u201ePuccini\u201c korpusu sukuria ne\u012ftik\u0117tinai stiling\u0105 derin\u012f, kuris lengvai tiks tiek moderniame, tiek klasikiniame interjere. Tai ne tik baldas, bet ir dekoratyvinis elementas, kuris pagerins j\u016bs\u0173 virtuv\u0117s estetik\u0105. \u0160ios virtuv\u0117s spintel\u0117s funkcionalumas yra toks pat \u012fsp\u016bdingas, kaip ir jos i\u0161vaizda. D\u0117l apgalvot\u0173 sprendim\u0173, toki\u0173 kaip \u0161velniai u\u017esidarantys vyriai ir pilno i\u0161traukimo b\u0117geliai, ja nepaprastai patogu naudotis. Patogus stal\u010dius su \u012fd\u0117klu stalo \u012frankiams leid\u017eia palaikyti tvark\u0105 ir efektyviai i\u0161naudoti erdv\u0119, o tai ne\u012fkainojama bet kuriuose nam\u0173 \u016bkiuose. Tvirta laminuotos plok\u0161t\u0117s konstrukcija daro spintel\u0119 atspari\u0105 pa\u017eeidimams ir atlaikys daugel\u012f met\u0173 intensyvaus naudojimo. Juodos metalin\u0117s rankenos, kurios harmoningai papildo bendr\u0105 spintel\u0117s stili\u0173, dar labiau padidina jos patvarum\u0105 ir stabilum\u0105. Reguliuojamos 15 cm auk\u0161\u010dio kojel\u0117s leid\u017eia puikiai prisitaikyti prie naudotojo poreiki\u0173 ir virtuv\u0117s erdv\u0117s.<\/p>","protected":false},"excerpt":{"rendered":"<p>Plotis (cm): 60<br \/>\n\u016agis (cm): 87<br \/>\nGylis (cm): 52<\/p>","protected":false},"featured_media":159939,"comment_status":"open","ping_status":"open","template":"","meta":[],"product_brand":[],"product_cat":[9436,4106],"product_tag":[],"class_list":{"0":"post-159938","1":"product","2":"type-product","3":"status-publish","4":"has-post-thumbnail","6":"product_cat-kitchen-system-sorento","7":"product_cat-gala-meble","9":"first","10":"instock","11":"purchasable","12":"product-type-simple"},"_links":{"self":[{"href":"https:\/\/baldumarket.lt\/lt\/wp-json\/wp\/v2\/product\/159938","targetHints":{"allow":["GET"]}}],"collection":[{"href":"https:\/\/baldumarket.lt\/lt\/wp-json\/wp\/v2\/product"}],"about":[{"href":"https:\/\/baldumarket.lt\/lt\/wp-json\/wp\/v2\/types\/product"}],"replies":[{"embeddable":true,"href":"https:\/\/baldumarket.lt\/lt\/wp-json\/wp\/v2\/comments?post=159938"}],"wp:featuredmedia":[{"embeddable":true,"href":"https:\/\/baldumarket.lt\/lt\/wp-json\/wp\/v2\/media\/159939"}],"wp:attachment":[{"href":"https:\/\/baldumarket.lt\/lt\/wp-json\/wp\/v2\/media?parent=159938"}],"wp:term":[{"taxonomy":"product_brand","embeddable":true,"href":"https:\/\/baldumarket.lt\/lt\/wp-json\/wp\/v2\/product_brand?post=159938"},{"taxonomy":"product_cat","embeddable":true,"href":"https:\/\/baldumarket.lt\/lt\/wp-json\/wp\/v2\/product_cat?post=159938"},{"taxonomy":"product_tag","embeddable":true,"href":"https:\/\/baldumarket.lt\/lt\/wp-json\/wp\/v2\/product_tag?post=159938"}],"curies":[{"name":"wp","href":"https:\/\/api.w.org\/{rel}","templated":true}]}}