{"id":159933,"date":"2025-12-19T00:53:54","date_gmt":"2025-12-18T21:53:54","guid":{"rendered":"https:\/\/baldumarket.lt\/product\/szafka-kuchenna-dolna-1s-cargo-sorento-d20c-baltic-storm-bezowy-mat\/"},"modified":"2026-02-18T11:17:03","modified_gmt":"2026-02-18T08:17:03","slug":"szafka-kuchenna-dolna-1s-cargo-sorento-d20c-baltic-storm-bezowy-mat","status":"publish","type":"product","link":"https:\/\/baldumarket.lt\/lt\/product\/szafka-kuchenna-dolna-1s-cargo-sorento-d20c-baltic-storm-bezowy-mat\/","title":{"rendered":"Apatin\u0117 virtuv\u0117s spintel\u0117 1S Cargo Sorento D20C Baltic Storm Beige Matte"},"content":{"rendered":"<p>Atraskite subtil\u0173 eleganti\u0161kum\u0105 ir modern\u0173 1S Cargo Sorento D20C apatin\u0117s virtuv\u0117s spintel\u0117s matin\u0117s sm\u0117lio spalvos dizain\u0105. \u0160i kompakti\u0161ka spintel\u0117 \u2013 tai tobulas stiliaus ir funkcionalumo derinys, idealiai tinkantis bet kuriai virtuvei, kurioje pirmenyb\u0117 teikiama minimalistiniams ir jaukiems sprendimams. Subtilios linijos ir rafinuota apdaila suteiks j\u016bs\u0173 virtuv\u0117s erdvei prabangos, tod\u0117l maisto gaminimas ir kasdien\u0117 veikla taps malonumu. \u0160iai virtuv\u0117s spintelei b\u016bdingas harmoningas matin\u0117s sm\u0117lio spalvos fasad\u0173 ir sodraus \u201eBaltic Storm\u201c atspalvio korpuso kontrastas. Tai puikus spalv\u0173 derinys, kuris suteiks j\u016bs\u0173 interjerui gylio ir rafinuotumo, kartu atitikdamas \u0161iuolaikines tendencijas. Laminuotos plok\u0161t\u0117s konstrukcija garantuoja patvarum\u0105 ir atsparum\u0105 pa\u017eeidimams, tod\u0117l \u0161i spintel\u0117 tarnaus ilgus metus. Ne tik estetinis patrauklumas, bet ir prakti\u0161kas erdv\u0117s i\u0161naudojimas daro Cargo Sorento spintel\u0119 nepakei\u010diama. D\u0117l i\u0161manaus krovini\u0173 skyrelio sprendimo galite lengvai pasiekti viduje laikomus daiktus, o tai \u017eymiai supaprastina organizavim\u0105. Reguliuojamos 15 cm auk\u0161\u010dio kojel\u0117s leid\u017eia puikiai pritaikyti spintel\u0119 prie virtuv\u0117s, u\u017etikrinant patog\u0173 naudojim\u0105 ir stabilum\u0105 net ant nelygi\u0173 pavir\u0161i\u0173.<\/p>","protected":false},"excerpt":{"rendered":"<p>Plotis (cm): 20<br \/>\n\u016agis (cm): 87<br \/>\nGylis (cm): 52<\/p>","protected":false},"featured_media":159934,"comment_status":"open","ping_status":"open","template":"","meta":[],"product_brand":[],"product_cat":[9436,4106],"product_tag":[],"class_list":{"0":"post-159933","1":"product","2":"type-product","3":"status-publish","4":"has-post-thumbnail","6":"product_cat-kitchen-system-sorento","7":"product_cat-gala-meble","9":"first","10":"instock","11":"purchasable","12":"product-type-simple"},"_links":{"self":[{"href":"https:\/\/baldumarket.lt\/lt\/wp-json\/wp\/v2\/product\/159933","targetHints":{"allow":["GET"]}}],"collection":[{"href":"https:\/\/baldumarket.lt\/lt\/wp-json\/wp\/v2\/product"}],"about":[{"href":"https:\/\/baldumarket.lt\/lt\/wp-json\/wp\/v2\/types\/product"}],"replies":[{"embeddable":true,"href":"https:\/\/baldumarket.lt\/lt\/wp-json\/wp\/v2\/comments?post=159933"}],"wp:featuredmedia":[{"embeddable":true,"href":"https:\/\/baldumarket.lt\/lt\/wp-json\/wp\/v2\/media\/159934"}],"wp:attachment":[{"href":"https:\/\/baldumarket.lt\/lt\/wp-json\/wp\/v2\/media?parent=159933"}],"wp:term":[{"taxonomy":"product_brand","embeddable":true,"href":"https:\/\/baldumarket.lt\/lt\/wp-json\/wp\/v2\/product_brand?post=159933"},{"taxonomy":"product_cat","embeddable":true,"href":"https:\/\/baldumarket.lt\/lt\/wp-json\/wp\/v2\/product_cat?post=159933"},{"taxonomy":"product_tag","embeddable":true,"href":"https:\/\/baldumarket.lt\/lt\/wp-json\/wp\/v2\/product_tag?post=159933"}],"curies":[{"name":"wp","href":"https:\/\/api.w.org\/{rel}","templated":true}]}}