{"id":159928,"date":"2025-12-19T00:53:44","date_gmt":"2025-12-18T21:53:44","guid":{"rendered":"https:\/\/baldumarket.lt\/product\/szafka-kuchenna-dolna-1s-cargo-sorento-d20c-baltic-storm-green\/"},"modified":"2026-02-18T11:17:03","modified_gmt":"2026-02-18T08:17:03","slug":"szafka-kuchenna-dolna-1s-cargo-sorento-d20c-baltic-storm-green","status":"publish","type":"product","link":"https:\/\/baldumarket.lt\/lt\/product\/szafka-kuchenna-dolna-1s-cargo-sorento-d20c-baltic-storm-green\/","title":{"rendered":"Apatin\u0117 virtuv\u0117s spintel\u0117 1S Cargo Sorento D20C Baltic Storm Green"},"content":{"rendered":"<p>Pakelkite savo virtuv\u0119 \u012f kit\u0105 lyg\u012f su eleganti\u0161ka apatine virtuv\u0117s spintele \u201e1S Cargo Sorento D20C\u201c, kurios i\u0161skirtinis atspalvis \u2013 \u201eBaltic Storm Green\u201c. Tai tikra ramyb\u0117s oaz\u0117, kuri suteiks bet kokiam interjerui unikalumo, \u012fne\u0161dama gaivaus modernaus dizaino dvelksmo. D\u0117l matin\u0117s \u017ealios priekin\u0117s apdailos \u0161i spintel\u0117 traukia ak\u012f ir puikiai dera su \u012fvairiomis virtuv\u0117s temomis \u2013 nuo industrin\u0117s iki skandinavi\u0161kos. Sukurta galvojant apie kasdien\u012f funkcionalum\u0105, \u0161i virtuv\u0117s spintel\u0117 yra tikras organizavimo meistras. D\u0117l \u0161velnaus u\u017edarymo sistemos ja naudotis ne tik patogu, bet ir ne\u012ftik\u0117tinai tylu, tod\u0117l ji idealiai tinka \u0161eimoms ir namams, kur tyla yra svarbiausia. Juoda metalin\u0117 rankena ne tik atrodo stilingai, bet ir u\u017etikrina patvarum\u0105 bei atsparum\u0105 kasdieniam naudojimui. Stilinga spintel\u0117s konstrukcija paremta tvirtomis, laminuotomis lentomis, kurios ne tik garantuoja patvarum\u0105, bet ir lengv\u0105 valym\u0105. Auk\u0161tos, reguliuojamos kojel\u0117s suteikia lengvumo ir leid\u017eia reguliuoti auk\u0161t\u012f pagal individualius poreikius, o tai ypa\u010d svarbu virtuv\u0117se su \u012fvairaus auk\u0161\u010dio stalvir\u0161iais. D\u0117l to spintel\u0117 puikiai tinka bet kokiam interjero dizainui, papildydama erdv\u0119 ne tik prakti\u0161kai, bet ir esteti\u0161kai.<\/p>","protected":false},"excerpt":{"rendered":"<p>Plotis (cm): 20<br \/>\n\u016agis (cm): 87<br \/>\nGylis (cm): 52<\/p>","protected":false},"featured_media":159929,"comment_status":"open","ping_status":"open","template":"","meta":[],"product_brand":[],"product_cat":[9436,4106],"product_tag":[],"class_list":{"0":"post-159928","1":"product","2":"type-product","3":"status-publish","4":"has-post-thumbnail","6":"product_cat-kitchen-system-sorento","7":"product_cat-gala-meble","9":"first","10":"instock","11":"purchasable","12":"product-type-simple"},"_links":{"self":[{"href":"https:\/\/baldumarket.lt\/lt\/wp-json\/wp\/v2\/product\/159928","targetHints":{"allow":["GET"]}}],"collection":[{"href":"https:\/\/baldumarket.lt\/lt\/wp-json\/wp\/v2\/product"}],"about":[{"href":"https:\/\/baldumarket.lt\/lt\/wp-json\/wp\/v2\/types\/product"}],"replies":[{"embeddable":true,"href":"https:\/\/baldumarket.lt\/lt\/wp-json\/wp\/v2\/comments?post=159928"}],"wp:featuredmedia":[{"embeddable":true,"href":"https:\/\/baldumarket.lt\/lt\/wp-json\/wp\/v2\/media\/159929"}],"wp:attachment":[{"href":"https:\/\/baldumarket.lt\/lt\/wp-json\/wp\/v2\/media?parent=159928"}],"wp:term":[{"taxonomy":"product_brand","embeddable":true,"href":"https:\/\/baldumarket.lt\/lt\/wp-json\/wp\/v2\/product_brand?post=159928"},{"taxonomy":"product_cat","embeddable":true,"href":"https:\/\/baldumarket.lt\/lt\/wp-json\/wp\/v2\/product_cat?post=159928"},{"taxonomy":"product_tag","embeddable":true,"href":"https:\/\/baldumarket.lt\/lt\/wp-json\/wp\/v2\/product_tag?post=159928"}],"curies":[{"name":"wp","href":"https:\/\/api.w.org\/{rel}","templated":true}]}}