{"id":159917,"date":"2025-12-19T00:53:23","date_gmt":"2025-12-18T21:53:23","guid":{"rendered":"https:\/\/baldumarket.lt\/product\/szafka-kuchenna-dolna-1s-cargo-sorento-d20c-bialy-mat-bezowy-mat\/"},"modified":"2026-02-18T11:17:03","modified_gmt":"2026-02-18T08:17:03","slug":"szafka-kuchenna-dolna-1s-cargo-sorento-d20c-bialy-mat-bezowy-mat","status":"publish","type":"product","link":"https:\/\/baldumarket.lt\/lt\/product\/szafka-kuchenna-dolna-1s-cargo-sorento-d20c-bialy-mat-bezowy-mat\/","title":{"rendered":"Apatin\u0117 virtuv\u0117s spintel\u0117 1S Cargo Sorento D20C matin\u0117s baltos matin\u0117s sm\u0117lio spalvos"},"content":{"rendered":"<p>Atraskite elegancij\u0105 ir funkcionalum\u0105, kur\u012f \u012f j\u016bs\u0173 virtuv\u0119 atne\u0161 1S Cargo Sorento D20C apatin\u0117 virtuv\u0117s spintel\u0117, kurios spalvos yra matin\u0117s baltos ir matin\u0117s sm\u0117lio spalvos. \u0160i unikali spintel\u0117 \u2013 tai tobulas modernaus dizaino ir prakti\u0161k\u0173 sprendim\u0173 derinys, kuris j\u016bs\u0173 virtuv\u0117s erdvei suteiks spalv\u0173 harmonijos. Subtilus sm\u0117lio spalvos priekis su matiniu pavir\u0161iumi kartu su baltu korpusu sukuria harmoning\u0105 visum\u0105, kuri lengvai der\u0117s prie daugelio interjero dizain\u0173. Funkcionalumas \u2013 tai antrasis \u0161ios spintel\u0117s pavadinimas. Prakti\u0161kas dizainas apima reguliuojamas kojeles, leid\u017eian\u010dias reguliuoti auk\u0161t\u012f pagal j\u016bs\u0173 poreikius. Tai u\u017etikrina, kad spintel\u0117 visada bus stabili ant bet koki\u0173 grind\u0173. Patogum\u0105 padidina \u201eClip-On\u201c vyriai su \u0161velnaus u\u017edarymo funkcija, u\u017etikrinantys skland\u0173 ir tyl\u0173 dureli\u0173 u\u017edarym\u0105. Tai puikus sprendimas tiems, kurie vertina ramyb\u0119 ir tyl\u0105 virtuv\u0117je. Spintel\u0117 pagaminta i\u0161 patvarios laminuotos plok\u0161t\u0117s, u\u017etikrinan\u010dios jos ilgaam\u017ei\u0161kum\u0105 ir atsparum\u0105 pa\u017eeidimams. Auk\u0161tos kokyb\u0117s apdaila u\u017etikrina, kad baldai atrodys geriausiai net ir po daugelio met\u0173 intensyvaus naudojimo. Eleganti\u0161ka juoda metalin\u0117 rankena suteikia spintelei charakterio ir modernumo. Tai puikus pasirinkimas tiems, kurie teikia pirmenyb\u0119 patvarumui ir stiliui.<\/p>","protected":false},"excerpt":{"rendered":"<p>Plotis (cm): 20<br \/>\n\u016agis (cm): 87<br \/>\nGylis (cm): 52<\/p>","protected":false},"featured_media":159918,"comment_status":"open","ping_status":"open","template":"","meta":[],"product_brand":[],"product_cat":[9436,4106],"product_tag":[],"class_list":{"0":"post-159917","1":"product","2":"type-product","3":"status-publish","4":"has-post-thumbnail","6":"product_cat-kitchen-system-sorento","7":"product_cat-gala-meble","9":"first","10":"instock","11":"purchasable","12":"product-type-simple"},"_links":{"self":[{"href":"https:\/\/baldumarket.lt\/lt\/wp-json\/wp\/v2\/product\/159917","targetHints":{"allow":["GET"]}}],"collection":[{"href":"https:\/\/baldumarket.lt\/lt\/wp-json\/wp\/v2\/product"}],"about":[{"href":"https:\/\/baldumarket.lt\/lt\/wp-json\/wp\/v2\/types\/product"}],"replies":[{"embeddable":true,"href":"https:\/\/baldumarket.lt\/lt\/wp-json\/wp\/v2\/comments?post=159917"}],"wp:featuredmedia":[{"embeddable":true,"href":"https:\/\/baldumarket.lt\/lt\/wp-json\/wp\/v2\/media\/159918"}],"wp:attachment":[{"href":"https:\/\/baldumarket.lt\/lt\/wp-json\/wp\/v2\/media?parent=159917"}],"wp:term":[{"taxonomy":"product_brand","embeddable":true,"href":"https:\/\/baldumarket.lt\/lt\/wp-json\/wp\/v2\/product_brand?post=159917"},{"taxonomy":"product_cat","embeddable":true,"href":"https:\/\/baldumarket.lt\/lt\/wp-json\/wp\/v2\/product_cat?post=159917"},{"taxonomy":"product_tag","embeddable":true,"href":"https:\/\/baldumarket.lt\/lt\/wp-json\/wp\/v2\/product_tag?post=159917"}],"curies":[{"name":"wp","href":"https:\/\/api.w.org\/{rel}","templated":true}]}}