{"id":159907,"date":"2025-12-19T00:53:04","date_gmt":"2025-12-18T21:53:04","guid":{"rendered":"https:\/\/baldumarket.lt\/product\/szafka-kuchenna-dolna-1s-cargo-sorento-d20c-puccini-bezowy-mat\/"},"modified":"2026-02-18T11:16:48","modified_gmt":"2026-02-18T08:16:48","slug":"szafka-kuchenna-dolna-1s-cargo-sorento-d20c-puccini-bezowy-mat","status":"publish","type":"product","link":"https:\/\/baldumarket.lt\/lt\/product\/szafka-kuchenna-dolna-1s-cargo-sorento-d20c-puccini-bezowy-mat\/","title":{"rendered":"Apatin\u0117 virtuv\u0117s spintel\u0117 1S Cargo Sorento D20C Puccini matin\u0117s sm\u0117lio spalvos"},"content":{"rendered":"<p>\u012ene\u0161kite \u012f savo virtuv\u0119 modernaus elegancijos su \u201ePuccini 1S Cargo Sorento D20C Matte Beige\u201c apatine virtuv\u0117s spintele. Subtilus matinis sm\u0117lio spalvos atspalvis puikiai dera su \u012fvairiais interjero stiliais, suteikdamas j\u016bs\u0173 virtuv\u0117s erdvei jaukumo ir rafinuotumo. Priekin\u0117 dalis, pagaminta i\u0161 auk\u0161tos kokyb\u0117s laminuotos plok\u0161t\u0117s, u\u017etikrina ne tik estetin\u012f patrauklum\u0105, bet ir atsparum\u0105 kasdieniam d\u0117v\u0117jimuisi. \u0160i spintel\u0117 buvo sukurta atsi\u017evelgiant \u012f funkcionalum\u0105, supaprastinant kasdien\u012f maisto ruo\u0161im\u0105. D\u0117l ma\u017eo 20 cm plo\u010dio ji idealiai tinka ma\u017eesn\u0117ms virtuv\u0117ms, kur svarbus kiekvienas centimetras. 52 cm gylis leid\u017eia patogiai laikyti indus ir prieskonius neu\u017eimant per daug vietos. U\u017esegami vyriai su \u0161velnaus u\u017edarymo mechanizmu leid\u017eia tyliai ir patogiai naudotis spintele. Juodos metalin\u0117s rankenos suteikia modernaus \u017eavesio ir puikiai papildo priekin\u0119 apdail\u0105. Ergonomi\u0161ka forma leid\u017eia lengvai atidaryti spintel\u0119 net ir tada, kai rankos pilnos. Stabilios, reguliuojamo auk\u0161\u010dio 15 cm auk\u0161\u010dio kojel\u0117s leid\u017eia spintel\u0119 pritaikyti prie nelygi\u0173 grind\u0173, u\u017etikrinant patikimum\u0105 ir ilgaam\u017ei\u0161kum\u0105 ilgus metus.<\/p>","protected":false},"excerpt":{"rendered":"<p>Plotis (cm): 20<br \/>\n\u016agis (cm): 87<br \/>\nGylis (cm): 52<\/p>","protected":false},"featured_media":159908,"comment_status":"open","ping_status":"open","template":"","meta":[],"product_brand":[],"product_cat":[9436,4106],"product_tag":[],"class_list":{"0":"post-159907","1":"product","2":"type-product","3":"status-publish","4":"has-post-thumbnail","6":"product_cat-kitchen-system-sorento","7":"product_cat-gala-meble","9":"first","10":"instock","11":"purchasable","12":"product-type-simple"},"_links":{"self":[{"href":"https:\/\/baldumarket.lt\/lt\/wp-json\/wp\/v2\/product\/159907","targetHints":{"allow":["GET"]}}],"collection":[{"href":"https:\/\/baldumarket.lt\/lt\/wp-json\/wp\/v2\/product"}],"about":[{"href":"https:\/\/baldumarket.lt\/lt\/wp-json\/wp\/v2\/types\/product"}],"replies":[{"embeddable":true,"href":"https:\/\/baldumarket.lt\/lt\/wp-json\/wp\/v2\/comments?post=159907"}],"wp:featuredmedia":[{"embeddable":true,"href":"https:\/\/baldumarket.lt\/lt\/wp-json\/wp\/v2\/media\/159908"}],"wp:attachment":[{"href":"https:\/\/baldumarket.lt\/lt\/wp-json\/wp\/v2\/media?parent=159907"}],"wp:term":[{"taxonomy":"product_brand","embeddable":true,"href":"https:\/\/baldumarket.lt\/lt\/wp-json\/wp\/v2\/product_brand?post=159907"},{"taxonomy":"product_cat","embeddable":true,"href":"https:\/\/baldumarket.lt\/lt\/wp-json\/wp\/v2\/product_cat?post=159907"},{"taxonomy":"product_tag","embeddable":true,"href":"https:\/\/baldumarket.lt\/lt\/wp-json\/wp\/v2\/product_tag?post=159907"}],"curies":[{"name":"wp","href":"https:\/\/api.w.org\/{rel}","templated":true}]}}