{"id":159902,"date":"2025-12-19T00:52:54","date_gmt":"2025-12-18T21:52:54","guid":{"rendered":"https:\/\/baldumarket.lt\/product\/szafka-kuchenna-dolna-1s-sorento-d45-p-l-baltic-storm-green\/"},"modified":"2026-02-18T11:16:48","modified_gmt":"2026-02-18T08:16:48","slug":"szafka-kuchenna-dolna-1s-sorento-d45-p-l-baltic-storm-green","status":"publish","type":"product","link":"https:\/\/baldumarket.lt\/lt\/product\/szafka-kuchenna-dolna-1s-sorento-d45-p-l-baltic-storm-green\/","title":{"rendered":"Apatin\u0117 virtuv\u0117s spintel\u0117 1S Sorento D45 P\/L Baltic Storm Green"},"content":{"rendered":"<p>Atraskite modernios virtuv\u0117s gro\u017e\u012f su \u201eSorento D45\u201c apatine virtuv\u0117s spintele, kurios spalva simbolizuoja gamt\u0105 ir elegancij\u0105 \u2013 \u201eBaltic Storm Green\u201c. \u0160is unikalus baldas \u2013 puikus pasirinkimas tiems, kurie vertina stiling\u0105 dizain\u0105 ir kasdien\u012f funkcionalum\u0105. Spintel\u0117 \u017eavi matiniu \u017ealiu fasadu, kuris interjerui suteikia harmonijos ir gaivumo poj\u016bt\u012f. \u201eSorento D45\u201c spintel\u0117 taip pat pasi\u017eymi i\u0161rai\u0161kingomis detal\u0117mis. Juodo metalo rankena suteikia modernumo, sukurdama intriguojant\u012f kontrast\u0105 su nat\u016braliomis fasad\u0173 spalvomis. Spintel\u0117s konstrukcija paremta auk\u0161tos kokyb\u0117s laminuotomis lentomis, garantuojan\u010diomis ilgalaik\u012f pasitenkinim\u0105 pirkiniu. Laminavimas u\u017etikrina ne tik patvarum\u0105, bet ir atsparum\u0105 kasdieniam s\u0105ly\u010diui su dr\u0117gme ir nedideliems pa\u017eeidimams. \u0160io modelio funkcionalum\u0105 pabr\u0117\u017eia \u0161velniai u\u017esidaran\u010dios durel\u0117s, tod\u0117l j\u016bs\u0173 virtuv\u0117 tampa ramyb\u0117s ir komforto vieta. D\u0117l \u201eClip-On\u201c vyri\u0173 atidarymas ir u\u017edarymas yra sklandus ir tylus, tod\u0117l spintele lengviau naudotis kasdien. \u0160\u012f sprendim\u0105 ypa\u010d \u012fvertins \u017emon\u0117s, kuriems r\u016bpi ramyb\u0117 ir harmonija savo namuose.<\/p>","protected":false},"excerpt":{"rendered":"<p>Plotis (cm): 45<br \/>\n\u016agis (cm): 87<br \/>\nGylis (cm): 52<\/p>","protected":false},"featured_media":159903,"comment_status":"open","ping_status":"open","template":"","meta":[],"product_brand":[],"product_cat":[9436,4106],"product_tag":[],"class_list":{"0":"post-159902","1":"product","2":"type-product","3":"status-publish","4":"has-post-thumbnail","6":"product_cat-kitchen-system-sorento","7":"product_cat-gala-meble","9":"first","10":"instock","11":"purchasable","12":"product-type-simple"},"_links":{"self":[{"href":"https:\/\/baldumarket.lt\/lt\/wp-json\/wp\/v2\/product\/159902","targetHints":{"allow":["GET"]}}],"collection":[{"href":"https:\/\/baldumarket.lt\/lt\/wp-json\/wp\/v2\/product"}],"about":[{"href":"https:\/\/baldumarket.lt\/lt\/wp-json\/wp\/v2\/types\/product"}],"replies":[{"embeddable":true,"href":"https:\/\/baldumarket.lt\/lt\/wp-json\/wp\/v2\/comments?post=159902"}],"wp:featuredmedia":[{"embeddable":true,"href":"https:\/\/baldumarket.lt\/lt\/wp-json\/wp\/v2\/media\/159903"}],"wp:attachment":[{"href":"https:\/\/baldumarket.lt\/lt\/wp-json\/wp\/v2\/media?parent=159902"}],"wp:term":[{"taxonomy":"product_brand","embeddable":true,"href":"https:\/\/baldumarket.lt\/lt\/wp-json\/wp\/v2\/product_brand?post=159902"},{"taxonomy":"product_cat","embeddable":true,"href":"https:\/\/baldumarket.lt\/lt\/wp-json\/wp\/v2\/product_cat?post=159902"},{"taxonomy":"product_tag","embeddable":true,"href":"https:\/\/baldumarket.lt\/lt\/wp-json\/wp\/v2\/product_tag?post=159902"}],"curies":[{"name":"wp","href":"https:\/\/api.w.org\/{rel}","templated":true}]}}