{"id":159897,"date":"2025-12-19T00:52:44","date_gmt":"2025-12-18T21:52:44","guid":{"rendered":"https:\/\/baldumarket.lt\/product\/szafka-kuchenna-dolna-1s-sorento-d45-p-l-bialy-green\/"},"modified":"2026-02-18T11:16:48","modified_gmt":"2026-02-18T08:16:48","slug":"szafka-kuchenna-dolna-1s-sorento-d45-p-l-bialy-green","status":"publish","type":"product","link":"https:\/\/baldumarket.lt\/lt\/product\/szafka-kuchenna-dolna-1s-sorento-d45-p-l-bialy-green\/","title":{"rendered":"Apatin\u0117 virtuv\u0117s spintel\u0117 1S Sorento D45 P\/L Balta \u017dalia"},"content":{"rendered":"<p>Pasiruo\u0161kite atrasti nauj\u0105 dimensij\u0105 savo virtuv\u0117je su m\u016bs\u0173 1S Sorento D45 P\/L apatine virtuv\u0117s spintele, kuri su savo klasikiniu baltu korpusu ir eleganti\u0161ku \u017ealiu priekiu suteiks j\u016bs\u0173 interjerui unikalaus stiliaus. \u0160is unikalus 87 cm auk\u0161\u010dio ir 45 cm plo\u010dio baldas derina funkcionalum\u0105 su i\u0161skirtiniu dizainu, sukurdamas puiki\u0105 viet\u0105 j\u016bs\u0173 kulinariniams lobiams laikyti. Pagaminta i\u0161 laminuotos plok\u0161t\u0117s, spintel\u0117 pasi\u017eymi puikiu atsparumu pa\u017eeidimams, u\u017etikrinan\u010diu, kad ji tarnaus daugel\u012f met\u0173. Matin\u0117s baltos spalvos korpusas kartu su ry\u0161kiai \u017ealiu priekiu pritrauks d\u0117mes\u012f ir pagyvins erdv\u0119, paversdami virtuv\u0119 vieta, kurioje malonu leisti laik\u0105. Auk\u0161tos, reguliuojamos juodos kojel\u0117s suteikia modernumo ir palengvina valym\u0105 po spintele. \u0160velniai u\u017esidarantys u\u017espaud\u017eiami vyriai u\u017etikrina komfort\u0105 ir ramyb\u0119, idealiai tinka \u0161eimoms su vaikais. Eleganti\u0161ka juoda metalin\u0117 rankena ne tik suteikia spintelei charakterio, bet ir u\u017etikrina prakti\u0161kum\u0105 kasdien naudojant. D\u0117l lengvo koj\u0173 auk\u0161\u010dio reguliavimo spintel\u0119 galima pritaikyti prie individuali\u0173 j\u016bs\u0173 virtuv\u0117s poreiki\u0173, tod\u0117l ji yra ne tik esteti\u0161kai patraukli, bet ir funkcionali.<\/p>","protected":false},"excerpt":{"rendered":"<p>Plotis (cm): 45<br \/>\n\u016agis (cm): 87<br \/>\nGylis (cm): 52<\/p>","protected":false},"featured_media":159898,"comment_status":"open","ping_status":"open","template":"","meta":[],"product_brand":[],"product_cat":[9436,4106],"product_tag":[],"class_list":{"0":"post-159897","1":"product","2":"type-product","3":"status-publish","4":"has-post-thumbnail","6":"product_cat-kitchen-system-sorento","7":"product_cat-gala-meble","9":"first","10":"instock","11":"purchasable","12":"product-type-simple"},"_links":{"self":[{"href":"https:\/\/baldumarket.lt\/lt\/wp-json\/wp\/v2\/product\/159897","targetHints":{"allow":["GET"]}}],"collection":[{"href":"https:\/\/baldumarket.lt\/lt\/wp-json\/wp\/v2\/product"}],"about":[{"href":"https:\/\/baldumarket.lt\/lt\/wp-json\/wp\/v2\/types\/product"}],"replies":[{"embeddable":true,"href":"https:\/\/baldumarket.lt\/lt\/wp-json\/wp\/v2\/comments?post=159897"}],"wp:featuredmedia":[{"embeddable":true,"href":"https:\/\/baldumarket.lt\/lt\/wp-json\/wp\/v2\/media\/159898"}],"wp:attachment":[{"href":"https:\/\/baldumarket.lt\/lt\/wp-json\/wp\/v2\/media?parent=159897"}],"wp:term":[{"taxonomy":"product_brand","embeddable":true,"href":"https:\/\/baldumarket.lt\/lt\/wp-json\/wp\/v2\/product_brand?post=159897"},{"taxonomy":"product_cat","embeddable":true,"href":"https:\/\/baldumarket.lt\/lt\/wp-json\/wp\/v2\/product_cat?post=159897"},{"taxonomy":"product_tag","embeddable":true,"href":"https:\/\/baldumarket.lt\/lt\/wp-json\/wp\/v2\/product_tag?post=159897"}],"curies":[{"name":"wp","href":"https:\/\/api.w.org\/{rel}","templated":true}]}}