{"id":159892,"date":"2025-12-19T00:52:35","date_gmt":"2025-12-18T21:52:35","guid":{"rendered":"https:\/\/baldumarket.lt\/product\/szafka-kuchenna-dolna-1s-z-wkladem-do-segregacji-sorento-d60zs-ax-baltic-storm\/"},"modified":"2026-02-18T11:16:48","modified_gmt":"2026-02-18T08:16:48","slug":"szafka-kuchenna-dolna-1s-z-wkladem-do-segregacji-sorento-d60zs-ax-baltic-storm","status":"publish","type":"product","link":"https:\/\/baldumarket.lt\/lt\/product\/szafka-kuchenna-dolna-1s-z-wkladem-do-segregacji-sorento-d60zs-ax-baltic-storm\/","title":{"rendered":"Apatin\u0117 virtuv\u0117s spintel\u0117 1S su r\u016b\u0161iavimo \u012fd\u0117klu Sorento D60ZS AX Baltic Storm"},"content":{"rendered":"<p>Eleganti\u0161kos \u201eBaltic Storm\u201c spalvos apatin\u0117 virtuv\u0117s spintel\u0117 \u201eSorento D60ZS 1S\u201c su atliek\u0173 r\u016b\u0161iavimo \u012fd\u0117klu \u2013 puikus sprendimas moderniai virtuvei, derinantis funkcionalum\u0105 ir estetik\u0105. Minimalistinis dizainas puikiai tiks prie bet kokio interjero stiliaus \u2013 nuo klasikinio iki skandinavi\u0161ko, suteikdamas j\u016bs\u0173 interjerui modernumo. Kruop\u0161\u010diai pagaminta i\u0161 auk\u0161tos kokyb\u0117s laminuotos plok\u0161t\u0117s, spintel\u0117 yra ne tik patraukli, bet ir patvari bei atspari kasdieniam naudojimui. Gerai apgalvotas 87 cm auk\u0161\u010dio ir 60 cm plo\u010dio dizainas leid\u017eia jai skland\u017eiai integruotis su kitais virtuv\u0117s elementais, sukuriant darni\u0105 ir harmoning\u0105 visum\u0105. Auk\u0161tos, reguliuojamo auk\u0161\u010dio kojel\u0117s su minimalistine juoda apdaila pabr\u0117\u017eia modern\u0173 spintel\u0117s charakter\u012f, o 15 cm auk\u0161tis leid\u017eia pritaikyti erdv\u0119 pagal savo poreikius. \u0160ios kojel\u0117s labai palengvina grind\u0173 valym\u0105. Vienas did\u017eiausi\u0173 \u201eSorento\u201c spintel\u0117s privalum\u0173 \u2013 \u012fmontuota atliek\u0173 r\u016b\u0161iavimo sistema. Komplekte yra du 15 litr\u0173 konteineriai, leid\u017eiantys lengvai ir efektyviai tvarkyti virtuv\u0117s atliekas. D\u0117l tylaus veikimo ir \u0161velniai u\u017esidaran\u010di\u0173 dureli\u0173 naudotis spintele tampa malonumu, o j\u016bs galite sutelkti d\u0117mes\u012f \u012f maisto gaminim\u0105 ir laik\u0105 su artimaisiais.<\/p>","protected":false},"excerpt":{"rendered":"<p>Plotis (cm): 60<br \/>\n\u016agis (cm): 87<br \/>\nGylis (cm): 52<\/p>","protected":false},"featured_media":159893,"comment_status":"open","ping_status":"open","template":"","meta":[],"product_brand":[],"product_cat":[9436,4106],"product_tag":[],"class_list":{"0":"post-159892","1":"product","2":"type-product","3":"status-publish","4":"has-post-thumbnail","6":"product_cat-kitchen-system-sorento","7":"product_cat-gala-meble","9":"first","10":"instock","11":"purchasable","12":"product-type-simple"},"_links":{"self":[{"href":"https:\/\/baldumarket.lt\/lt\/wp-json\/wp\/v2\/product\/159892","targetHints":{"allow":["GET"]}}],"collection":[{"href":"https:\/\/baldumarket.lt\/lt\/wp-json\/wp\/v2\/product"}],"about":[{"href":"https:\/\/baldumarket.lt\/lt\/wp-json\/wp\/v2\/types\/product"}],"replies":[{"embeddable":true,"href":"https:\/\/baldumarket.lt\/lt\/wp-json\/wp\/v2\/comments?post=159892"}],"wp:featuredmedia":[{"embeddable":true,"href":"https:\/\/baldumarket.lt\/lt\/wp-json\/wp\/v2\/media\/159893"}],"wp:attachment":[{"href":"https:\/\/baldumarket.lt\/lt\/wp-json\/wp\/v2\/media?parent=159892"}],"wp:term":[{"taxonomy":"product_brand","embeddable":true,"href":"https:\/\/baldumarket.lt\/lt\/wp-json\/wp\/v2\/product_brand?post=159892"},{"taxonomy":"product_cat","embeddable":true,"href":"https:\/\/baldumarket.lt\/lt\/wp-json\/wp\/v2\/product_cat?post=159892"},{"taxonomy":"product_tag","embeddable":true,"href":"https:\/\/baldumarket.lt\/lt\/wp-json\/wp\/v2\/product_tag?post=159892"}],"curies":[{"name":"wp","href":"https:\/\/api.w.org\/{rel}","templated":true}]}}