{"id":159887,"date":"2025-12-19T00:52:25","date_gmt":"2025-12-18T21:52:25","guid":{"rendered":"https:\/\/baldumarket.lt\/product\/szafka-kuchenna-dolna-1s-z-wkladem-do-segregacji-sorento-d60zs-ax-baltic-storm-bezowy-mat\/"},"modified":"2026-02-18T11:16:48","modified_gmt":"2026-02-18T08:16:48","slug":"szafka-kuchenna-dolna-1s-z-wkladem-do-segregacji-sorento-d60zs-ax-baltic-storm-bezowy-mat","status":"publish","type":"product","link":"https:\/\/baldumarket.lt\/lt\/product\/szafka-kuchenna-dolna-1s-z-wkladem-do-segregacji-sorento-d60zs-ax-baltic-storm-bezowy-mat\/","title":{"rendered":"Apatin\u0117 virtuv\u0117s spintel\u0117 1S su r\u016b\u0161iavimo \u012fd\u0117klu Sorento D60ZS AX Baltic Storm Beige Matte"},"content":{"rendered":"<p>Kvie\u010diame atrasti nepaprast\u0105 elegancij\u0105 ir funkcionalum\u0105, kur\u012f si\u016blo 1S apatin\u0117 virtuv\u0117s spintel\u0117 su r\u016b\u0161iavimo \u012fd\u0117klu \u2019Baltic Storm\u201c ir sm\u0117lio spalvos matin\u0117s spalvos. \u0160is unikalus \u201eGa\u0142a Meble\u201c pasi\u016blymas j\u016bs\u0173 interjerui suteiks ne tik nesenstan\u010dio stiliaus, bet ir prakti\u0161k\u0173 sprendim\u0173, kurie kasdien\u0119 tvark\u0105 pavers tikru malonumu. Esteti\u0161kas matin\u0117s sm\u0117lio spalvos priekio ir \u201eBaltic Storm\u201c korpuso derinys sukuria harmoning\u0105 ir moderni\u0105 i\u0161vaizd\u0105, puikiai deran\u010di\u0105 su \u012fvairiais virtuv\u0117s dizainais. Tai ne tik baldas, bet ir tikras j\u016bs\u0173 virtuv\u0117s akcentas, d\u017eiuginantis tiek \u0161eimos narius, tiek sve\u010dius subtilia elegancija. \u0160ios spintel\u0117s funkcionalum\u0105 sustiprina juoda metalin\u0117 rankena ir prakti\u0161kos savyb\u0117s, tokios kaip atliek\u0173 r\u016b\u0161iavimo konteineris. D\u0117l \u0161velnaus u\u017edarymo sistemos ir pilno i\u0161traukimo b\u0117geli\u0173 kasdienis \u0161i\u0173 bald\u0173 naudojimas tampa patogesnis ir malonesnis. Tokios detal\u0117s rodo gamintoj\u0173 d\u0117mes\u012f kiekvienai detalei.<\/p>","protected":false},"excerpt":{"rendered":"<p>Plotis (cm): 60<br \/>\n\u016agis (cm): 87<br \/>\nGylis (cm): 52<\/p>","protected":false},"featured_media":159888,"comment_status":"open","ping_status":"open","template":"","meta":[],"product_brand":[],"product_cat":[9436,4106],"product_tag":[],"class_list":{"0":"post-159887","1":"product","2":"type-product","3":"status-publish","4":"has-post-thumbnail","6":"product_cat-kitchen-system-sorento","7":"product_cat-gala-meble","9":"first","10":"instock","11":"purchasable","12":"product-type-simple"},"_links":{"self":[{"href":"https:\/\/baldumarket.lt\/lt\/wp-json\/wp\/v2\/product\/159887","targetHints":{"allow":["GET"]}}],"collection":[{"href":"https:\/\/baldumarket.lt\/lt\/wp-json\/wp\/v2\/product"}],"about":[{"href":"https:\/\/baldumarket.lt\/lt\/wp-json\/wp\/v2\/types\/product"}],"replies":[{"embeddable":true,"href":"https:\/\/baldumarket.lt\/lt\/wp-json\/wp\/v2\/comments?post=159887"}],"wp:featuredmedia":[{"embeddable":true,"href":"https:\/\/baldumarket.lt\/lt\/wp-json\/wp\/v2\/media\/159888"}],"wp:attachment":[{"href":"https:\/\/baldumarket.lt\/lt\/wp-json\/wp\/v2\/media?parent=159887"}],"wp:term":[{"taxonomy":"product_brand","embeddable":true,"href":"https:\/\/baldumarket.lt\/lt\/wp-json\/wp\/v2\/product_brand?post=159887"},{"taxonomy":"product_cat","embeddable":true,"href":"https:\/\/baldumarket.lt\/lt\/wp-json\/wp\/v2\/product_cat?post=159887"},{"taxonomy":"product_tag","embeddable":true,"href":"https:\/\/baldumarket.lt\/lt\/wp-json\/wp\/v2\/product_tag?post=159887"}],"curies":[{"name":"wp","href":"https:\/\/api.w.org\/{rel}","templated":true}]}}